{"id":2455,"date":"2021-06-11T12:50:30","date_gmt":"2021-06-11T09:50:30","guid":{"rendered":"https:\/\/www.umutmekanik.com\/?page_id=2455"},"modified":"2021-06-14T14:08:18","modified_gmt":"2021-06-14T11:08:18","slug":"kizakli-karot-kesme-makinasi","status":"publish","type":"page","link":"https:\/\/umutmekanik.com\/index.php\/hizmet-alanlari\/genel-saha-isleri\/kizakli-karot-kesme-makinasi\/","title":{"rendered":"K\u0131zakl\u0131 Karot Kesme Makinas\u0131"},"content":{"rendered":"<p>[vc_row][vc_column]<div class=\"gallery-fs\"><figure><img decoding=\"async\" src=\"https:\/\/umutmekanik.com\/wp-content\/uploads\/2021\/06\/f051a798-eb7e-48de-bab7-68d01105f5ac.jpg\" alt=\"\"><figcaption><\/figcaption><\/figure><\/div>[\/vc_column][\/vc_row]<\/p>\n","protected":false},"excerpt":{"rendered":"<p>[vc_row][vc_column][\/vc_column][\/vc_row]<\/p>\n","protected":false},"author":1,"featured_media":0,"parent":2440,"menu_order":0,"comment_status":"closed","ping_status":"closed","template":"","meta":{"footnotes":""},"class_list":["post-2455","page","type-page","status-publish","hentry"],"_links":{"self":[{"href":"https:\/\/umutmekanik.com\/index.php\/wp-json\/wp\/v2\/pages\/2455","targetHints":{"allow":["GET"]}}],"collection":[{"href":"https:\/\/umutmekanik.com\/index.php\/wp-json\/wp\/v2\/pages"}],"about":[{"href":"https:\/\/umutmekanik.com\/index.php\/wp-json\/wp\/v2\/types\/page"}],"author":[{"embeddable":true,"href":"https:\/\/umutmekanik.com\/index.php\/wp-json\/wp\/v2\/users\/1"}],"replies":[{"embeddable":true,"href":"https:\/\/umutmekanik.com\/index.php\/wp-json\/wp\/v2\/comments?post=2455"}],"version-history":[{"count":2,"href":"https:\/\/umutmekanik.com\/index.php\/wp-json\/wp\/v2\/pages\/2455\/revisions"}],"predecessor-version":[{"id":2543,"href":"https:\/\/umutmekanik.com\/index.php\/wp-json\/wp\/v2\/pages\/2455\/revisions\/2543"}],"up":[{"embeddable":true,"href":"https:\/\/umutmekanik.com\/index.php\/wp-json\/wp\/v2\/pages\/2440"}],"wp:attachment":[{"href":"https:\/\/umutmekanik.com\/index.php\/wp-json\/wp\/v2\/media?parent=2455"}],"curies":[{"name":"wp","href":"https:\/\/api.w.org\/{rel}","templated":true}]}}