{"id":2452,"date":"2021-06-11T12:48:17","date_gmt":"2021-06-11T09:48:17","guid":{"rendered":"https:\/\/www.umutmekanik.com\/?page_id=2452"},"modified":"2021-08-11T12:07:05","modified_gmt":"2021-08-11T09:07:05","slug":"kavlak-sopasi","status":"publish","type":"page","link":"https:\/\/umutmekanik.com\/index.php\/hizmet-alanlari\/genel-saha-isleri\/kavlak-sopasi\/","title":{"rendered":"Kavlak Sopas\u0131"},"content":{"rendered":"<p>[vc_row][vc_column][vc_column_text]Yeralt\u0131 madencili\u011finde s\u0131kl\u0131kla meydana gelen kavlak olu\u015fumlar\u0131n\u0131 temizleme ve tasfiye etmek amac\u0131yla kullan\u0131lmaktad\u0131r. Kavlak sopas\u0131 , al\u00fcminyum yap\u0131s\u0131yla birlikte kolay kullan\u0131m avantaj\u0131 sa\u011fl\u0131yor hem de 4-6 metre uzakl\u0131ktaki her hangi bir kavlak olu\u015fumunu rahatl\u0131kla alabilme yetene\u011fine sahip olabiliyorsunuz .<\/p>\n<p>[\/vc_column_text][\/vc_column][\/vc_row][vc_row][vc_column width=&#8221;1\/2&#8243;][vc_column_text]<img loading=\"lazy\" decoding=\"async\" class=\"aligncenter wp-image-2650 size-large\" src=\"http:\/\/www.umutmekanik.com\/wp-content\/uploads\/2021\/08\/93e6cc8b-39c7-48b2-a291-c60ee18c6dc5-576x1024.jpg\" alt=\"\" width=\"576\" height=\"1024\" srcset=\"https:\/\/umutmekanik.com\/wp-content\/uploads\/2021\/08\/93e6cc8b-39c7-48b2-a291-c60ee18c6dc5-576x1024.jpg 576w, https:\/\/umutmekanik.com\/wp-content\/uploads\/2021\/08\/93e6cc8b-39c7-48b2-a291-c60ee18c6dc5-169x300.jpg 169w, https:\/\/umutmekanik.com\/wp-content\/uploads\/2021\/08\/93e6cc8b-39c7-48b2-a291-c60ee18c6dc5-768x1365.jpg 768w, https:\/\/umutmekanik.com\/wp-content\/uploads\/2021\/08\/93e6cc8b-39c7-48b2-a291-c60ee18c6dc5-864x1536.jpg 864w, https:\/\/umutmekanik.com\/wp-content\/uploads\/2021\/08\/93e6cc8b-39c7-48b2-a291-c60ee18c6dc5-600x1067.jpg 600w, https:\/\/umutmekanik.com\/wp-content\/uploads\/2021\/08\/93e6cc8b-39c7-48b2-a291-c60ee18c6dc5.jpg 1080w\" sizes=\"auto, (max-width: 576px) 100vw, 576px\" \/>[\/vc_column_text][\/vc_column][vc_column width=&#8221;1\/2&#8243;][vc_column_text]<img loading=\"lazy\" decoding=\"async\" class=\"aligncenter wp-image-2648 size-large\" src=\"http:\/\/www.umutmekanik.com\/wp-content\/uploads\/2021\/08\/6f3e58a1-4468-464c-af63-c511040b5e82-576x1024.jpg\" alt=\"\" width=\"576\" height=\"1024\" srcset=\"https:\/\/umutmekanik.com\/wp-content\/uploads\/2021\/08\/6f3e58a1-4468-464c-af63-c511040b5e82-576x1024.jpg 576w, https:\/\/umutmekanik.com\/wp-content\/uploads\/2021\/08\/6f3e58a1-4468-464c-af63-c511040b5e82-169x300.jpg 169w, https:\/\/umutmekanik.com\/wp-content\/uploads\/2021\/08\/6f3e58a1-4468-464c-af63-c511040b5e82-768x1365.jpg 768w, https:\/\/umutmekanik.com\/wp-content\/uploads\/2021\/08\/6f3e58a1-4468-464c-af63-c511040b5e82-864x1536.jpg 864w, https:\/\/umutmekanik.com\/wp-content\/uploads\/2021\/08\/6f3e58a1-4468-464c-af63-c511040b5e82-600x1067.jpg 600w, https:\/\/umutmekanik.com\/wp-content\/uploads\/2021\/08\/6f3e58a1-4468-464c-af63-c511040b5e82.jpg 1080w\" sizes=\"auto, (max-width: 576px) 100vw, 576px\" \/>[\/vc_column_text][\/vc_column][\/vc_row]<\/p>\n","protected":false},"excerpt":{"rendered":"<p>[vc_row][vc_column][vc_column_text]Yeralt\u0131 madencili\u011finde s\u0131kl\u0131kla meydana gelen kavlak olu\u015fumlar\u0131n\u0131 temizleme ve tasfiye etmek amac\u0131yla kullan\u0131lmaktad\u0131r. Kavlak sopas\u0131 , al\u00fcminyum yap\u0131s\u0131yla birlikte kolay kullan\u0131m avantaj\u0131 sa\u011fl\u0131yor hem de 4-6 metre uzakl\u0131ktaki her hangi bir kavlak olu\u015fumunu rahatl\u0131kla alabilme yetene\u011fine sahip olabiliyorsunuz . [\/vc_column_text][\/vc_column][\/vc_row][vc_row][vc_column &hellip;<\/p>\n","protected":false},"author":1,"featured_media":0,"parent":2440,"menu_order":0,"comment_status":"closed","ping_status":"closed","template":"","meta":{"footnotes":""},"class_list":["post-2452","page","type-page","status-publish","hentry"],"_links":{"self":[{"href":"https:\/\/umutmekanik.com\/index.php\/wp-json\/wp\/v2\/pages\/2452","targetHints":{"allow":["GET"]}}],"collection":[{"href":"https:\/\/umutmekanik.com\/index.php\/wp-json\/wp\/v2\/pages"}],"about":[{"href":"https:\/\/umutmekanik.com\/index.php\/wp-json\/wp\/v2\/types\/page"}],"author":[{"embeddable":true,"href":"https:\/\/umutmekanik.com\/index.php\/wp-json\/wp\/v2\/users\/1"}],"replies":[{"embeddable":true,"href":"https:\/\/umutmekanik.com\/index.php\/wp-json\/wp\/v2\/comments?post=2452"}],"version-history":[{"count":5,"href":"https:\/\/umutmekanik.com\/index.php\/wp-json\/wp\/v2\/pages\/2452\/revisions"}],"predecessor-version":[{"id":2651,"href":"https:\/\/umutmekanik.com\/index.php\/wp-json\/wp\/v2\/pages\/2452\/revisions\/2651"}],"up":[{"embeddable":true,"href":"https:\/\/umutmekanik.com\/index.php\/wp-json\/wp\/v2\/pages\/2440"}],"wp:attachment":[{"href":"https:\/\/umutmekanik.com\/index.php\/wp-json\/wp\/v2\/media?parent=2452"}],"curies":[{"name":"wp","href":"https:\/\/api.w.org\/{rel}","templated":true}]}}