{"id":2436,"date":"2021-06-11T12:07:13","date_gmt":"2021-06-11T09:07:13","guid":{"rendered":"https:\/\/www.umutmekanik.com\/?page_id=2436"},"modified":"2021-08-05T13:00:34","modified_gmt":"2021-08-05T10:00:34","slug":"mekanik-tesisat-montajlari","status":"publish","type":"page","link":"https:\/\/umutmekanik.com\/index.php\/hizmet-alanlari\/mekanik-tesisat-montajlari\/","title":{"rendered":"\u0130zmir Mekanik Tesisat Montajlar\u0131"},"content":{"rendered":"<p>[vc_row][vc_column]<div class=\"gallery-fs\"><figure><img decoding=\"async\" src=\"https:\/\/umutmekanik.com\/wp-content\/uploads\/2021\/06\/416df88a-1899-4ecc-b2f7-ad8cc2ae9d16.jpg\" alt=\"\"><figcaption><\/figcaption><\/figure><div class=\"gallery-fs-nav\"><button class=\"gallery-fs-fullscreen\"><i class=\"fa fa-arrows-alt\"><\/i><\/button><\/div><div class=\"gallery-fs-thumbnails gallery-fs-thumbnails-col-5 owl-carousel\"><a href='https:\/\/umutmekanik.com\/wp-content\/uploads\/2021\/06\/416df88a-1899-4ecc-b2f7-ad8cc2ae9d16.jpg' data-caption='' title='' class=\"selected\"><img loading=\"lazy\" decoding=\"async\" width=\"280\" height=\"210\" src=\"https:\/\/umutmekanik.com\/wp-content\/uploads\/2021\/06\/416df88a-1899-4ecc-b2f7-ad8cc2ae9d16-280x210.jpg\" class=\"attachment-anps-gallery-thumb size-anps-gallery-thumb\" alt=\"\" \/><\/a><a href='https:\/\/umutmekanik.com\/wp-content\/uploads\/2021\/06\/385655e0-9a11-46e2-a93c-def4175092b8.jpg' data-caption='' title=''><img loading=\"lazy\" decoding=\"async\" width=\"280\" height=\"210\" src=\"https:\/\/umutmekanik.com\/wp-content\/uploads\/2021\/06\/385655e0-9a11-46e2-a93c-def4175092b8-280x210.jpg\" class=\"attachment-anps-gallery-thumb size-anps-gallery-thumb\" alt=\"\" \/><\/a><a href='https:\/\/umutmekanik.com\/wp-content\/uploads\/2021\/06\/IMG-20210331-WA0001.jpg' data-caption='' title=''><img loading=\"lazy\" decoding=\"async\" width=\"280\" height=\"210\" src=\"https:\/\/umutmekanik.com\/wp-content\/uploads\/2021\/06\/IMG-20210331-WA0001-280x210.jpg\" class=\"attachment-anps-gallery-thumb size-anps-gallery-thumb\" alt=\"\" \/><\/a><a href='https:\/\/umutmekanik.com\/wp-content\/uploads\/2021\/06\/IMG-20210331-WA0003.jpg' data-caption='' title=''><img loading=\"lazy\" decoding=\"async\" width=\"280\" height=\"210\" src=\"https:\/\/umutmekanik.com\/wp-content\/uploads\/2021\/06\/IMG-20210331-WA0003-280x210.jpg\" class=\"attachment-anps-gallery-thumb size-anps-gallery-thumb\" alt=\"\" \/><\/a><a href='https:\/\/umutmekanik.com\/wp-content\/uploads\/2021\/08\/1413d396-3ea7-4bcf-a1df-f43a41d1c2ad.jpg' data-caption='Umut Mekanik' title='Umut Mekanik'><img loading=\"lazy\" decoding=\"async\" width=\"280\" height=\"210\" src=\"https:\/\/umutmekanik.com\/wp-content\/uploads\/2021\/08\/1413d396-3ea7-4bcf-a1df-f43a41d1c2ad-280x210.jpg\" class=\"attachment-anps-gallery-thumb size-anps-gallery-thumb\" alt=\"\" \/><\/a><\/div><\/div>[\/vc_column][\/vc_row][vc_row][vc_column][vc_custom_heading text=&#8221;\u0130zmir Mekanik Tesisat Montajlar\u0131&#8221;][vc_column_text]<strong>\u0130zmir Mekanik Tesisat<\/strong>\u00a0in\u015faat i\u015flerinde ya\u015fam standartlar\u0131n\u0131 ve rahatl\u0131\u011f\u0131 artt\u0131rmaya y\u00f6nelik yap\u0131lan ve yap\u0131n\u0131n i\u00e7ini olu\u015fturan projelerin b\u00fct\u00fcn\u00fcd\u00fcr. Makine m\u00fchendisli\u011finin i\u015f alan\u0131na giren m\u00fchendislik dal\u0131d\u0131r.<\/p>\n<h2><strong>\u0130zmir Mekanik tesisat hizmetlerini a\u015fa\u011f\u0131daki gibi s\u0131ralayabiliriz.<\/strong><\/h2>\n<p>&nbsp;<\/p>\n<ul type=\"disc\">\n<li>&#8211; \u00c7elik Boru Tesisat\u0131<\/li>\n<li>\u2013 HDPE Boru Tesisat\u0131<\/li>\n<li>\u2013 Yang\u0131n Hatt\u0131 Tesisat\u0131<\/li>\n<li>\u2013 Bas\u0131n\u00e7l\u0131 Hava Tesisat\u0131<\/li>\n<li>\u2013 PVC Boru Tesisatlar\u0131<\/li>\n<li>\u2013 Pompa Montajlar\u0131 &amp; Borulama \u0130\u015fleri<\/li>\n<li>\u2013 Victoulic Hat Montajlar\u0131<\/li>\n<li>\u2013 Galvaniz Di\u015fli Hat Montajlar\u0131<\/li>\n<\/ul>\n<p>In\u015faat, yap\u0131 i\u015flerinde makine m\u00fchendisli\u011fi i\u015f alan\u0131na giren \u0131s\u0131tma, so\u011futma, havaland\u0131rma ve yang\u0131n s\u00f6nd\u00fcrme sistemleri i\u015flerinin t\u00fcm\u00fcd\u00fcr. Mekanik tesisat\u0131n\u0131, makine m\u00fchendisi ve teknik ressamlar haz\u0131rlar.<\/p>\n<p><strong>\u0130zmir Mekanik tesisat<\/strong>, in\u015faat sekt\u00f6r\u00fcndeki statik, mimari, elektrik ve mekanik olmak \u00fczere 4 temel proje b\u00f6l\u00fcmlerinden birisidir.<\/p>\n<p>Son d\u00f6nemlerde elektromekanik olarak elektrik tesisat projeleri ile neredeyse birle\u015ferek birlikte \u00e7al\u0131\u015fan iki temel haline gelmi\u015ftir. Mekanik tesisat projeleri\u2019 de makine m\u00fchendisleri ve teknik ressamlarca haz\u0131rlan\u0131r. Yap\u0131lar\u0131n, end\u00fcstriyel tesislerin mekanik altyap\u0131s\u0131n\u0131 tayin eden bu projelerde, binan\u0131n \u0131s\u0131tma, so\u011futma, havaland\u0131rma, yang\u0131n \u00f6nleme sisteminin nas\u0131l olaca\u011f\u0131 ve bunlara ait cihaz t\u00fcrleri ve g\u00fc\u00e7leri ile, binan\u0131n temiz su ve kanalizasyon hatlar\u0131n\u0131n nerelerden ge\u00e7ece\u011fi belirtilir.<\/p>\n<p><strong>\u0130zmir Mekanik Tesisat Sistemleri Nelerdir?<\/strong><\/p>\n<p>\u0130zmir Mekanik Tesisat; yap\u0131, in\u015faat, end\u00fcstriyel tesis i\u015flerinde ya\u015fam standartlar\u0131n\u0131 ve konforu artt\u0131rmaya y\u00f6nelik yap\u0131lan ve yap\u0131n\u0131n i\u00e7 sistemini olu\u015fturan bile\u015fenlerin tamam\u0131n\u0131 kapsar. Dolay\u0131s\u0131yla her bir sistemin birbiriyle uyumlu olmas\u0131n\u0131 ve birbirini destekler olarak \u00e7al\u0131\u015f\u0131p, tam kalitesini olu\u015fturmas\u0131 \u00f6nem kazanmaktad\u0131r.<\/p>\n<p>&nbsp;<\/p>\n<ul type=\"disc\">\n<li>\u2022 Konforlu \u015fartlar<\/li>\n<li>\u2022 Fonksiyonellik<\/li>\n<li>\u2022 G\u00fcvenilirlik<\/li>\n<li>\u2022 Sa\u011flaml\u0131k ve Uzun \u00d6m\u00fcr<\/li>\n<li>\u2022 \u0130leri teknolojiye uygunluk<\/li>\n<li>\u2022 \u0130lk yat\u0131r\u0131m i\u00e7in d\u00fc\u015f\u00fck maliyetler<\/li>\n<li>\u2022 Uygulama kolayl\u0131\u011f\u0131<\/li>\n<li>\u2022 Montaj, onar\u0131m, bak\u0131m kolayl\u0131\u011f\u0131<\/li>\n<li>\u2022 Kullan\u0131m kolayl\u0131\u011f\u0131<\/li>\n<li>\u2022 Geni\u015flemeye elveri\u015flilik<\/li>\n<li>\u2022 Su ve Enerji tasarrufu<\/li>\n<li>\u2022 \u00c7evre hassasiyeti<\/li>\n<li>\u2022 Sat\u0131\u015f sonras\u0131 montaj, servis deste\u011finin etkinli\u011fi<\/li>\n<li>\u2022 Markan\u0131n, \u00fcr\u00fcn\u00fcn s\u00fcrd\u00fcr\u00fclebilirli\u011fi<\/li>\n<\/ul>\n<p>&nbsp;<\/p>\n<p>&nbsp;<\/p>\n<h2><strong>Mekanik Tesisat Sistemleri<\/strong>\u00a07 B\u00f6l\u00fcmden Olu\u015fur.<\/h2>\n<h2><\/h2>\n<ol>\n<li><strong>1. Is\u0131tma sistemi:\u00a0<\/strong>Yap\u0131n\u0131n \u0131s\u0131nmas\u0131n\u0131 sa\u011flayan k\u0131s\u0131mlar\u0131 kapsar. Is\u0131tma kazanlar\u0131 veya di\u011fer \u0131s\u0131tma donan\u0131mlar\u0131 ayr\u0131ca radyat\u00f6r, fan-coil, konvekt\u00f6rleri kaps\u0131yor.<\/li>\n<li><strong>2. So\u011futma-Klima sistemi:<\/strong>\u00a0Yap\u0131n\u0131n s\u0131cak zamanlarda so\u011futulmas\u0131n\u0131 sa\u011flayan sistemleri kapsar. Klima cihaz\u0131 vb. ve Fan coil, klima cihazlar\u0131n\u0131 kapsar.<\/li>\n<li><strong>3. Havaland\u0131rma sistemi:<\/strong>\u00a0Yap\u0131 i\u00e7erisindeki havan\u0131n taze ve temiz olarak tutmas\u0131n\u0131 kirli havan\u0131n d\u0131\u015far\u0131 at\u0131lmas\u0131n\u0131 sa\u011flar. Havaland\u0131rma sistemi i\u00e7erisinde klima santralleri, fanlar yer al\u0131yor.<\/li>\n<li><strong>4. Temiz su sistemi:<\/strong>\u00a0Suyun Ar\u0131t\u0131lm\u0131\u015f Haline temiz su denir. Su depolar\u0131 ayn\u0131 zamanda su ar\u0131tma ve su yumu\u015fatma sistemleridir. Kullan\u0131m suyu ve i\u00e7me suyu sistemlerini kapsar.<\/li>\n<li><strong>5. At\u0131k su sistemi:<\/strong>\u00a0Yap\u0131da olu\u015fan at\u0131k sular\u0131n g\u00fcvenli, konforlu bir \u015fekilde binan\u0131n d\u0131\u015f\u0131na ula\u015ft\u0131r\u0131lmas\u0131n\u0131 sa\u011flar. Binan\u0131n kanalizasyon ve su giderleri ile ilgilidir.<\/li>\n<li><strong>6. S\u0131cak su sistemi:<\/strong>\u00a0Temizlikte, y\u0131kanmada veya ihtiya\u00e7lar i\u00e7in gerekli olan s\u0131cak suyun \u00fcretilmesini sa\u011flar. Do\u011falgaz, k\u00f6m\u00fcr mazot gibi s\u0131cak su \u00fcretme sistemlerini kaps\u0131yor.<\/li>\n<li><strong>7. Yang\u0131n s\u00f6nd\u00fcrme sistemi:<\/strong>\u00a0Yang\u0131n \u00e7\u0131kmas\u0131 halinde k\u0131sa s\u00fcrede m\u00fcdahale edebilmeyi sa\u011flayan sistemlerdir.<\/li>\n<\/ol>\n<p>[\/vc_column_text][\/vc_column][\/vc_row]<\/p>\n","protected":false},"excerpt":{"rendered":"<p>[vc_row][vc_column][\/vc_column][\/vc_row][vc_row][vc_column][vc_custom_heading text=&#8221;\u0130zmir Mekanik Tesisat Montajlar\u0131&#8221;][vc_column_text]\u0130zmir Mekanik Tesisat\u00a0in\u015faat i\u015flerinde ya\u015fam standartlar\u0131n\u0131 ve rahatl\u0131\u011f\u0131 artt\u0131rmaya y\u00f6nelik yap\u0131lan ve yap\u0131n\u0131n i\u00e7ini olu\u015fturan projelerin b\u00fct\u00fcn\u00fcd\u00fcr. Makine m\u00fchendisli\u011finin i\u015f alan\u0131na giren m\u00fchendislik dal\u0131d\u0131r. \u0130zmir Mekanik tesisat hizmetlerini a\u015fa\u011f\u0131daki gibi s\u0131ralayabiliriz. &nbsp; &#8211; \u00c7elik Boru Tesisat\u0131 &hellip;<\/p>\n","protected":false},"author":1,"featured_media":0,"parent":1436,"menu_order":0,"comment_status":"closed","ping_status":"closed","template":"","meta":{"footnotes":""},"class_list":["post-2436","page","type-page","status-publish","hentry"],"_links":{"self":[{"href":"https:\/\/umutmekanik.com\/index.php\/wp-json\/wp\/v2\/pages\/2436","targetHints":{"allow":["GET"]}}],"collection":[{"href":"https:\/\/umutmekanik.com\/index.php\/wp-json\/wp\/v2\/pages"}],"about":[{"href":"https:\/\/umutmekanik.com\/index.php\/wp-json\/wp\/v2\/types\/page"}],"author":[{"embeddable":true,"href":"https:\/\/umutmekanik.com\/index.php\/wp-json\/wp\/v2\/users\/1"}],"replies":[{"embeddable":true,"href":"https:\/\/umutmekanik.com\/index.php\/wp-json\/wp\/v2\/comments?post=2436"}],"version-history":[{"count":9,"href":"https:\/\/umutmekanik.com\/index.php\/wp-json\/wp\/v2\/pages\/2436\/revisions"}],"predecessor-version":[{"id":2611,"href":"https:\/\/umutmekanik.com\/index.php\/wp-json\/wp\/v2\/pages\/2436\/revisions\/2611"}],"up":[{"embeddable":true,"href":"https:\/\/umutmekanik.com\/index.php\/wp-json\/wp\/v2\/pages\/1436"}],"wp:attachment":[{"href":"https:\/\/umutmekanik.com\/index.php\/wp-json\/wp\/v2\/media?parent=2436"}],"curies":[{"name":"wp","href":"https:\/\/api.w.org\/{rel}","templated":true}]}}