{"id":2433,"date":"2021-06-11T12:05:30","date_gmt":"2021-06-11T09:05:30","guid":{"rendered":"https:\/\/www.umutmekanik.com\/?page_id=2433"},"modified":"2021-08-05T13:01:23","modified_gmt":"2021-08-05T10:01:23","slug":"hdpe-hat-montajilari","status":"publish","type":"page","link":"https:\/\/umutmekanik.com\/index.php\/hizmet-alanlari\/hdpe-hat-montajilari\/","title":{"rendered":"hdpe hat montaj\u0131lar\u0131"},"content":{"rendered":"<p>[vc_row][vc_column]<div class=\"gallery-fs\"><figure><img decoding=\"async\" src=\"https:\/\/umutmekanik.com\/wp-content\/uploads\/2021\/06\/20201211_151414-scaled.jpg\" alt=\"\"><figcaption><\/figcaption><\/figure><div class=\"gallery-fs-nav\"><button class=\"gallery-fs-fullscreen\"><i class=\"fa fa-arrows-alt\"><\/i><\/button><\/div><div class=\"gallery-fs-thumbnails gallery-fs-thumbnails-col-5 owl-carousel\"><a href='https:\/\/umutmekanik.com\/wp-content\/uploads\/2021\/06\/20201211_151414-scaled.jpg' data-caption='' title='' class=\"selected\"><img loading=\"lazy\" decoding=\"async\" width=\"280\" height=\"210\" src=\"https:\/\/umutmekanik.com\/wp-content\/uploads\/2021\/06\/20201211_151414-280x210.jpg\" class=\"attachment-anps-gallery-thumb size-anps-gallery-thumb\" alt=\"\" srcset=\"https:\/\/umutmekanik.com\/wp-content\/uploads\/2021\/06\/20201211_151414-280x210.jpg 280w, https:\/\/umutmekanik.com\/wp-content\/uploads\/2021\/06\/20201211_151414-300x225.jpg 300w, https:\/\/umutmekanik.com\/wp-content\/uploads\/2021\/06\/20201211_151414-1024x768.jpg 1024w, https:\/\/umutmekanik.com\/wp-content\/uploads\/2021\/06\/20201211_151414-768x576.jpg 768w, https:\/\/umutmekanik.com\/wp-content\/uploads\/2021\/06\/20201211_151414-1536x1152.jpg 1536w, https:\/\/umutmekanik.com\/wp-content\/uploads\/2021\/06\/20201211_151414-2048x1536.jpg 2048w, https:\/\/umutmekanik.com\/wp-content\/uploads\/2021\/06\/20201211_151414-600x450.jpg 600w\" sizes=\"auto, (max-width: 280px) 100vw, 280px\" \/><\/a><a href='https:\/\/umutmekanik.com\/wp-content\/uploads\/2021\/06\/20201211_151407-scaled.jpg' data-caption='' title=''><img loading=\"lazy\" decoding=\"async\" width=\"280\" height=\"210\" src=\"https:\/\/umutmekanik.com\/wp-content\/uploads\/2021\/06\/20201211_151407-280x210.jpg\" class=\"attachment-anps-gallery-thumb size-anps-gallery-thumb\" alt=\"\" srcset=\"https:\/\/umutmekanik.com\/wp-content\/uploads\/2021\/06\/20201211_151407-280x210.jpg 280w, https:\/\/umutmekanik.com\/wp-content\/uploads\/2021\/06\/20201211_151407-300x225.jpg 300w, https:\/\/umutmekanik.com\/wp-content\/uploads\/2021\/06\/20201211_151407-1024x768.jpg 1024w, https:\/\/umutmekanik.com\/wp-content\/uploads\/2021\/06\/20201211_151407-768x576.jpg 768w, https:\/\/umutmekanik.com\/wp-content\/uploads\/2021\/06\/20201211_151407-1536x1152.jpg 1536w, https:\/\/umutmekanik.com\/wp-content\/uploads\/2021\/06\/20201211_151407-2048x1536.jpg 2048w, https:\/\/umutmekanik.com\/wp-content\/uploads\/2021\/06\/20201211_151407-600x450.jpg 600w\" sizes=\"auto, (max-width: 280px) 100vw, 280px\" \/><\/a><a href='https:\/\/umutmekanik.com\/wp-content\/uploads\/2021\/06\/20201211_151400-scaled.jpg' data-caption='' title=''><img loading=\"lazy\" decoding=\"async\" width=\"280\" height=\"210\" src=\"https:\/\/umutmekanik.com\/wp-content\/uploads\/2021\/06\/20201211_151400-280x210.jpg\" class=\"attachment-anps-gallery-thumb size-anps-gallery-thumb\" alt=\"\" srcset=\"https:\/\/umutmekanik.com\/wp-content\/uploads\/2021\/06\/20201211_151400-280x210.jpg 280w, https:\/\/umutmekanik.com\/wp-content\/uploads\/2021\/06\/20201211_151400-300x225.jpg 300w, https:\/\/umutmekanik.com\/wp-content\/uploads\/2021\/06\/20201211_151400-1024x768.jpg 1024w, https:\/\/umutmekanik.com\/wp-content\/uploads\/2021\/06\/20201211_151400-768x576.jpg 768w, https:\/\/umutmekanik.com\/wp-content\/uploads\/2021\/06\/20201211_151400-1536x1152.jpg 1536w, https:\/\/umutmekanik.com\/wp-content\/uploads\/2021\/06\/20201211_151400-2048x1536.jpg 2048w, https:\/\/umutmekanik.com\/wp-content\/uploads\/2021\/06\/20201211_151400-600x450.jpg 600w\" sizes=\"auto, (max-width: 280px) 100vw, 280px\" \/><\/a><a href='https:\/\/umutmekanik.com\/wp-content\/uploads\/2021\/06\/20201230_144127-scaled.jpg' data-caption='' title=''><img loading=\"lazy\" decoding=\"async\" width=\"280\" height=\"210\" src=\"https:\/\/umutmekanik.com\/wp-content\/uploads\/2021\/06\/20201230_144127-280x210.jpg\" class=\"attachment-anps-gallery-thumb size-anps-gallery-thumb\" alt=\"\" srcset=\"https:\/\/umutmekanik.com\/wp-content\/uploads\/2021\/06\/20201230_144127-280x210.jpg 280w, https:\/\/umutmekanik.com\/wp-content\/uploads\/2021\/06\/20201230_144127-300x225.jpg 300w, https:\/\/umutmekanik.com\/wp-content\/uploads\/2021\/06\/20201230_144127-1024x768.jpg 1024w, https:\/\/umutmekanik.com\/wp-content\/uploads\/2021\/06\/20201230_144127-768x576.jpg 768w, https:\/\/umutmekanik.com\/wp-content\/uploads\/2021\/06\/20201230_144127-1536x1152.jpg 1536w, https:\/\/umutmekanik.com\/wp-content\/uploads\/2021\/06\/20201230_144127-2048x1536.jpg 2048w, https:\/\/umutmekanik.com\/wp-content\/uploads\/2021\/06\/20201230_144127-600x450.jpg 600w\" sizes=\"auto, (max-width: 280px) 100vw, 280px\" \/><\/a><a href='https:\/\/umutmekanik.com\/wp-content\/uploads\/2021\/06\/20210108_133321-scaled.jpg' data-caption='' title=''><img loading=\"lazy\" decoding=\"async\" width=\"280\" height=\"210\" src=\"https:\/\/umutmekanik.com\/wp-content\/uploads\/2021\/06\/20210108_133321-280x210.jpg\" class=\"attachment-anps-gallery-thumb size-anps-gallery-thumb\" alt=\"\" srcset=\"https:\/\/umutmekanik.com\/wp-content\/uploads\/2021\/06\/20210108_133321-280x210.jpg 280w, https:\/\/umutmekanik.com\/wp-content\/uploads\/2021\/06\/20210108_133321-300x225.jpg 300w, https:\/\/umutmekanik.com\/wp-content\/uploads\/2021\/06\/20210108_133321-1024x768.jpg 1024w, https:\/\/umutmekanik.com\/wp-content\/uploads\/2021\/06\/20210108_133321-768x576.jpg 768w, https:\/\/umutmekanik.com\/wp-content\/uploads\/2021\/06\/20210108_133321-1536x1152.jpg 1536w, https:\/\/umutmekanik.com\/wp-content\/uploads\/2021\/06\/20210108_133321-2048x1536.jpg 2048w, https:\/\/umutmekanik.com\/wp-content\/uploads\/2021\/06\/20210108_133321-600x450.jpg 600w\" sizes=\"auto, (max-width: 280px) 100vw, 280px\" \/><\/a><a href='https:\/\/umutmekanik.com\/wp-content\/uploads\/2021\/06\/20201211_151334-scaled.jpg' data-caption='' title=''><img loading=\"lazy\" decoding=\"async\" width=\"280\" height=\"210\" src=\"https:\/\/umutmekanik.com\/wp-content\/uploads\/2021\/06\/20201211_151334-280x210.jpg\" class=\"attachment-anps-gallery-thumb size-anps-gallery-thumb\" alt=\"\" srcset=\"https:\/\/umutmekanik.com\/wp-content\/uploads\/2021\/06\/20201211_151334-280x210.jpg 280w, https:\/\/umutmekanik.com\/wp-content\/uploads\/2021\/06\/20201211_151334-300x225.jpg 300w, https:\/\/umutmekanik.com\/wp-content\/uploads\/2021\/06\/20201211_151334-1024x768.jpg 1024w, https:\/\/umutmekanik.com\/wp-content\/uploads\/2021\/06\/20201211_151334-768x576.jpg 768w, https:\/\/umutmekanik.com\/wp-content\/uploads\/2021\/06\/20201211_151334-1536x1152.jpg 1536w, https:\/\/umutmekanik.com\/wp-content\/uploads\/2021\/06\/20201211_151334-2048x1536.jpg 2048w, https:\/\/umutmekanik.com\/wp-content\/uploads\/2021\/06\/20201211_151334-600x450.jpg 600w\" sizes=\"auto, (max-width: 280px) 100vw, 280px\" \/><\/a><a href='https:\/\/umutmekanik.com\/wp-content\/uploads\/2021\/06\/20201211_175950-scaled.jpg' data-caption='' title=''><img loading=\"lazy\" decoding=\"async\" width=\"280\" height=\"210\" src=\"https:\/\/umutmekanik.com\/wp-content\/uploads\/2021\/06\/20201211_175950-280x210.jpg\" class=\"attachment-anps-gallery-thumb size-anps-gallery-thumb\" alt=\"\" srcset=\"https:\/\/umutmekanik.com\/wp-content\/uploads\/2021\/06\/20201211_175950-280x210.jpg 280w, https:\/\/umutmekanik.com\/wp-content\/uploads\/2021\/06\/20201211_175950-300x225.jpg 300w, https:\/\/umutmekanik.com\/wp-content\/uploads\/2021\/06\/20201211_175950-1024x768.jpg 1024w, https:\/\/umutmekanik.com\/wp-content\/uploads\/2021\/06\/20201211_175950-768x576.jpg 768w, https:\/\/umutmekanik.com\/wp-content\/uploads\/2021\/06\/20201211_175950-1536x1152.jpg 1536w, https:\/\/umutmekanik.com\/wp-content\/uploads\/2021\/06\/20201211_175950-2048x1536.jpg 2048w, https:\/\/umutmekanik.com\/wp-content\/uploads\/2021\/06\/20201211_175950-600x450.jpg 600w\" sizes=\"auto, (max-width: 280px) 100vw, 280px\" \/><\/a><a href='https:\/\/umutmekanik.com\/wp-content\/uploads\/2021\/06\/20201210_162238-scaled.jpg' data-caption='' title=''><img loading=\"lazy\" decoding=\"async\" width=\"280\" height=\"210\" src=\"https:\/\/umutmekanik.com\/wp-content\/uploads\/2021\/06\/20201210_162238-280x210.jpg\" class=\"attachment-anps-gallery-thumb size-anps-gallery-thumb\" alt=\"\" srcset=\"https:\/\/umutmekanik.com\/wp-content\/uploads\/2021\/06\/20201210_162238-280x210.jpg 280w, https:\/\/umutmekanik.com\/wp-content\/uploads\/2021\/06\/20201210_162238-300x225.jpg 300w, https:\/\/umutmekanik.com\/wp-content\/uploads\/2021\/06\/20201210_162238-1024x768.jpg 1024w, https:\/\/umutmekanik.com\/wp-content\/uploads\/2021\/06\/20201210_162238-768x576.jpg 768w, https:\/\/umutmekanik.com\/wp-content\/uploads\/2021\/06\/20201210_162238-1536x1152.jpg 1536w, https:\/\/umutmekanik.com\/wp-content\/uploads\/2021\/06\/20201210_162238-2048x1536.jpg 2048w, https:\/\/umutmekanik.com\/wp-content\/uploads\/2021\/06\/20201210_162238-600x450.jpg 600w\" sizes=\"auto, (max-width: 280px) 100vw, 280px\" \/><\/a><\/div><\/div>[\/vc_column][\/vc_row][vc_row][vc_column][vc_custom_heading][vc_column_text]Hdpe boru hem kullan\u0131m alan\u0131 hem de kullan\u0131m \u00f6mr\u00fc a\u00e7\u0131s\u0131ndan g\u00fcn\u00fcm\u00fcz\u00fcn teknolojisidir. Tuzlu suda , temiz suda , pis suda ,Ar\u0131tma tesislerinde ,\u00c7amur hatlar\u0131nda , asit hatlar\u0131nda , bas\u0131n\u00e7l\u0131 hatlarda ve end\u00fcstriyel ortam i\u00e7in kullan\u0131m\u0131 olduk\u00e7a uygundur , Firmam\u0131z b\u00fcnyesinde bulunan ekipmanlar yard\u0131m\u0131yla Hdpe boru birle\u015ftirmelerini al\u0131n kaynakl\u0131 ve Elektrof\u00fczyon olarak 2 \u015fekilde de yapabilmekteyiz. Kollekt\u00f6r imalatlar\u0131 ve hdpe borulama i\u015flemlerini edindi\u011fimiz tecr\u00fcbeler ile birlikte ak\u0131lc\u0131 ve kolayc\u0131 bir \u015fekilde uygulamalar\u0131n\u0131 yapmaktay\u0131z.[\/vc_column_text][\/vc_column][\/vc_row][vc_row][vc_column width=&#8221;1\/2&#8243;][vc_custom_heading][vc_tta_accordion][vc_tta_section title=&#8221;Section 1&#8243; tab_id=&#8221;1623402318962-68cbbe34-204f&#8221;][\/vc_tta_section][vc_tta_section title=&#8221;Section 2&#8243; tab_id=&#8221;1623402318989-c0ae33d7-ae2d&#8221;][\/vc_tta_section][\/vc_tta_accordion][\/vc_column][vc_column width=&#8221;1\/2&#8243;][vc_custom_heading][vc_column_text]<\/p>\n<p>I am text block. Click edit button to change this text. Lorem ipsum dolor sit amet, consectetur adipiscing elit. Ut elit tellus, luctus nec ullamcorper mattis, pulvinar dapibus leo.<\/p>\n<p>[\/vc_column_text][\/vc_column][\/vc_row]<\/p>\n","protected":false},"excerpt":{"rendered":"<p>[vc_row][vc_column][\/vc_column][\/vc_row][vc_row][vc_column][vc_custom_heading][vc_column_text]Hdpe boru hem kullan\u0131m alan\u0131 hem de kullan\u0131m \u00f6mr\u00fc a\u00e7\u0131s\u0131ndan g\u00fcn\u00fcm\u00fcz\u00fcn teknolojisidir. Tuzlu suda , temiz suda , pis suda ,Ar\u0131tma tesislerinde ,\u00c7amur hatlar\u0131nda , asit hatlar\u0131nda , bas\u0131n\u00e7l\u0131 hatlarda ve end\u00fcstriyel ortam i\u00e7in kullan\u0131m\u0131 olduk\u00e7a uygundur , Firmam\u0131z b\u00fcnyesinde &hellip;<\/p>\n","protected":false},"author":1,"featured_media":0,"parent":1436,"menu_order":0,"comment_status":"closed","ping_status":"closed","template":"","meta":{"footnotes":""},"class_list":["post-2433","page","type-page","status-publish","hentry"],"_links":{"self":[{"href":"https:\/\/umutmekanik.com\/index.php\/wp-json\/wp\/v2\/pages\/2433","targetHints":{"allow":["GET"]}}],"collection":[{"href":"https:\/\/umutmekanik.com\/index.php\/wp-json\/wp\/v2\/pages"}],"about":[{"href":"https:\/\/umutmekanik.com\/index.php\/wp-json\/wp\/v2\/types\/page"}],"author":[{"embeddable":true,"href":"https:\/\/umutmekanik.com\/index.php\/wp-json\/wp\/v2\/users\/1"}],"replies":[{"embeddable":true,"href":"https:\/\/umutmekanik.com\/index.php\/wp-json\/wp\/v2\/comments?post=2433"}],"version-history":[{"count":3,"href":"https:\/\/umutmekanik.com\/index.php\/wp-json\/wp\/v2\/pages\/2433\/revisions"}],"predecessor-version":[{"id":2612,"href":"https:\/\/umutmekanik.com\/index.php\/wp-json\/wp\/v2\/pages\/2433\/revisions\/2612"}],"up":[{"embeddable":true,"href":"https:\/\/umutmekanik.com\/index.php\/wp-json\/wp\/v2\/pages\/1436"}],"wp:attachment":[{"href":"https:\/\/umutmekanik.com\/index.php\/wp-json\/wp\/v2\/media?parent=2433"}],"curies":[{"name":"wp","href":"https:\/\/api.w.org\/{rel}","templated":true}]}}