{"id":2430,"date":"2021-06-11T12:00:46","date_gmt":"2021-06-11T09:00:46","guid":{"rendered":"https:\/\/www.umutmekanik.com\/?page_id=2430"},"modified":"2021-06-25T14:35:25","modified_gmt":"2021-06-25T11:35:25","slug":"basincli-hava-tanki-imalati","status":"publish","type":"page","link":"https:\/\/umutmekanik.com\/index.php\/hizmet-alanlari\/basincli-hava-tanki-imalati\/","title":{"rendered":"\u0130zmir Bas\u0131n\u00e7l\u0131 Hava Tank\u0131 \u0130malat\u0131"},"content":{"rendered":"<p>[vc_row][vc_column]<div class=\"gallery-fs\"><figure><img decoding=\"async\" src=\"https:\/\/umutmekanik.com\/wp-content\/uploads\/2021\/06\/20201109_084124-scaled.jpg\" alt=\"\"><figcaption><\/figcaption><\/figure><div class=\"gallery-fs-nav\"><button class=\"gallery-fs-fullscreen\"><i class=\"fa fa-arrows-alt\"><\/i><\/button><\/div><div class=\"gallery-fs-thumbnails gallery-fs-thumbnails-col-5 owl-carousel\"><a href='https:\/\/umutmekanik.com\/wp-content\/uploads\/2021\/06\/20201109_084124-scaled.jpg' data-caption='' title='' class=\"selected\"><img loading=\"lazy\" decoding=\"async\" width=\"280\" height=\"210\" src=\"https:\/\/umutmekanik.com\/wp-content\/uploads\/2021\/06\/20201109_084124-280x210.jpg\" class=\"attachment-anps-gallery-thumb size-anps-gallery-thumb\" alt=\"\" srcset=\"https:\/\/umutmekanik.com\/wp-content\/uploads\/2021\/06\/20201109_084124-280x210.jpg 280w, https:\/\/umutmekanik.com\/wp-content\/uploads\/2021\/06\/20201109_084124-300x225.jpg 300w, https:\/\/umutmekanik.com\/wp-content\/uploads\/2021\/06\/20201109_084124-1024x768.jpg 1024w, https:\/\/umutmekanik.com\/wp-content\/uploads\/2021\/06\/20201109_084124-768x576.jpg 768w, https:\/\/umutmekanik.com\/wp-content\/uploads\/2021\/06\/20201109_084124-1536x1152.jpg 1536w, https:\/\/umutmekanik.com\/wp-content\/uploads\/2021\/06\/20201109_084124-2048x1536.jpg 2048w, https:\/\/umutmekanik.com\/wp-content\/uploads\/2021\/06\/20201109_084124-600x450.jpg 600w\" sizes=\"auto, (max-width: 280px) 100vw, 280px\" \/><\/a><a href='https:\/\/umutmekanik.com\/wp-content\/uploads\/2021\/06\/IMG-20201109-WA0009-scaled.jpeg' data-caption='' title=''><img loading=\"lazy\" decoding=\"async\" width=\"280\" height=\"210\" src=\"https:\/\/umutmekanik.com\/wp-content\/uploads\/2021\/06\/IMG-20201109-WA0009-280x210.jpeg\" class=\"attachment-anps-gallery-thumb size-anps-gallery-thumb\" alt=\"\" \/><\/a><a href='https:\/\/umutmekanik.com\/wp-content\/uploads\/2021\/06\/IMG-20201109-WA0013-scaled.jpeg' data-caption='' title=''><img loading=\"lazy\" decoding=\"async\" width=\"280\" height=\"210\" src=\"https:\/\/umutmekanik.com\/wp-content\/uploads\/2021\/06\/IMG-20201109-WA0013-280x210.jpeg\" class=\"attachment-anps-gallery-thumb size-anps-gallery-thumb\" alt=\"\" \/><\/a><a href='https:\/\/umutmekanik.com\/wp-content\/uploads\/2021\/06\/38e28ce2-aa52-4cff-b1a1-218c9a9cd869.jpg' data-caption='' title=''><img loading=\"lazy\" decoding=\"async\" width=\"280\" height=\"210\" src=\"https:\/\/umutmekanik.com\/wp-content\/uploads\/2021\/06\/38e28ce2-aa52-4cff-b1a1-218c9a9cd869-280x210.jpg\" class=\"attachment-anps-gallery-thumb size-anps-gallery-thumb\" alt=\"\" \/><\/a><a href='https:\/\/umutmekanik.com\/wp-content\/uploads\/2021\/06\/1c78f3e9-e07e-4d58-abb4-e0d548b58d95.jpg' data-caption='' title=''><img loading=\"lazy\" decoding=\"async\" width=\"280\" height=\"210\" src=\"https:\/\/umutmekanik.com\/wp-content\/uploads\/2021\/06\/1c78f3e9-e07e-4d58-abb4-e0d548b58d95-280x210.jpg\" class=\"attachment-anps-gallery-thumb size-anps-gallery-thumb\" alt=\"\" \/><\/a><\/div><\/div>[\/vc_column][\/vc_row][vc_row][vc_column][vc_custom_heading text=&#8221;Bas\u0131n\u00e7l\u0131 Hava Tank\u0131 \u0130malat\u0131&#8221;][vc_column_text]<strong>Kompres\u00f6r hava tank\u0131<\/strong>, kompres\u00f6r\u00fcn dur-kalk\u00a0 zaman aral\u0131\u011f\u0131ndaki bas\u0131n\u00e7 farkl\u0131l\u0131\u011f\u0131n\u0131 d\u00fc\u015f\u00fcrmek i\u00e7in kullan\u0131l\u0131r.<strong>\u00a0Hava tank\u0131<\/strong>\u00a0aniden de\u011fi\u015fmeyen hava bas\u0131nc\u0131 dengesini kurar. Kompres\u00f6r kapasitesini a\u015fan ani hava taleplerinin kar\u015f\u0131lanabilmesi i\u00e7in gereken miktarda havay\u0131 depolar. Hava deposu kapasitesi kompres\u00f6r kapasitesine ve hava talebinin \u015fekline ba\u011fl\u0131 olarak saptan\u0131r. Hava tank\u0131, \u00a0kompres\u00f6r \u00e7\u0131k\u0131\u015f\u0131ndaki bas\u0131n\u00e7 dalgalanmalar\u0131n\u0131 dengeleyen ana \u00fcr\u00fcnlerdendir. Hava tank\u0131n\u0131n bir di\u011fer faydas\u0131 da havadaki nemin yo\u011fu\u015fmas\u0131n\u0131 ve olu\u015fan yo\u011fu\u015fumun bo\u015falt\u0131lmas\u0131n\u0131 kolayla\u015ft\u0131rmas\u0131d\u0131r.\u00a0<strong>Hava tank\u0131nda yo\u011fu\u015fma<\/strong>\u00a0sonucunda biriken su tahliye aparatlar\u0131yla d\u0131\u015far\u0131ya at\u0131l\u0131r. Bu sayede sistemdeki hava kuru olur.<strong> \u0130zmir bas\u0131n\u00e7l\u0131 hava tank\u0131<\/strong>\u00a0olarak da adland\u0131r\u0131lan hava tanklar\u0131, t\u00fcm bas\u0131n\u00e7l\u0131 hava sistemlerinin entegre bir par\u00e7as\u0131d\u0131r.<\/p>\n<p><strong>Neden hava tank\u0131na ihtiyac\u0131n\u0131z var ?<\/strong><\/p>\n<p>Genellikle tank veya depo olarak adland\u0131r\u0131lan <strong>\u0130zmir bas\u0131n\u00e7l\u0131 hava tank\u0131<\/strong>, bas\u0131n\u00e7l\u0131 havay\u0131 boru sistemi veya ekipmanlara gitmeden \u00f6nce depolamak i\u00e7in kullan\u0131l\u0131r. Daha basit bir deyi\u015fle, hava tanklar\u0131 kompres\u00f6r ile de\u011fi\u015fen talep nedeniyle dalgalanan bas\u0131n\u00e7 aras\u0131nda bir tampon mekanizmas\u0131 g\u00f6revi yapar.<\/p>\n<p><strong>\u00dcr\u00fcn sertifika ve belgeleri\u00a0<\/strong><\/p>\n<p><strong>\u0130zmir bas\u0131n\u00e7l\u0131 hava tank\u0131<\/strong>\u00a0yatay veya dikey olarak 50 Lt &#8211; 890 Lt kapasite aral\u0131\u011f\u0131nda AB-Basit Bas\u0131n\u00e7l\u0131 Kaplar Y\u00f6netmeli\u011fi 2009\/105\/EG&#8217;ye g\u00f6re; 1000 Lt &#8211; 10000 Lt kapasite aral\u0131\u011f\u0131nda olanlar ise AB-Bas\u0131n\u00e7l\u0131 Ekipmanlar Y\u00f6netmeli\u011fi 97\/23&#8217;e g\u00f6re uygun olarak \u00fcretilmektedir.<\/p>\n<p>T\u00fcm bas\u0131n\u00e7l\u0131 hava tanklar\u0131m\u0131zda malzeme se\u00e7imi, tasar\u0131m\u0131, \u00fcretimi, kontrol ve deneyleri DIN EN 13445-1-5 standartlar\u0131na uygun olarak yap\u0131lmaktad\u0131r. Kaynakl\u0131 imalat\u0131 tamamlanan t\u00fcm <strong>\u0130zmir bas\u0131n\u00e7l\u0131 hava tank\u0131<\/strong>\u00a0ve separat\u00f6r tanklar\u0131n\u0131n kaynak yerleri titizlikle kontrol edilmekte ve buna ilaveten tahribatl\u0131 ve tahribats\u0131z testleri yap\u0131lmaktad\u0131r.<\/p>\n<p><strong>\u0130zmir bas\u0131n\u00e7l\u0131 hava tank\u0131<\/strong>\u00a0ve\u00a0<strong>separat\u00f6r tanklar\u0131<\/strong>m\u0131z, onayl\u0131 kurulu\u015f taraf\u0131ndan \u00f6rnek tip muayeneleri yap\u0131lm\u0131\u015f olup onayl\u0131 kurulu\u015fun CE 0036 i\u015fareti ve sertifikas\u0131na sahiptir.\u00a0\u00a040 bar hava tanklar\u0131m\u0131z, onayl\u0131 kurulu\u015f taraf\u0131ndan\u00a0<strong>Bas\u0131n\u00e7l\u0131 Ekipmanlar<\/strong>\u00a0Y\u00f6netmeli\u011fi 97\/23 ve B+F mod\u00fcl\u00fcne g\u00f6re kontrol edilmi\u015f olup CE 1785 i\u015fareti ve sertifikas\u0131na sahiptir.\u00a0Hava tanklar\u0131m\u0131z\u00a0<strong>11 bar, 16 bar, 40 bar<\/strong>\u00a0\u00e7al\u0131\u015fma bas\u0131n\u00e7lar\u0131nda olup \u00a0<strong>16,5 bar, 25 bar, 60 bar<\/strong>\u00a0bas\u0131n\u00e7ta hidrostatik test yap\u0131lmaktad\u0131r. Hava tanklar\u0131 m\u00fc\u015fterilerimizin iste\u011fi do\u011frultusunda daha y\u00fcksek bas\u0131n\u00e7ta imalat\u0131 m\u00fcmk\u00fcnd\u00fcr. Bas\u0131n\u00e7l\u0131 \u00a0hava tanklar\u0131m\u0131z Tozalt\u0131 kaynak y\u00f6ntemiyle profesyonel ekip taraf\u0131ndan kaynat\u0131lmaktad\u0131r.\u00a0<strong>Uluslararas\u0131 kaynak m\u00fchendisleri<\/strong>\u00a0kontrol\u00fcnden ge\u00e7mektedir.<strong>\u00a0ISO 3834<\/strong>\u00a0B\u00fcnyesinde bulundurarak kaynakl\u0131 imalatta yeterlili\u011fini kan\u0131tlam\u0131\u015ft\u0131r.\u00a0Hava Tank\u0131\u00a0 kompres\u00f6r\u00fcn ar\u0131zal\u0131 durumlar\u0131 g\u00f6z \u00f6n\u00fcne al\u0131nd\u0131\u011f\u0131nda a\u015f\u0131r\u0131 bas\u0131n\u00e7tan dolay\u0131 \u00e7al\u0131\u015fma bas\u0131nc\u0131n\u0131n \u00fczerine \u00e7\u0131kar, buda patlama riski ortaya \u00e7\u0131kar\u0131r. Bunu \u00f6nlemek ve a\u015f\u0131r\u0131 bas\u0131nc\u0131 d\u0131\u015far\u0131 atmak i\u00e7in emniyet ventilleri kullan\u0131lmaktad\u0131r.\u00a0 Hava tank\u0131n\u0131n emniyeti i\u00e7in \u015fartt\u0131r. Ce belgeli ve m\u00fch\u00fcrl\u00fc olmal\u0131d\u0131r.<\/p>\n<p><strong>Umut Mekanik<\/strong> olarak hava tank\u0131 imalatlar\u0131nda stoklu \u00e7al\u0131\u015farak m\u00fc\u015fteri memnuniyetini ama\u00e7lamaktad\u0131r. Umut Mekanik\u00a0tecr\u00fcbesiyle\u00a0<strong>hava tank\u0131, kompres\u00f6r kazan\u0131, vidal\u0131 kompres\u00f6r<\/strong>\u00a0ve pistonlu kompres\u00f6rlere \u00f6zel,\u00a0<strong>bas\u0131n\u00e7l\u0131 ve y\u00fcksek bas\u0131n\u00e7l\u0131<\/strong>\u00a0olmak \u00fczere\u00a0<strong>tank \u00fcretimi<\/strong>\u00a0yapmaktad\u0131r<\/p>\n<p>[\/vc_column_text][\/vc_column][\/vc_row]<\/p>\n","protected":false},"excerpt":{"rendered":"<p>[vc_row][vc_column][\/vc_column][\/vc_row][vc_row][vc_column][vc_custom_heading text=&#8221;Bas\u0131n\u00e7l\u0131 Hava Tank\u0131 \u0130malat\u0131&#8221;][vc_column_text]Kompres\u00f6r hava tank\u0131, kompres\u00f6r\u00fcn dur-kalk\u00a0 zaman aral\u0131\u011f\u0131ndaki bas\u0131n\u00e7 farkl\u0131l\u0131\u011f\u0131n\u0131 d\u00fc\u015f\u00fcrmek i\u00e7in kullan\u0131l\u0131r.\u00a0Hava tank\u0131\u00a0aniden de\u011fi\u015fmeyen hava bas\u0131nc\u0131 dengesini kurar. Kompres\u00f6r kapasitesini a\u015fan ani hava taleplerinin kar\u015f\u0131lanabilmesi i\u00e7in gereken miktarda havay\u0131 depolar. Hava deposu kapasitesi kompres\u00f6r kapasitesine ve &hellip;<\/p>\n","protected":false},"author":1,"featured_media":0,"parent":1436,"menu_order":0,"comment_status":"closed","ping_status":"closed","template":"","meta":{"footnotes":""},"class_list":["post-2430","page","type-page","status-publish","hentry"],"_links":{"self":[{"href":"https:\/\/umutmekanik.com\/index.php\/wp-json\/wp\/v2\/pages\/2430","targetHints":{"allow":["GET"]}}],"collection":[{"href":"https:\/\/umutmekanik.com\/index.php\/wp-json\/wp\/v2\/pages"}],"about":[{"href":"https:\/\/umutmekanik.com\/index.php\/wp-json\/wp\/v2\/types\/page"}],"author":[{"embeddable":true,"href":"https:\/\/umutmekanik.com\/index.php\/wp-json\/wp\/v2\/users\/1"}],"replies":[{"embeddable":true,"href":"https:\/\/umutmekanik.com\/index.php\/wp-json\/wp\/v2\/comments?post=2430"}],"version-history":[{"count":4,"href":"https:\/\/umutmekanik.com\/index.php\/wp-json\/wp\/v2\/pages\/2430\/revisions"}],"predecessor-version":[{"id":2557,"href":"https:\/\/umutmekanik.com\/index.php\/wp-json\/wp\/v2\/pages\/2430\/revisions\/2557"}],"up":[{"embeddable":true,"href":"https:\/\/umutmekanik.com\/index.php\/wp-json\/wp\/v2\/pages\/1436"}],"wp:attachment":[{"href":"https:\/\/umutmekanik.com\/index.php\/wp-json\/wp\/v2\/media?parent=2430"}],"curies":[{"name":"wp","href":"https:\/\/api.w.org\/{rel}","templated":true}]}}