{"id":2427,"date":"2021-06-11T11:56:33","date_gmt":"2021-06-11T08:56:33","guid":{"rendered":"https:\/\/www.umutmekanik.com\/?page_id=2427"},"modified":"2021-08-05T12:46:31","modified_gmt":"2021-08-05T09:46:31","slug":"izmir-celik-boru-imalati","status":"publish","type":"page","link":"https:\/\/umutmekanik.com\/index.php\/hizmet-alanlari\/izmir-celik-boru-imalati\/","title":{"rendered":"\u0130zmir \u00c7elik Boru \u0130malat\u0131"},"content":{"rendered":"<p>[vc_row][vc_column][vc_column_text]<\/p>\n\n\t\t<style type=\"text\/css\">\n\t\t\t#gallery-1 {\n\t\t\t\tmargin: auto;\n\t\t\t}\n\t\t\t#gallery-1 .gallery-item {\n\t\t\t\tfloat: left;\n\t\t\t\tmargin-top: 10px;\n\t\t\t\ttext-align: center;\n\t\t\t\twidth: 33%;\n\t\t\t}\n\t\t\t#gallery-1 img {\n\t\t\t\tborder: 2px solid #cfcfcf;\n\t\t\t}\n\t\t\t#gallery-1 .gallery-caption {\n\t\t\t\tmargin-left: 0;\n\t\t\t}\n\t\t\t\/* see gallery_shortcode() in wp-includes\/media.php *\/\n\t\t<\/style>\n\t\t<div id='gallery-1' class='gallery galleryid-2427 gallery-columns-3 gallery-size-thumbnail'><dl class='gallery-item'>\n\t\t\t<dt class='gallery-icon portrait'>\n\t\t\t\t<a href='https:\/\/umutmekanik.com\/index.php\/hizmet-alanlari\/izmir-celik-boru-imalati\/20200327_195847\/'><img loading=\"lazy\" decoding=\"async\" width=\"150\" height=\"150\" src=\"https:\/\/umutmekanik.com\/wp-content\/uploads\/2021\/06\/20200327_195847-rotated-e1623420559665-150x150.jpg\" class=\"attachment-thumbnail size-thumbnail\" alt=\"\" srcset=\"https:\/\/umutmekanik.com\/wp-content\/uploads\/2021\/06\/20200327_195847-rotated-e1623420559665-150x150.jpg 150w, https:\/\/umutmekanik.com\/wp-content\/uploads\/2021\/06\/20200327_195847-rotated-e1623420559665-300x300.jpg 300w, https:\/\/umutmekanik.com\/wp-content\/uploads\/2021\/06\/20200327_195847-rotated-e1623420559665-100x100.jpg 100w\" sizes=\"auto, (max-width: 150px) 100vw, 150px\" \/><\/a>\n\t\t\t<\/dt><\/dl><dl class='gallery-item'>\n\t\t\t<dt class='gallery-icon portrait'>\n\t\t\t\t<a href='https:\/\/umutmekanik.com\/index.php\/hizmet-alanlari\/izmir-celik-boru-imalati\/img-20201212-wa0006\/'><img loading=\"lazy\" decoding=\"async\" width=\"150\" height=\"150\" src=\"https:\/\/umutmekanik.com\/wp-content\/uploads\/2021\/06\/IMG-20201212-WA0006-150x150.jpeg\" class=\"attachment-thumbnail size-thumbnail\" alt=\"\" srcset=\"https:\/\/umutmekanik.com\/wp-content\/uploads\/2021\/06\/IMG-20201212-WA0006-150x150.jpeg 150w, https:\/\/umutmekanik.com\/wp-content\/uploads\/2021\/06\/IMG-20201212-WA0006-300x300.jpeg 300w, https:\/\/umutmekanik.com\/wp-content\/uploads\/2021\/06\/IMG-20201212-WA0006-100x100.jpeg 100w\" sizes=\"auto, (max-width: 150px) 100vw, 150px\" \/><\/a>\n\t\t\t<\/dt><\/dl><dl class='gallery-item'>\n\t\t\t<dt class='gallery-icon portrait'>\n\t\t\t\t<a href='https:\/\/umutmekanik.com\/index.php\/hizmet-alanlari\/izmir-celik-boru-imalati\/img-20201212-wa0004\/'><img loading=\"lazy\" decoding=\"async\" width=\"150\" height=\"150\" src=\"https:\/\/umutmekanik.com\/wp-content\/uploads\/2021\/06\/IMG-20201212-WA0004-150x150.jpeg\" class=\"attachment-thumbnail size-thumbnail\" alt=\"\" srcset=\"https:\/\/umutmekanik.com\/wp-content\/uploads\/2021\/06\/IMG-20201212-WA0004-150x150.jpeg 150w, https:\/\/umutmekanik.com\/wp-content\/uploads\/2021\/06\/IMG-20201212-WA0004-300x300.jpeg 300w, https:\/\/umutmekanik.com\/wp-content\/uploads\/2021\/06\/IMG-20201212-WA0004-100x100.jpeg 100w\" sizes=\"auto, (max-width: 150px) 100vw, 150px\" \/><\/a>\n\t\t\t<\/dt><\/dl><br style=\"clear: both\" \/><dl class='gallery-item'>\n\t\t\t<dt class='gallery-icon portrait'>\n\t\t\t\t<a href='https:\/\/umutmekanik.com\/index.php\/hizmet-alanlari\/izmir-celik-boru-imalati\/20200327_195918\/'><img loading=\"lazy\" decoding=\"async\" width=\"150\" height=\"150\" src=\"https:\/\/umutmekanik.com\/wp-content\/uploads\/2021\/06\/20200327_195918-150x150.jpg\" class=\"attachment-thumbnail size-thumbnail\" alt=\"\" srcset=\"https:\/\/umutmekanik.com\/wp-content\/uploads\/2021\/06\/20200327_195918-150x150.jpg 150w, https:\/\/umutmekanik.com\/wp-content\/uploads\/2021\/06\/20200327_195918-300x300.jpg 300w, https:\/\/umutmekanik.com\/wp-content\/uploads\/2021\/06\/20200327_195918-100x100.jpg 100w\" sizes=\"auto, (max-width: 150px) 100vw, 150px\" \/><\/a>\n\t\t\t<\/dt><\/dl><dl class='gallery-item'>\n\t\t\t<dt class='gallery-icon portrait'>\n\t\t\t\t<a href='https:\/\/umutmekanik.com\/index.php\/hizmet-alanlari\/izmir-celik-boru-imalati\/20200327_195909\/'><img loading=\"lazy\" decoding=\"async\" width=\"150\" height=\"150\" src=\"https:\/\/umutmekanik.com\/wp-content\/uploads\/2021\/06\/20200327_195909-150x150.jpg\" class=\"attachment-thumbnail size-thumbnail\" alt=\"\" srcset=\"https:\/\/umutmekanik.com\/wp-content\/uploads\/2021\/06\/20200327_195909-150x150.jpg 150w, https:\/\/umutmekanik.com\/wp-content\/uploads\/2021\/06\/20200327_195909-300x300.jpg 300w, https:\/\/umutmekanik.com\/wp-content\/uploads\/2021\/06\/20200327_195909-100x100.jpg 100w\" sizes=\"auto, (max-width: 150px) 100vw, 150px\" \/><\/a>\n\t\t\t<\/dt><\/dl><dl class='gallery-item'>\n\t\t\t<dt class='gallery-icon portrait'>\n\t\t\t\t<a href='https:\/\/umutmekanik.com\/index.php\/hizmet-alanlari\/izmir-celik-boru-imalati\/aaa\/'><img loading=\"lazy\" decoding=\"async\" width=\"150\" height=\"150\" src=\"https:\/\/umutmekanik.com\/wp-content\/uploads\/2021\/06\/aaa-150x150.jpg\" class=\"attachment-thumbnail size-thumbnail\" alt=\"\" srcset=\"https:\/\/umutmekanik.com\/wp-content\/uploads\/2021\/06\/aaa-150x150.jpg 150w, https:\/\/umutmekanik.com\/wp-content\/uploads\/2021\/06\/aaa-300x300.jpg 300w, https:\/\/umutmekanik.com\/wp-content\/uploads\/2021\/06\/aaa-100x100.jpg 100w\" sizes=\"auto, (max-width: 150px) 100vw, 150px\" \/><\/a>\n\t\t\t<\/dt><\/dl><br style=\"clear: both\" \/>\n\t\t<\/div>\n\n<p>[\/vc_column_text][\/vc_column][\/vc_row][vc_row][vc_column][vc_custom_heading text=&#8221;Bas\u0131n\u00e7l\u0131 Boru Nedir?&#8221;][vc_column_text]\u0130zmir \u00e7elik boru, s\u0131v\u0131lar\u0131, havay\u0131 veya di\u011fer gazlar\u0131 normalden daha y\u00fcksek atmosferik bas\u0131n\u00e7 alt\u0131nda ta\u015f\u0131mak i\u00e7in tasarlanm\u0131\u015f bir end\u00fcstriyel boru t\u00fcr\u00fcd\u00fcr. \u00c7e\u015fitli ebat ve tiplerde gelir ve naylon veya kau\u00e7uk gibi plastik bile\u015fiklerden ve ayr\u0131ca bak\u0131r, kalay ve paslanmaz \u00e7elik gibi metallerden yap\u0131l\u0131r. Bir\u00e7ok plastik bazl\u0131 bas\u0131n\u00e7l\u0131 boru malzemesi de, boru malzemesinin i\u00e7ine g\u00f6m\u00fcl\u00fc olan ve genellikle takviyeli elyaf kordundan veya \u00e7elik telden yap\u0131lm\u0131\u015f bir dokuma k\u0131l\u0131f formuyla g\u00fc\u00e7lendirilir. Bu, borunun y\u00fcksek bas\u0131n\u00e7 ar\u0131zalar\u0131na dayanma kabiliyetini artt\u0131r\u0131r ve ayn\u0131 zamanda, k\u0131l\u0131f\u0131n nas\u0131l \u00f6r\u00fcld\u00fc\u011f\u00fcne ve neyin olu\u015fturuldu\u011funa ba\u011fl\u0131 olarak borunun esnekli\u011fini bir miktar azalt\u0131r.<\/p>\n<div id=\"attachment_2603\" style=\"width: 310px\" class=\"wp-caption alignright\"><img loading=\"lazy\" decoding=\"async\" aria-describedby=\"caption-attachment-2603\" class=\"wp-image-2603 size-medium\" src=\"http:\/\/www.umutmekanik.com\/wp-content\/uploads\/2021\/08\/29685876-b6a1-41c0-936e-07d666b8e3c9-300x210.jpg\" alt=\"\u0130zmir \u00e7elik boru kullan\u0131m amac\u0131na g\u00f6re devasa boyutlara sahip olabilir, bununla birlikte cebri borunun \u00f6nemli \u00f6zelli\u011finden biri bas\u0131n\u00e7l\u0131 olmas\u0131d\u0131r. Boru i\u00e7indeki bas\u0131n\u00e7 ...\" width=\"300\" height=\"210\" srcset=\"https:\/\/umutmekanik.com\/wp-content\/uploads\/2021\/08\/29685876-b6a1-41c0-936e-07d666b8e3c9-300x210.jpg 300w, https:\/\/umutmekanik.com\/wp-content\/uploads\/2021\/08\/29685876-b6a1-41c0-936e-07d666b8e3c9.jpg 500w\" sizes=\"auto, (max-width: 300px) 100vw, 300px\" \/><p id=\"caption-attachment-2603\" class=\"wp-caption-text\">izmir \u00e7elik boru, \u0130zmir \u00e7elik boru imalat\u0131, izmir \u00e7elik boru imalat\u0131, \u00e7elik boru imalat\u0131 izmir<\/p><\/div>\n<p>Bas\u0131n\u00e7l\u0131 t\u00fcp\u00fcn standart t\u00fcp \u00fczerindeki g\u00fcc\u00fc \u00f6nemli olabilir. Y\u00fcksek bas\u0131n\u00e7l\u0131 \u00e7elik boru ve boru ba\u011flant\u0131 par\u00e7alar\u0131, \u00f6rne\u011fin, in\u00e7 kare ba\u015f\u0131na 150.000 pound veya psi (10, 342 bar) bas\u0131n\u00e7lara dayanabilir. Normal \u00e7elik borular i\u00e7in kontrastla kar\u015f\u0131la\u015ft\u0131r\u0131ld\u0131\u011f\u0131nda bas\u0131n\u00e7 derecesi 10.000 &#8211; 25.000 psi (689-1.724 bar) aras\u0131ndad\u0131r. En y\u00fcksek dereceli plastik bas\u0131n\u00e7l\u0131 boru \u00fcr\u00fcnlerinden biri, 4.000-7.000 psi (276-483 bar) aras\u0131nda bir bas\u0131n\u00e7 derecesine sahip olan molek\u00fcler-y\u00f6nlendirilmi\u015f polivinil klor\u00fcrd\u00fcr (PVC-O). PVC-O standart PVC borulara g\u00f6re daha g\u00fc\u00e7l\u00fcd\u00fcr, \u00e7\u00fcnk\u00fc plastik molek\u00fclleri \u0131s\u0131tma ve \u00fcretim i\u015flemi s\u0131ras\u0131nda borunun etraf\u0131nda radyal bir y\u00f6nde y\u00f6nlendirilir.<\/p>\n<p>Bas\u0131n\u00e7l\u0131 t\u00fcp\u00fcn \u00f6zel yetenekleri (paslanmaz \u00e7elik, orta bas\u0131n\u00e7l\u0131 t\u00fcp vb.) Uygulamalar\u0131 belirler. En yayg\u0131n kullan\u0131mlar aras\u0131nda, kostik kimyasallar ve at\u0131k su, \u0131s\u0131tma ve so\u011futma amac\u0131yla y\u00fcksek veya d\u00fc\u015f\u00fck s\u0131cakl\u0131ktaki s\u0131v\u0131lar\u0131 veya s\u0131k\u0131\u015ft\u0131r\u0131lm\u0131\u015f ve toksik gazlar\u0131 ta\u015f\u0131yanlard\u0131r. Bas\u0131n\u00e7l\u0131 boru da atmosferik bir vakum odas\u0131ndan pompalamak i\u00e7in d\u00fc\u015f\u00fck bas\u0131n\u00e7l\u0131 ortamlar\u0131n gerekli oldu\u011fu end\u00fcstrilerde yayg\u0131n olarak kullan\u0131l\u0131r. Bu durumda, boru ve ba\u011flant\u0131 par\u00e7alar\u0131, deniz seviyesinde 14.696 psi (1.013.25 milibar) olan d\u0131\u015f bas\u0131nca kar\u015f\u0131 sabit bas\u0131n\u00e7 a\u011f\u0131rl\u0131\u011f\u0131ndan d\u0131\u015fa do\u011fru uzun s\u00fcre ka\u00e7aklara kar\u015f\u0131 dayan\u0131kl\u0131 olmal\u0131d\u0131r.<\/p>\n<p>\u00c7elik borulara y\u00f6nelik en b\u00fcy\u00fck ticari talep, kimyasal ve petrol i\u015flemesidir, y\u00fcksek bas\u0131n\u00e7l\u0131 \u00e7elik boru ise standart olarak kullan\u0131l\u0131r. Y\u00fcksek bas\u0131n\u00e7l\u0131 plastik borular, t\u00fcketici ve tar\u0131msal su da\u011f\u0131t\u0131m\u0131nda en yayg\u0131n \u015fekilde kullan\u0131l\u0131r. Di\u011fer kullan\u0131mlar aras\u0131nda yiyecek da\u011f\u0131t\u0131m\u0131, jeotermal enerji sistemleri ve bir dizi elektrikli el aleti ve end\u00fcstriyel ekipman i\u00e7in bas\u0131n\u00e7l\u0131 hava hatlar\u0131 bulunur. Polivinil klor\u00fcr, d\u00fcnya \u00e7ap\u0131nda en yayg\u0131n kullan\u0131lan plastik boru olup, en yayg\u0131n \u015fekilde \u00fcretilen \u00fc\u00e7\u00fcnc\u00fc plastiktir. Bu, genel olarak korozyona dayan\u0131kl\u0131, uzun \u00f6m\u00fcrl\u00fc ve ucuz olmas\u0131 ile birlikte \u00e7al\u0131\u015fman\u0131n kolay olmas\u0131 nedeniyledir.[\/vc_column_text][\/vc_column][\/vc_row]<\/p>\n","protected":false},"excerpt":{"rendered":"<p>[vc_row][vc_column][vc_column_text] [\/vc_column_text][\/vc_column][\/vc_row][vc_row][vc_column][vc_custom_heading text=&#8221;Bas\u0131n\u00e7l\u0131 Boru Nedir?&#8221;][vc_column_text]\u0130zmir \u00e7elik boru, s\u0131v\u0131lar\u0131, havay\u0131 veya di\u011fer gazlar\u0131 normalden daha y\u00fcksek atmosferik bas\u0131n\u00e7 alt\u0131nda ta\u015f\u0131mak i\u00e7in tasarlanm\u0131\u015f bir end\u00fcstriyel boru t\u00fcr\u00fcd\u00fcr. \u00c7e\u015fitli ebat ve tiplerde gelir ve naylon veya kau\u00e7uk gibi plastik bile\u015fiklerden ve ayr\u0131ca bak\u0131r, &hellip;<\/p>\n","protected":false},"author":1,"featured_media":0,"parent":1436,"menu_order":0,"comment_status":"closed","ping_status":"closed","template":"","meta":{"footnotes":""},"class_list":["post-2427","page","type-page","status-publish","hentry"],"_links":{"self":[{"href":"https:\/\/umutmekanik.com\/index.php\/wp-json\/wp\/v2\/pages\/2427","targetHints":{"allow":["GET"]}}],"collection":[{"href":"https:\/\/umutmekanik.com\/index.php\/wp-json\/wp\/v2\/pages"}],"about":[{"href":"https:\/\/umutmekanik.com\/index.php\/wp-json\/wp\/v2\/types\/page"}],"author":[{"embeddable":true,"href":"https:\/\/umutmekanik.com\/index.php\/wp-json\/wp\/v2\/users\/1"}],"replies":[{"embeddable":true,"href":"https:\/\/umutmekanik.com\/index.php\/wp-json\/wp\/v2\/comments?post=2427"}],"version-history":[{"count":17,"href":"https:\/\/umutmekanik.com\/index.php\/wp-json\/wp\/v2\/pages\/2427\/revisions"}],"predecessor-version":[{"id":2604,"href":"https:\/\/umutmekanik.com\/index.php\/wp-json\/wp\/v2\/pages\/2427\/revisions\/2604"}],"up":[{"embeddable":true,"href":"https:\/\/umutmekanik.com\/index.php\/wp-json\/wp\/v2\/pages\/1436"}],"wp:attachment":[{"href":"https:\/\/umutmekanik.com\/index.php\/wp-json\/wp\/v2\/media?parent=2427"}],"curies":[{"name":"wp","href":"https:\/\/api.w.org\/{rel}","templated":true}]}}