{"id":2370,"date":"2021-06-04T15:31:52","date_gmt":"2021-06-04T12:31:52","guid":{"rendered":"https:\/\/www.umutmekanik.com\/?page_id=2370"},"modified":"2021-06-14T13:19:46","modified_gmt":"2021-06-14T10:19:46","slug":"yag-standlari","status":"publish","type":"page","link":"https:\/\/umutmekanik.com\/index.php\/hizmet-alanlari\/genel-saha-isleri\/yag-standlari\/","title":{"rendered":"Ya\u011f Standlar\u0131"},"content":{"rendered":"<p>[vc_row][vc_column width=&#8221;2\/3&#8243;][vc_custom_heading text=&#8221;Ya\u011f Standlar\u0131&#8221; use_theme_fonts=&#8221;yes&#8221;][vc_column_text]<\/p>\n<div class=\"vc_col-sm-6 wpb_column column_container vc_column_container col centered-text padding-2-percent instance-0\" data-border-radius=\"none\" data-shadow=\"none\" data-border-animation=\"\" data-border-animation-delay=\"\" data-border-width=\"none\" data-border-style=\"solid\" data-border-color=\"\" data-bg-cover=\"\" data-padding-pos=\"all\" data-has-bg-color=\"false\" data-bg-color=\"\" data-bg-opacity=\"1\" data-hover-bg=\"\" data-hover-bg-opacity=\"1\" data-animation=\"\" data-delay=\"0\">\n<div class=\"vc_column-inner\">\n<div class=\"wpb_wrapper\">\n<div class=\"wpb_text_column wpb_content_element \">\n<div class=\"wpb_wrapper\">\n<p>Tecr\u00fcbesi, kalitesi, \u00f6zeni ve \u00e7e\u015fitlili\u011fi ile bug\u00fcn T\u00fcrkiye\u2019nin \u00f6nde gelen isimlerinden biri olan Umut Mekanik size bu anlamda iyi bir alternatif olmaktad\u0131r. Her t\u00fcrl\u00fc stand ihtiyac\u0131n\u0131zda, farkl\u0131 malzemeleri kullanarak \u00fcretim yapan, \u00f6zel sepet, raf ve benzeri detaylar\u0131 ekleyerek m\u00fckemmel bir sonu\u00e7 sunan isim, kolayca ula\u015fabilece\u011finiz bir mesafede. Marka tan\u0131n\u0131rl\u0131\u011f\u0131n\u0131 art\u0131racak, reklam faaliyetlerine destek olacak ve de \u00fcr\u00fcn hedeflerinize de uygun olan standlar burada geni\u015f bir \u00e7e\u015fitlilik ile sunulmakta. \u00dcstelik Umut Mekanik kalitesi de buna e\u015flik ediyor.<\/p>\n<\/div>\n<\/div>\n<\/div>\n<\/div>\n<\/div>\n<div class=\"vc_col-sm-6 wpb_column column_container vc_column_container col no-extra-padding instance-1\" data-border-radius=\"none\" data-shadow=\"none\" data-border-animation=\"\" data-border-animation-delay=\"\" data-border-width=\"none\" data-border-style=\"solid\" data-border-color=\"\" data-bg-cover=\"\" data-padding-pos=\"all\" data-has-bg-color=\"false\" data-bg-color=\"\" data-bg-opacity=\"1\" data-hover-bg=\"\" data-hover-bg-opacity=\"1\" data-animation=\"\" data-delay=\"0\">\n<div class=\"vc_column-inner\">\n<div class=\"wpb_wrapper\">\n<div class=\"img-with-aniamtion-wrap center\" data-max-width=\"100%\" data-border-radius=\"10px\"><\/div>\n<\/div>\n<\/div>\n<\/div>\n<p>[\/vc_column_text][\/vc_column][vc_column width=&#8221;1\/3&#8243;][vc_row_inner][vc_column_inner]<div class=\"gallery-fs\"><figure><img decoding=\"async\" src=\"https:\/\/umutmekanik.com\/wp-content\/uploads\/2021\/06\/921c5d0f-2b7b-49df-bafa-18d56ef16280.jpg\" alt=\"\"><figcaption>Umut Mekanik<\/figcaption><\/figure><div class=\"gallery-fs-nav\"><button class=\"gallery-fs-fullscreen\"><i class=\"fa fa-arrows-alt\"><\/i><\/button><\/div><div class=\"gallery-fs-thumbnails gallery-fs-thumbnails-col-5 owl-carousel\"><a href='https:\/\/umutmekanik.com\/wp-content\/uploads\/2021\/06\/921c5d0f-2b7b-49df-bafa-18d56ef16280.jpg' data-caption='Umut Mekanik' title='Umut Mekanik' class=\"selected\"><img loading=\"lazy\" decoding=\"async\" width=\"280\" height=\"210\" src=\"https:\/\/umutmekanik.com\/wp-content\/uploads\/2021\/06\/921c5d0f-2b7b-49df-bafa-18d56ef16280-280x210.jpg\" class=\"attachment-anps-gallery-thumb size-anps-gallery-thumb\" alt=\"\" \/><\/a><a href='https:\/\/umutmekanik.com\/wp-content\/uploads\/2021\/06\/c6c01481-aeeb-4db7-ac07-33d11ba25cf4.jpg' data-caption='Umut Mekanik' title='Umut Mekanik'><img loading=\"lazy\" decoding=\"async\" width=\"280\" height=\"210\" src=\"https:\/\/umutmekanik.com\/wp-content\/uploads\/2021\/06\/c6c01481-aeeb-4db7-ac07-33d11ba25cf4-280x210.jpg\" class=\"attachment-anps-gallery-thumb size-anps-gallery-thumb\" alt=\"\" \/><\/a><\/div><\/div>[\/vc_column_inner][\/vc_row_inner][\/vc_column][\/vc_row][vc_row][vc_column width=&#8221;1\/2&#8243;][vc_custom_heading][vc_tta_accordion][vc_tta_section title=&#8221;Section 1&#8243; tab_id=&#8221;1622810646647-ca970623-79a5&#8243;][\/vc_tta_section][vc_tta_section title=&#8221;Section 2&#8243; tab_id=&#8221;1622810646674-dcbb3d74-369b&#8221;][\/vc_tta_section][\/vc_tta_accordion][\/vc_column][vc_column width=&#8221;1\/2&#8243;][vc_custom_heading text=&#8221;Ya\u011f Standlar\u0131&#8221; use_theme_fonts=&#8221;yes&#8221;][vc_column_text]<\/p>\n<div id=\"Content\">\n<div class=\"content_wrapper clearfix\">\n<div class=\"sections_group\">\n<div class=\"entry-content\">\n<div class=\"section the_content has_content\">\n<div class=\"section_wrapper\">\n<div class=\"the_content_wrapper\">\n<div class=\"vc_row wpb_row vc_row-fluid\">\n<div class=\"wpb_column vc_column_container vc_col-sm-12\">\n<div class=\"vc_column-inner\">\n<div class=\"wpb_wrapper\">\n<div class=\"wpb_text_column wpb_content_element \">\n<div class=\"wpb_wrapper\">\n<p>Kullan\u0131lacak alana g\u00f6re metal malzeme haricinde ah\u015fap ve tel gibi malzemelerin de kullan\u0131lmas\u0131 m\u00fcmk\u00fcnd\u00fcr. Bu se\u00e7eneklerle markaya uygun \u015fekilde bir tasar\u0131m yap\u0131lmaktad\u0131r. Kullan\u0131lan malzemelerden dolay\u0131 sa\u011flam ve dayan\u0131kl\u0131 yap\u0131da olan standlar \u00fcr\u00fcnlerin tan\u0131t\u0131m\u0131nda etkili olmaktad\u0131r. Burada \u00f6nemli olan stand\u0131n kullan\u0131laca\u011f\u0131 alana ve ta\u015f\u0131yaca\u011f\u0131 y\u00fcke uygun tercih edilmesidir. Kullan\u0131lacak alana g\u00f6re farkl\u0131 \u00f6zelliklere sahip olunmas\u0131ndan dolay\u0131 fiyatlarda modellere g\u00f6re de\u011fi\u015fmektedir.\u00a0Madeni ya\u011f stand modelleri\u00a0farkl\u0131 malzeme kullan\u0131m\u0131ndan dolay\u0131 \u00e7e\u015fitlilik g\u00f6stermektedir. Farkl\u0131 \u015fekillerde olan stand modelleri g\u00f6ren ki\u015filerin de dikkatini \u00e7ekmektedir. Ortama uygun renk se\u00e7imiyle daha da etkili olmaktad\u0131r. \u00dczerine yaz\u0131lan yaz\u0131n\u0131n boyutunun ve yaz\u0131 \u015feklinin do\u011fru se\u00e7ilmesi sayesinde g\u00f6renlerin ak\u0131llar\u0131nda kalmaktad\u0131r. Bazen bir kum saati veya yelkenli gemi \u015feklinde de iste\u011fe ba\u011fl\u0131 olarak \u00fcretilmektedir. \u0130\u00e7erisinde sunulacak \u00fcr\u00fcn\u00fcn t\u00fcr\u00fcne g\u00f6re stand \u015fekilleri de farkl\u0131l\u0131k g\u00f6stermektedir.<\/p>\n<\/div>\n<\/div>\n<\/div>\n<\/div>\n<\/div>\n<\/div>\n<\/div>\n<\/div>\n<\/div>\n<div class=\"section section-page-footer\">\n<div class=\"section_wrapper clearfix\">\n<div class=\"column one page-pager\"><\/div>\n<\/div>\n<\/div>\n<\/div>\n<\/div>\n<\/div>\n<\/div>\n<footer id=\"Footer\" class=\"clearfix\">\n<div class=\"widgets_wrapper\">\n<div class=\"container\">\n<div class=\"column one-second\">\n<aside id=\"text-2\" class=\"widget widget_text\">\n<div class=\"textwidget\"><\/div>\n<\/aside>\n<\/div>\n<\/div>\n<\/div>\n<\/footer>\n<p>[\/vc_column_text][\/vc_column][\/vc_row][vc_row][vc_column][\/vc_column][\/vc_row]<\/p>\n","protected":false},"excerpt":{"rendered":"<p>[vc_row][vc_column width=&#8221;2\/3&#8243;][vc_custom_heading text=&#8221;Ya\u011f Standlar\u0131&#8221; use_theme_fonts=&#8221;yes&#8221;][vc_column_text] Tecr\u00fcbesi, kalitesi, \u00f6zeni ve \u00e7e\u015fitlili\u011fi ile bug\u00fcn T\u00fcrkiye\u2019nin \u00f6nde gelen isimlerinden biri olan Umut Mekanik size bu anlamda iyi bir alternatif olmaktad\u0131r. Her t\u00fcrl\u00fc stand ihtiyac\u0131n\u0131zda, farkl\u0131 malzemeleri kullanarak \u00fcretim yapan, \u00f6zel sepet, raf ve &hellip;<\/p>\n","protected":false},"author":1,"featured_media":0,"parent":2440,"menu_order":0,"comment_status":"closed","ping_status":"closed","template":"","meta":{"footnotes":""},"class_list":["post-2370","page","type-page","status-publish","hentry"],"_links":{"self":[{"href":"https:\/\/umutmekanik.com\/index.php\/wp-json\/wp\/v2\/pages\/2370","targetHints":{"allow":["GET"]}}],"collection":[{"href":"https:\/\/umutmekanik.com\/index.php\/wp-json\/wp\/v2\/pages"}],"about":[{"href":"https:\/\/umutmekanik.com\/index.php\/wp-json\/wp\/v2\/types\/page"}],"author":[{"embeddable":true,"href":"https:\/\/umutmekanik.com\/index.php\/wp-json\/wp\/v2\/users\/1"}],"replies":[{"embeddable":true,"href":"https:\/\/umutmekanik.com\/index.php\/wp-json\/wp\/v2\/comments?post=2370"}],"version-history":[{"count":17,"href":"https:\/\/umutmekanik.com\/index.php\/wp-json\/wp\/v2\/pages\/2370\/revisions"}],"predecessor-version":[{"id":2391,"href":"https:\/\/umutmekanik.com\/index.php\/wp-json\/wp\/v2\/pages\/2370\/revisions\/2391"}],"up":[{"embeddable":true,"href":"https:\/\/umutmekanik.com\/index.php\/wp-json\/wp\/v2\/pages\/2440"}],"wp:attachment":[{"href":"https:\/\/umutmekanik.com\/index.php\/wp-json\/wp\/v2\/media?parent=2370"}],"curies":[{"name":"wp","href":"https:\/\/api.w.org\/{rel}","templated":true}]}}