{"id":1514,"date":"2016-01-20T09:07:13","date_gmt":"2016-01-20T09:07:13","guid":{"rendered":"http:\/\/anpsthemes.com\/construction\/?page_id=1514"},"modified":"2021-06-25T15:22:39","modified_gmt":"2021-06-25T12:22:39","slug":"talasli-imalat","status":"publish","type":"page","link":"https:\/\/umutmekanik.com\/index.php\/hizmet-alanlari\/talasli-imalat\/","title":{"rendered":"\u0130zmir Tala\u015fl\u0131 imalat"},"content":{"rendered":"<p>[vc_row css=&#8221;.vc_custom_1453476669810{margin-bottom: 15px !important;}&#8221;][vc_column]<div class=\"gallery-fs\"><figure><img decoding=\"async\" src=\"https:\/\/umutmekanik.com\/wp-content\/uploads\/2021\/06\/unnamed-3.jpg\" alt=\"\"><figcaption>Umut Mekanik<\/figcaption><\/figure><div class=\"gallery-fs-nav\"><button class=\"gallery-fs-fullscreen\"><i class=\"fa fa-arrows-alt\"><\/i><\/button><\/div><div class=\"gallery-fs-thumbnails gallery-fs-thumbnails-col-5 owl-carousel\"><a href='https:\/\/umutmekanik.com\/wp-content\/uploads\/2021\/06\/unnamed-3.jpg' data-caption='Umut Mekanik' title='Umut Mekanik' class=\"selected\"><img loading=\"lazy\" decoding=\"async\" width=\"280\" height=\"210\" src=\"https:\/\/umutmekanik.com\/wp-content\/uploads\/2021\/06\/unnamed-3-280x210.jpg\" class=\"attachment-anps-gallery-thumb size-anps-gallery-thumb\" alt=\"\" \/><\/a><a href='https:\/\/umutmekanik.com\/wp-content\/uploads\/2021\/06\/Talasli-Imalat.jpg' data-caption='Umut Mekanik' title='Umut Mekanik'><img loading=\"lazy\" decoding=\"async\" width=\"280\" height=\"210\" src=\"https:\/\/umutmekanik.com\/wp-content\/uploads\/2021\/06\/Talasli-Imalat-280x210.jpg\" class=\"attachment-anps-gallery-thumb size-anps-gallery-thumb\" alt=\"\" \/><\/a><a href='https:\/\/umutmekanik.com\/wp-content\/uploads\/2021\/06\/talasli-imalat-1024x681-1024x630-1.jpg' data-caption='Umut Mekanik' title='Umut Mekanik'><img loading=\"lazy\" decoding=\"async\" width=\"280\" height=\"210\" src=\"https:\/\/umutmekanik.com\/wp-content\/uploads\/2021\/06\/talasli-imalat-1024x681-1024x630-1-280x210.jpg\" class=\"attachment-anps-gallery-thumb size-anps-gallery-thumb\" alt=\"\" \/><\/a><a href='https:\/\/umutmekanik.com\/wp-content\/uploads\/2021\/06\/unnamed-2.jpg' data-caption='Umut Mekanik' title='Umut Mekanik'><img loading=\"lazy\" decoding=\"async\" width=\"280\" height=\"210\" src=\"https:\/\/umutmekanik.com\/wp-content\/uploads\/2021\/06\/unnamed-2-280x210.jpg\" class=\"attachment-anps-gallery-thumb size-anps-gallery-thumb\" alt=\"\" \/><\/a><\/div><\/div>[\/vc_column][\/vc_row][vc_row][vc_column][vc_custom_heading text=&#8221;Tala\u015fl\u0131 imalat nedir?&#8221; use_theme_fonts=&#8221;yes&#8221; el_class=&#8221;title&#8221;][vc_column_text]<strong>\u0130zmir Tala\u015fl\u0131 imalat nedir?<\/strong>\u00a0\u00f6ncelikle bu soruya bir yan\u0131t arayal\u0131m.\u00a0Bir malzemeye istenen \u00f6zellikleri kazand\u0131rmak (y\u00fczey, \u015fekil ve boyut) i\u00e7in bir tak\u0131m ve g\u00fc\u00e7 kullan\u0131larak yap\u0131lan, i\u015f par\u00e7as\u0131 \u00fczerinden tabaka \u015feklinde\u00a0<strong>malzeme kald\u0131rma<\/strong>\u00a0i\u015flemine tala\u015fl\u0131 imalat denir. Ayr\u0131lan malzeme tabakas\u0131na da tala\u015f denir. K\u0131sacas\u0131<strong> \u0130zmir tala\u015fl\u0131 imalat<\/strong>, kesici tak\u0131mlar yard\u0131m\u0131yla eldeki kal\u0131p malzemenin, hedeflenen \u015fekle ula\u015ft\u0131r\u0131lmas\u0131 i\u015flemidir. Tala\u015fl\u0131 imalat\u0131n ne oldu\u011funu \u00f6\u011frendikten sonra, avantaj ve dezavantajlar\u0131 detayl\u0131 bir \u015fekilde inceleyelim.<\/p>\n<div class=\"content-in-ads\"><\/div>\n<p>[\/vc_column_text][\/vc_column][\/vc_row][vc_row][vc_column width=&#8221;7\/12&#8243;][vc_custom_heading text=&#8221;Temel Tala\u015fl\u0131 \u0130malat Y\u00f6ntemleri&#8221; use_theme_fonts=&#8221;yes&#8221; el_class=&#8221;title&#8221;][vc_column_text][\/vc_column_text][vc_tta_accordion style=&#8221;anps-style-1&#8243; shape=&#8221;square&#8221; active_section=&#8221;1&#8243;][vc_tta_section title=&#8221;Tornalama \u0130\u015flemi&#8221; tab_id=&#8221;1453278520348-82ca7492-26b7938d-1ab1&#8243;][vc_column_text css=&#8221;.vc_custom_1622635866855{margin-bottom: 0px !important;}&#8221;]Tornalama, belirli geometrik yap\u0131da kesici kenarlar\u0131 olan kesici tak\u0131mlarla (kalem,\u00a0kesici u\u00e7) aynaya ba\u011fl\u0131 olarak d\u00f6nen i\u015f par\u00e7as\u0131ndan dairesel olarak tala\u015f kald\u0131rma i\u015flemidir.\u00a0Genel olarak i\u015f par\u00e7as\u0131na d\u00f6nme hareketi uygulan\u0131r. Tornalama i\u015flemleri, klasik torna\u00a0tezg\u00e2hlar\u0131 veya seri imalatta ise CNC torna tezg\u00e2hlar\u0131nda yap\u0131lmaktad\u0131r.[\/vc_column_text][\/vc_tta_section][vc_tta_section title=&#8221;Frezeleme \u0130\u015flemi&#8221; tab_id=&#8221;1453278704996-2e48d0ff-944d938d-1ab1&#8243;][vc_column_text css=&#8221;.vc_custom_1622635894231{margin-bottom: 0px !important;}&#8221;]Frezeleme d\u00fcz veya kavisli y\u00fczeylerin, kanallar\u0131n, helisel kanallar\u0131n, di\u015flilerin ve vida\u00a0di\u015flerinin imal edilmesi, cep ve kademe i\u015flenmesinde, delik a\u00e7ma ve b\u00fcy\u00fctme i\u015flemlerinde\u00a0belirli geometrik yap\u0131l\u0131 tek veya \u00e7ok a\u011f\u0131zl\u0131 kesici tak\u0131mlarla tala\u015f kald\u0131rma i\u015flemidir.[\/vc_column_text][\/vc_tta_section][vc_tta_section title=&#8221;Delik Delme \u0130\u015flemi&#8221; tab_id=&#8221;1453278708716-3462645a-c915938d-1ab1&#8243;][vc_column_text css=&#8221;.vc_custom_1622635922281{margin-bottom: 0px !important;}&#8221;]Kendi ekseni etraf\u0131nda d\u00f6nen kesici matkap, freze \u00e7ak\u0131lar\u0131 ile par\u00e7a y\u00fczeyine boydan\u00a0boya silindirik deliklerin veya bir taraf\u0131 kapal\u0131 belirli \u00f6l\u00e7\u00fclerdeki (k\u00f6r delik) silindirik\u00a0deliklerin a\u00e7\u0131lmas\u0131d\u0131r.\u00a0Delik delme i\u015flemi i\u00e7in matkap tezg\u00e2hlar\u0131 kullan\u0131lmaktad\u0131r. Fakat bunun yan\u0131nda\u00a0tezgaha delik delme aparat\u0131 tak\u0131larak CNC torna tezg\u00e2hlar\u0131nda veya CNC freze tezg\u00e2hlar\u0131nda\u00a0da delik delinebilmektedir.[\/vc_column_text][\/vc_tta_section][vc_tta_section title=&#8221;Raybalama \u0130\u015flemi&#8221; tab_id=&#8221;1453278719768-885e6062-5ba0938d-1ab1&#8243;][vc_column_text css=&#8221;.vc_custom_1622635946700{margin-bottom: 0px !important;}&#8221;]Raybalama, y\u00fcksek kalite ve uygun hassasiyette deliklerin imal edilmesi i\u00e7in, \u00e7ok az\u00a0tala\u015f kald\u0131rarak yap\u0131lan delik iyile\u015ftirme i\u015flemidir. Raybalama i\u015flemi delinmi\u015f olan deliklere\u00a0eksenel d\u00fczg\u00fcnl\u00fck, hassas \u00f6l\u00e7\u00fc taml\u0131\u011f\u0131 ve ince y\u00fczey p\u00fcr\u00fczl\u00fcl\u00fc\u011f\u00fc sa\u011flamak i\u00e7in kullan\u0131l\u0131r.[\/vc_column_text][\/vc_tta_section][vc_tta_section title=&#8221;Ta\u015flama \u0130\u015flemi&#8221; tab_id=&#8221;1453278719253-0a2170b7-7b6b938d-1ab1&#8243;][vc_column_text css=&#8221;.vc_custom_1622635974135{margin-bottom: 0px !important;}&#8221;]Ta\u015flama i\u015flemi, \u00e7e\u015fitli tane b\u00fcy\u00fckl\u00fc\u011f\u00fcndeki silindirik ta\u015flarla i\u015flenmi\u015f makine\u00a0par\u00e7alar\u0131 y\u00fczeyinden az miktarda tala\u015f kald\u0131rma i\u015flemi ile \u00e7ok ince \u015fekilde y\u00fczey hassasiyeti\u00a0elde etme, \u00f6l\u00e7\u00fc taml\u0131\u011f\u0131 sa\u011flama, daha d\u00fc\u015f\u00fck p\u00fcr\u00fczl\u00fcl\u00fc\u011fe sahip y\u00fczey elde etme i\u015flemidir.[\/vc_column_text][\/vc_tta_section][\/vc_tta_accordion][\/vc_column][vc_column width=&#8221;5\/12&#8243;][vc_custom_heading text=&#8221;Tala\u015fl\u0131 \u0130malat\u0131n Avantajlar\u0131&#8221; use_theme_fonts=&#8221;yes&#8221; el_class=&#8221;title&#8221;][vc_column_text]<\/p>\n<ul>\n<li>\u0130zmir Tala\u015fl\u0131 imalat i\u015flemlerinde, i\u015flenebilen malzeme skalas\u0131 olduk\u00e7a geni\u015ftir.<\/li>\n<li>Tala\u015fl\u0131 imalat i\u015flemi sayesinde, \u00f6nceden tasarlanan<strong>\u00a0her t\u00fcrl\u00fc \u015fekil ve boyuttaki\u00a0<\/strong>par\u00e7ay\u0131 elde etmek m\u00fcmk\u00fcn.<\/li>\n<li>Milimetrik hesaplarla bilgisayar programlar\u0131 gibi dijital ortamlarda tasarlanan \u015fekiller, tala\u015fl\u0131 imalat ile istenilen\u00a0<strong>do\u011fru \u00f6l\u00e7\u00fcler ve temiz y\u00fczeylerle\u00a0<\/strong>kullan\u0131lmaya haz\u0131r, kat\u0131 cisim elde edilebilir.<\/li>\n<\/ul>\n<p>[\/vc_column_text][\/vc_column][\/vc_row]<\/p>\n","protected":false},"excerpt":{"rendered":"<p>[vc_row css=&#8221;.vc_custom_1453476669810{margin-bottom: 15px !important;}&#8221;][vc_column][\/vc_column][\/vc_row][vc_row][vc_column][vc_custom_heading text=&#8221;Tala\u015fl\u0131 imalat nedir?&#8221; use_theme_fonts=&#8221;yes&#8221; el_class=&#8221;title&#8221;][vc_column_text]\u0130zmir Tala\u015fl\u0131 imalat nedir?\u00a0\u00f6ncelikle bu soruya bir yan\u0131t arayal\u0131m.\u00a0Bir malzemeye istenen \u00f6zellikleri kazand\u0131rmak (y\u00fczey, \u015fekil ve boyut) i\u00e7in bir tak\u0131m ve g\u00fc\u00e7 kullan\u0131larak yap\u0131lan, i\u015f par\u00e7as\u0131 \u00fczerinden tabaka \u015feklinde\u00a0malzeme kald\u0131rma\u00a0i\u015flemine tala\u015fl\u0131 imalat &hellip;<\/p>\n","protected":false},"author":1,"featured_media":0,"parent":1436,"menu_order":0,"comment_status":"closed","ping_status":"closed","template":"","meta":{"footnotes":""},"class_list":["post-1514","page","type-page","status-publish","hentry"],"_links":{"self":[{"href":"https:\/\/umutmekanik.com\/index.php\/wp-json\/wp\/v2\/pages\/1514","targetHints":{"allow":["GET"]}}],"collection":[{"href":"https:\/\/umutmekanik.com\/index.php\/wp-json\/wp\/v2\/pages"}],"about":[{"href":"https:\/\/umutmekanik.com\/index.php\/wp-json\/wp\/v2\/types\/page"}],"author":[{"embeddable":true,"href":"https:\/\/umutmekanik.com\/index.php\/wp-json\/wp\/v2\/users\/1"}],"replies":[{"embeddable":true,"href":"https:\/\/umutmekanik.com\/index.php\/wp-json\/wp\/v2\/comments?post=1514"}],"version-history":[{"count":6,"href":"https:\/\/umutmekanik.com\/index.php\/wp-json\/wp\/v2\/pages\/1514\/revisions"}],"predecessor-version":[{"id":2571,"href":"https:\/\/umutmekanik.com\/index.php\/wp-json\/wp\/v2\/pages\/1514\/revisions\/2571"}],"up":[{"embeddable":true,"href":"https:\/\/umutmekanik.com\/index.php\/wp-json\/wp\/v2\/pages\/1436"}],"wp:attachment":[{"href":"https:\/\/umutmekanik.com\/index.php\/wp-json\/wp\/v2\/media?parent=1514"}],"curies":[{"name":"wp","href":"https:\/\/api.w.org\/{rel}","templated":true}]}}