{"id":1508,"date":"2016-01-20T08:59:43","date_gmt":"2016-01-20T08:59:43","guid":{"rendered":"http:\/\/anpsthemes.com\/construction\/?page_id=1508"},"modified":"2021-06-25T15:42:38","modified_gmt":"2021-06-25T12:42:38","slug":"is-makinesi-atasman-imalati","status":"publish","type":"page","link":"https:\/\/umutmekanik.com\/index.php\/hizmet-alanlari\/is-makinesi-atasman-imalati\/","title":{"rendered":"\u0130zmir i\u015f Makinasi Ata\u015fman \u0130malat\u0131"},"content":{"rendered":"<p>[vc_row css=&#8221;.vc_custom_1453476243999{margin-bottom: 15px !important;}&#8221;][vc_column]<div class=\"gallery-fs\"><figure><img decoding=\"async\" src=\"https:\/\/umutmekanik.com\/wp-content\/uploads\/2021\/06\/atasman.png\" alt=\"\"><figcaption>Umut Mekanik<\/figcaption><\/figure><\/div>[\/vc_column][\/vc_row][vc_row][vc_column][vc_custom_heading text=&#8221;\u0130\u015f Makinesi Ata\u015fman&#8221; use_theme_fonts=&#8221;yes&#8221; el_class=&#8221;title&#8221;][vc_column_text]<span style=\"vertical-align: inherit;\"><span style=\"vertical-align: inherit;\"><span style=\"vertical-align: inherit;\"><span style=\"vertical-align: inherit;\">\u0130\u015f ve in\u015faat makinalar\u0131, in\u015faatlar, \u015fantiyeler, ta\u015f ocaklar\u0131, maden ocaklar\u0131 gibi kaz\u0131, y\u00fckleme, ta\u015f\u0131ma ve k\u0131rma i\u015flemlerinin yap\u0131ld\u0131\u011f\u0131 tesislerde s\u0131k\u00e7a yer almaktad\u0131r. Firmam\u0131zda, bu makinalara ait ata\u015fmanlar\u0131n ve \u00f6zel ama\u00e7l\u0131 ekipmanlar\u0131n tasar\u0131mlar\u0131 ve imalatlar\u0131 yap\u0131lmaktad\u0131r.<\/span><\/span><\/span><\/span><\/p>\n<p><span style=\"vertical-align: inherit;\"><span style=\"vertical-align: inherit;\"><span style=\"vertical-align: inherit;\"><span style=\"vertical-align: inherit;\">\u0130malat\u0131n\u0131 yapt\u0131\u011f\u0131m\u0131z \u00fcr\u00fcnlerin kapasite hesaplar\u0131 ve dayan\u0131m hesaplar\u0131 \u00fcr\u00fcn\u00fcn kullan\u0131laca\u011f\u0131 nokta g\u00f6z \u00f6n\u00fcne al\u0131narak, m\u00fc\u015fterilerin de istekleri do\u011frultusunda her \u00fcr\u00fcn i\u00e7in yeniden yap\u0131lmaktad\u0131r.<\/span><\/span><\/span><\/span><\/p>\n<p><span style=\"vertical-align: inherit;\"><span style=\"vertical-align: inherit;\"><span style=\"vertical-align: inherit;\"><span style=\"vertical-align: inherit;\">\u0130zmir i\u015f makinas\u0131 ata\u015fman &#8216;lar\u0131 \u00e7ok ama\u00e7l\u0131 kullan\u0131ld\u0131\u011f\u0131 i\u00e7in kullan\u0131lan ata\u015fman say\u0131s\u0131 olduk\u00e7a fazlad\u0131r. Firmam\u0131zda en \u00e7ok kullan\u0131lan \u00fcr\u00fcnler seri olarak \u00fcretilmekte iken spesifik olarak istenen \u00fcr\u00fcnlerde tasar\u0131m ve m\u00fc\u015fteri onay\u0131 s\u00fcreci ile tamamen i\u015fe \u00f6zg\u00fc \u00fcr\u00fcnler tasarlan\u0131p \u00fcretilmektedir.<\/span><\/span><\/span><\/span><\/p>\n<p><span style=\"vertical-align: inherit;\"><span style=\"vertical-align: inherit;\"><span style=\"vertical-align: inherit;\"><span style=\"vertical-align: inherit;\">\u0130\u015f makinalar\u0131n\u0131n kullan\u0131ld\u0131\u011f\u0131 i\u015flemlerde (hafriyat, kaz\u0131, in\u015faat vb.) ata\u015fman\u0131n direk temasta oldu\u011fu malzemelerin sertlik ve a\u015f\u0131nd\u0131r\u0131c\u0131l\u0131k de\u011ferlerinin bilinmesi, kullan\u0131lacak ata\u015fman\u0131n malzeme se\u00e7imi ve dayan\u0131m hesaplar\u0131n\u0131n yap\u0131lmas\u0131 a\u00e7\u0131s\u0131ndan son derece \u00f6nemlidir. \u00c7ok sert ve a\u015f\u0131nd\u0131r\u0131c\u0131 malzemede \u00e7al\u0131\u015fan ata\u015fmanlar\u0131n malzeme ile temas eden b\u00f6lgelerinde a\u015f\u0131nmaya mukavim malzemeler kullan\u0131lmaktad\u0131r.<\/span><\/span><\/span><\/span><\/p>\n<p><span style=\"vertical-align: inherit;\"><span style=\"vertical-align: inherit;\"><span style=\"vertical-align: inherit;\"><span style=\"vertical-align: inherit;\">\u0130zmir i\u015f makinas\u0131 ata\u015fman &#8211;\u00a0 a\u015f\u0131nma derecesine ba\u011fl\u0131 olarak kullan\u0131lan a\u015f\u0131nmaya kar\u015f\u0131 mukavim malzemelerin sertlik de\u011ferleri, \u00fcr\u00fcnden \u00fcr\u00fcne farkl\u0131l\u0131k g\u00f6stermektedir. \u00d6rne\u011fin a\u015f\u0131r\u0131 derecede a\u015f\u0131nd\u0131r\u0131c\u0131 malzemelerde kullan\u0131lan ata\u015fmanlarda temas y\u00fczeyleri 500 Brinell sertli\u011finde \u00e7elik ile kaplan\u0131rken k\u0131smen daha hafif a\u015f\u0131nd\u0131rc\u0131l\u0131k de\u011ferlerinde 400 Brinell sertli\u011finde \u00e7elik kullan\u0131lmaktad\u0131r. E\u011fer a\u015f\u0131nma miktar\u0131 belirlenen de\u011ferlerin alt\u0131nda olursa temas y\u00fczeylerinde \u00e7ekme mukavemeti 520 \u00e7elikler kullan\u0131lmaktad\u0131r.<\/span><\/span><\/span><\/span>[\/vc_column_text][\/vc_column][\/vc_row][vc_row][vc_column width=&#8221;7\/12&#8243;][vc_custom_heading text=&#8221;\u0130\u015f Makinesi Ata\u015fman Farkl\u0131l\u0131klar\u0131&#8221; use_theme_fonts=&#8221;yes&#8221; el_class=&#8221;title&#8221;][vc_column_text][\/vc_column_text][vc_tta_accordion style=&#8221;anps-style-1&#8243; shape=&#8221;square&#8221; active_section=&#8221;1&#8243;][vc_tta_section title=&#8221;Genel Ama\u00e7l\u0131 Ekskavat\u00f6r Kovas\u0131&#8221; tab_id=&#8221;1453278520348-82ca7492-26b767f7-73e6&#8243;][vc_column_text css=&#8221;.vc_custom_1622637036730{margin-bottom: 0px !important;}&#8221;]30 tona kadar a\u011f\u0131rl\u0131ktaki ekskavat\u00f6rlere \u00f6nerilmektedir. A\u011f\u0131z b\u0131\u00e7a\u011f\u0131 istisnas\u0131z 400 Brinell sertli\u011findeki malzemelerden yap\u0131lmaktad\u0131r. Ba\u011flant\u0131 grubu St 52-3 \u00e7elikten yap\u0131lmaktad\u0131r.[\/vc_column_text][\/vc_tta_section][vc_tta_section title=&#8221;A\u011f\u0131r Hizmet Ekskavat\u00f6r Kovas\u0131&#8221; tab_id=&#8221;1453278704996-2e48d0ff-944d67f7-73e6&#8243;][vc_column_text css=&#8221;.vc_custom_1622637064204{margin-bottom: 0px !important;}&#8221;]50 tona kadar a\u011f\u0131rl\u0131ktaki ekskavat\u00f6rlere \u00f6nerilmektedir. Malzeme ile temas eden b\u00fct\u00fcn y\u00fczeyler minimum 400 Brinell sertli\u011findeki malzemelerden yap\u0131lmaktad\u0131r. Ba\u011flant\u0131 grubu St 52-3 \u00e7elikten yap\u0131lmaktad\u0131r.[\/vc_column_text][\/vc_tta_section][vc_tta_section title=&#8221;Ekstra A\u011f\u0131r Hizmet Ekskavat\u00f6r Kovas\u0131&#8221; tab_id=&#8221;1453278708716-3462645a-c91567f7-73e6&#8243;][vc_column_text css=&#8221;.vc_custom_1622637088550{margin-bottom: 0px !important;}&#8221;]\u00c7al\u0131\u015ft\u0131\u011f\u0131 malzeme ekstra a\u015f\u0131nd\u0131r\u0131c\u0131 olan b\u00fct\u00fcn ekskavat\u00f6rlerde \u00f6nerilmektedir. Malzeme ile temas eden b\u00fct\u00fcn y\u00fczeyler minimum 400-450-500 Brinell sertli\u011findeki malzemelerden yap\u0131lmaktad\u0131r. Ba\u011flant\u0131 grubu St 60 \u00e7elikten yap\u0131lmaktad\u0131r.[\/vc_column_text][\/vc_tta_section][vc_tta_section title=&#8221;Loader Kovalar\u0131&#8221; tab_id=&#8221;1453278719768-885e6062-5ba067f7-73e6&#8243;][vc_column_text css=&#8221;.vc_custom_1622637112056{margin-bottom: 0px !important;}&#8221;]Genellikle y\u00fckleme ama\u00e7l\u0131 kullan\u0131lan loader (y\u00fckleyici) kovalar\u0131 kullan\u0131ld\u0131klar\u0131 malzemelere g\u00f6re \u00e7e\u015fitlilik g\u00f6sterirler.[\/vc_column_text][\/vc_tta_section][vc_tta_section title=&#8221;Ripper&#8221; tab_id=&#8221;1453278719253-0a2170b7-7b6b67f7-73e6&#8243;][vc_column_text css=&#8221;.vc_custom_1622637130260{margin-bottom: 0px !important;}&#8221;]<\/p>\n<div class=\"vc_row wpb_row vc_row-fluid dt-default\">\n<div class=\"wpb_column vc_column_container vc_col-sm-8\">\n<div class=\"vc_column-inner\">\n<div class=\"wpb_wrapper\">\n<div id=\"ultimate-heading-261160b7795a953df\" class=\"uvc-heading ult-adjust-bottom-margin ultimate-heading-261160b7795a953df uvc-6216 uvc-heading-default-font-sizes\" data-hspacer=\"no_spacer\" data-halign=\"left\">\n<div class=\"uvc-sub-heading ult-responsive\" data-ultimate-target=\".uvc-heading.ultimate-heading-261160b7795a953df .uvc-sub-heading \" data-responsive-json-new=\"{&quot;font-size&quot;:&quot;&quot;,&quot;line-height&quot;:&quot;&quot;}\">\n<p>Ekskavat\u00f6rler i\u00e7in sert zemin, kaz\u0131 ve y\u0131k\u0131m i\u015flerinde kullan\u0131lmak \u00fczere tasarlanm\u0131\u015ft\u0131r. Yap\u0131lan tasar\u0131mlar\u0131m\u0131z fazla g\u00fc\u00e7 gerektirmeden,\u00a0 ta\u015f\u0131nmaya ve darbeye kar\u015f\u0131 dayan\u0131kl\u0131 malzemelerden \u00fcretilmi\u015ftir.<\/p>\n<p>&nbsp;<\/p>\n<\/div>\n<\/div>\n<\/div>\n<\/div>\n<\/div>\n<\/div>\n<div class=\"vc_row wpb_row vc_row-fluid dt-default\">\n<div class=\"wpb_column vc_column_container vc_col-sm-4\">\n<div class=\"vc_column-inner\">\n<div class=\"wpb_wrapper\">\n<div class=\"shortcode-single-image-wrap shortcode-single-image-41bcb711b4390f349c75964478002067 alignnone enable-bg-rollover dt-icon-bg-off\"><\/div>\n<\/div>\n<\/div>\n<\/div>\n<\/div>\n<p>[\/vc_column_text][\/vc_tta_section][vc_tta_section title=&#8221;Tomruk Ata\u015fman\u0131&#8221; tab_id=&#8221;1453278718305-b6d352bb-e0a667f7-73e6&#8243;][vc_column_text css=&#8221;.vc_custom_1622637165832{margin-bottom: 0px !important;}&#8221;]<\/p>\n<div id=\"content\" class=\"content\" role=\"main\">\n<div class=\"vc_row wpb_row vc_row-fluid dt-default\">\n<div class=\"wpb_column vc_column_container vc_col-sm-8\">\n<div class=\"vc_column-inner\">\n<div class=\"wpb_wrapper\">\n<div id=\"ultimate-heading-74760b7795a99249\" class=\"uvc-heading ult-adjust-bottom-margin ultimate-heading-74760b7795a99249 uvc-4241 uvc-heading-default-font-sizes\" data-hspacer=\"no_spacer\" data-halign=\"left\">\n<div class=\"uvc-sub-heading ult-responsive\" data-ultimate-target=\".uvc-heading.ultimate-heading-74760b7795a99249 .uvc-sub-heading \" data-responsive-json-new=\"{&quot;font-size&quot;:&quot;&quot;,&quot;line-height&quot;:&quot;&quot;}\">\n<p>Tomruk ve kereste y\u00fcklemelerinde ve ta\u015f\u0131nmas\u0131nda kullan\u0131lmaktad\u0131r. Tamamen serbest olarak \u00e7al\u0131\u015fan modelleri oldu\u011fu gibi hidrolik rotatorlu modelleri de mevcuttur. Hidrolik s\u0131kmal\u0131d\u0131r.<\/p>\n<p>&nbsp;<\/p>\n<\/div>\n<\/div>\n<\/div>\n<\/div>\n<\/div>\n<\/div>\n<\/div>\n<aside id=\"sidebar\" class=\"sidebar bg-under-widget\">\n<div class=\"sidebar-content widget-divider-off\"><\/div>\n<\/aside>\n<p>[\/vc_column_text][\/vc_tta_section][\/vc_tta_accordion][\/vc_column][vc_column width=&#8221;5\/12&#8243;][vc_custom_heading text=&#8221;Umut Mekanik&#8221; use_theme_fonts=&#8221;yes&#8221; el_class=&#8221;title&#8221;][vc_column_text]<\/p>\n<div id=\"attachment_2346\" style=\"width: 990px\" class=\"wp-caption aligncenter\"><img loading=\"lazy\" decoding=\"async\" aria-describedby=\"caption-attachment-2346\" class=\"wp-image-2346 size-large\" src=\"http:\/\/www.umutmekanik.com\/wp-content\/uploads\/2021\/06\/beko-loder-scaled-1-1024x681.jpg\" alt=\"\u0130zmir i\u015f makinesi ata\u015fman, izmir i\u015f makinesi ata\u015fmanlar\u0131 imalat\u0131, izmir ata\u015fman imalat\u0131, ata\u015fman tamiri, ata\u015fman bak\u0131m onar\u0131m\u0131, \u0130zmir i\u015f makinas\u0131 ata\u015fman\u200b.\" width=\"980\" height=\"652\" srcset=\"https:\/\/umutmekanik.com\/wp-content\/uploads\/2021\/06\/beko-loder-scaled-1-1024x681.jpg 1024w, https:\/\/umutmekanik.com\/wp-content\/uploads\/2021\/06\/beko-loder-scaled-1-300x199.jpg 300w, https:\/\/umutmekanik.com\/wp-content\/uploads\/2021\/06\/beko-loder-scaled-1-768x511.jpg 768w, https:\/\/umutmekanik.com\/wp-content\/uploads\/2021\/06\/beko-loder-scaled-1-1536x1021.jpg 1536w, https:\/\/umutmekanik.com\/wp-content\/uploads\/2021\/06\/beko-loder-scaled-1-2048x1362.jpg 2048w, https:\/\/umutmekanik.com\/wp-content\/uploads\/2021\/06\/beko-loder-scaled-1-600x399.jpg 600w\" sizes=\"auto, (max-width: 980px) 100vw, 980px\" \/><p id=\"caption-attachment-2346\" class=\"wp-caption-text\">izmir i\u015f makinas\u0131 ata\u015fman, izmir i\u015f makinas\u0131 ata\u015fman imalat\u0131, i\u015f makinas\u0131 ata\u015fman izmir, izmir i\u015f makinas\u0131 ata\u015fman revizyon<\/p><\/div>\n<p>[\/vc_column_text][\/vc_column][\/vc_row]<\/p>\n","protected":false},"excerpt":{"rendered":"<p>[vc_row css=&#8221;.vc_custom_1453476243999{margin-bottom: 15px !important;}&#8221;][vc_column][\/vc_column][\/vc_row][vc_row][vc_column][vc_custom_heading text=&#8221;\u0130\u015f Makinesi Ata\u015fman&#8221; use_theme_fonts=&#8221;yes&#8221; el_class=&#8221;title&#8221;][vc_column_text]\u0130\u015f ve in\u015faat makinalar\u0131, in\u015faatlar, \u015fantiyeler, ta\u015f ocaklar\u0131, maden ocaklar\u0131 gibi kaz\u0131, y\u00fckleme, ta\u015f\u0131ma ve k\u0131rma i\u015flemlerinin yap\u0131ld\u0131\u011f\u0131 tesislerde s\u0131k\u00e7a yer almaktad\u0131r. Firmam\u0131zda, bu makinalara ait ata\u015fmanlar\u0131n ve \u00f6zel ama\u00e7l\u0131 ekipmanlar\u0131n tasar\u0131mlar\u0131 &hellip;<\/p>\n","protected":false},"author":1,"featured_media":0,"parent":1436,"menu_order":0,"comment_status":"closed","ping_status":"closed","template":"","meta":{"footnotes":""},"class_list":["post-1508","page","type-page","status-publish","hentry"],"_links":{"self":[{"href":"https:\/\/umutmekanik.com\/index.php\/wp-json\/wp\/v2\/pages\/1508","targetHints":{"allow":["GET"]}}],"collection":[{"href":"https:\/\/umutmekanik.com\/index.php\/wp-json\/wp\/v2\/pages"}],"about":[{"href":"https:\/\/umutmekanik.com\/index.php\/wp-json\/wp\/v2\/types\/page"}],"author":[{"embeddable":true,"href":"https:\/\/umutmekanik.com\/index.php\/wp-json\/wp\/v2\/users\/1"}],"replies":[{"embeddable":true,"href":"https:\/\/umutmekanik.com\/index.php\/wp-json\/wp\/v2\/comments?post=1508"}],"version-history":[{"count":8,"href":"https:\/\/umutmekanik.com\/index.php\/wp-json\/wp\/v2\/pages\/1508\/revisions"}],"predecessor-version":[{"id":2575,"href":"https:\/\/umutmekanik.com\/index.php\/wp-json\/wp\/v2\/pages\/1508\/revisions\/2575"}],"up":[{"embeddable":true,"href":"https:\/\/umutmekanik.com\/index.php\/wp-json\/wp\/v2\/pages\/1436"}],"wp:attachment":[{"href":"https:\/\/umutmekanik.com\/index.php\/wp-json\/wp\/v2\/media?parent=1508"}],"curies":[{"name":"wp","href":"https:\/\/api.w.org\/{rel}","templated":true}]}}