{"id":1482,"date":"2016-01-19T16:40:09","date_gmt":"2016-01-19T16:40:09","guid":{"rendered":"http:\/\/anpsthemes.com\/construction\/?page_id=1482"},"modified":"2021-08-31T11:43:47","modified_gmt":"2021-08-31T08:43:47","slug":"iletisim","status":"publish","type":"page","link":"https:\/\/umutmekanik.com\/index.php\/iletisim\/","title":{"rendered":"\u0130zmir \u00e7elik konstr\u00fcksiyon  \u0130leti\u015fim"},"content":{"rendered":"<p>[vc_row full_width=&#8221;stretch_row_content_no_spaces&#8221; content_placement=&#8221;middle&#8221; css=&#8221;.vc_custom_1630399426397{margin-bottom: 40px !important;}&#8221;][vc_column]<div data-styles='[\n{\n\"featureType\": \"administrative\",\n\"elementType\": \"labels.text.fill\",\n\"stylers\": [\n{\n\"color\": \"#444444\"\n}\n]\n},\n{\n\"featureType\": \"landscape\",\n\"elementType\": \"all\",\n\"stylers\": [\n{\n\"color\": \"#f2f2f2\"\n}\n]\n},\n{\n\"featureType\": \"poi\",\n\"elementType\": \"all\",\n\"stylers\": [\n{\n\"visibility\": \"off\"\n}\n]\n},\n{\n\"featureType\": \"road\",\n\"elementType\": \"all\",\n\"stylers\": [\n{\n\"saturation\": -100\n},\n{\n\"lightness\": 45\n}\n]\n},\n{\n\"featureType\": \"road\",\n\"elementType\": \"geometry.fill\",\n\"stylers\": [\n{\n\"visibility\": \"on\"\n},\n{\n\"saturation\": \"-1\"\n},\n{\n\"lightness\": \"18\"\n}\n]\n},\n{\n\"featureType\": \"road.highway\",\n\"elementType\": \"all\",\n\"stylers\": [\n{\n\"visibility\": \"simplified\"\n}\n]\n},\n{\n\"featureType\": \"road.arterial\",\n\"elementType\": \"labels.icon\",\n\"stylers\": [\n{\n\"visibility\": \"off\"\n}\n]\n},\n{\n\"featureType\": \"transit\",\n\"elementType\": \"all\",\n\"stylers\": [\n{\n\"visibility\": \"off\"\n}\n]\n},\n{\n\"featureType\": \"water\",\n\"elementType\": \"all\",\n\"stylers\": [\n{\n\"color\": \"#3498db\"\n},\n{\n\"visibility\": \"on\"\n}\n]\n}\n]' class='map' id='map1' style='height: 450px;' data-type='ROADMAP' data-zoom='14' data-scroll='true' data-markers='{ \"address\": \"38.236153, 27.136913\",  \"center\": \"\", \"data\": \"\", \"options\": { \"icon\": \"https:\/\/umutmekanik.com\/wp-content\/themes\/industrial\/images\/marker.png\" } }|'><\/div>[\/vc_column][\/vc_row][vc_row][vc_column][vc_custom_heading text=&#8221;\u0130leti\u015fim&#8221; use_theme_fonts=&#8221;yes&#8221; el_class=&#8221;title&#8221;][vc_empty_space height=&#8221;15&#8243;][vc_column_text][\/vc_column_text][\/vc_column][\/vc_row][vc_row css=&#8221;.vc_custom_1453297211960{margin-bottom: 40px !important;}&#8221;][vc_column width=&#8221;5\/12&#8243;]<table class='info-table'><\/tbody><tr class='info-table-row'><th class='info-table-icon'><i class='fa fas fa-sitemap'><\/i><\/th><td class='info-table-content'>Umut Mekanik<\/td><\/tr><tr class='info-table-row'><th class='info-table-icon'><i class='fa fas fa-location-arrow'><\/i><\/th><td class='info-table-content'>\u00c7evreyolu Bulvar\u0131 No:159, C Blok, Kap\u0131 No:3\/4, \u0130zmir<\/td><\/tr><tr class='info-table-row'><th class='info-table-icon'><i class='fa fas fa-tty'><\/i><\/th><td class='info-table-content'><strong><a href='tel:+902327822018'>+90 232 782 20 18<\/a><\/strong><\/td><\/tr><tr class='info-table-row'><th class='info-table-icon'><i class='fa fas fa-phone-volume'><\/i><\/th><td class='info-table-content'><strong><a href='tel:05447875016'>+90 544 787 50 16<\/a><\/strong><\/td><\/tr><tr class='info-table-row'><th class='info-table-icon'><i class='fa fas fa-envelope'><\/i><\/th><td class='info-table-content'><strong><a href='mailto:info@umutmekanik.com'>info@umutmekanik.com<\/a><\/strong><\/td><\/tr><tr class='info-table-row'><th class='info-table-icon'><i class='fa fas fa-blog'><\/i><\/th><td class='info-table-content'><a href=\"http:\/\/www.umutmekanik.com\" target=\"_blank\" rel=\"noopener\">www.umutmekanik.com<\/a><\/td><\/tr><\/table><\/tbody>[\/vc_column][vc_column width=&#8221;7\/12&#8243;]<div role=\"form\" class=\"wpcf7\" id=\"wpcf7-f1831-o1\" lang=\"en-US\" dir=\"ltr\">\n<div class=\"screen-reader-response\"><p role=\"status\" aria-live=\"polite\" aria-atomic=\"true\"><\/p> <ul><\/ul><\/div>\n<form action=\"\/index.php\/wp-json\/wp\/v2\/pages\/1482#wpcf7-f1831-o1\" method=\"post\" class=\"wpcf7-form init\" novalidate=\"novalidate\" data-status=\"init\">\n<div style=\"display: none;\">\n<input type=\"hidden\" name=\"_wpcf7\" value=\"1831\" \/>\n<input type=\"hidden\" name=\"_wpcf7_version\" value=\"5.4.1\" \/>\n<input type=\"hidden\" name=\"_wpcf7_locale\" value=\"en_US\" \/>\n<input type=\"hidden\" name=\"_wpcf7_unit_tag\" value=\"wpcf7-f1831-o1\" \/>\n<input type=\"hidden\" name=\"_wpcf7_container_post\" value=\"0\" \/>\n<input type=\"hidden\" name=\"_wpcf7_posted_data_hash\" value=\"\" \/>\n<\/div>\n<div class=\"row\">\n<fieldset class=\"form-group col-md-7\">\n   <span class=\"wpcf7-form-control-wrap name\"><input type=\"text\" name=\"name\" value=\"\" size=\"40\" class=\"wpcf7-form-control wpcf7-text wpcf7-validates-as-required\" aria-required=\"true\" aria-invalid=\"false\" placeholder=\"Ad Soyad\" \/><\/span><br \/>\n<\/fieldset>\n<fieldset class=\"form-group col-md-7\">\n   <span class=\"wpcf7-form-control-wrap email\"><input type=\"email\" name=\"email\" value=\"\" size=\"40\" class=\"wpcf7-form-control wpcf7-text wpcf7-email wpcf7-validates-as-required wpcf7-validates-as-email\" aria-required=\"true\" aria-invalid=\"false\" placeholder=\"E-Posta\" \/><\/span><br \/>\n<\/fieldset>\n<fieldset class=\"form-group col-md-7\">\n   <span class=\"wpcf7-form-control-wrap subject\"><input type=\"text\" name=\"subject\" value=\"\" size=\"40\" class=\"wpcf7-form-control wpcf7-text wpcf7-validates-as-required\" aria-required=\"true\" aria-invalid=\"false\" placeholder=\"Konu\" \/><\/span><br \/>\n<\/fieldset>\n<fieldset class=\"form-group col-md-12\">\n   <span class=\"wpcf7-form-control-wrap message\"><textarea name=\"message\" cols=\"40\" rows=\"10\" class=\"wpcf7-form-control wpcf7-textarea wpcf7-validates-as-required\" aria-required=\"true\" aria-invalid=\"false\" placeholder=\"Mesaj\"><\/textarea><\/span><br \/>\n<\/fieldset>\n<fieldset class=\"form-group col-md-12\">\n   <input type=\"submit\" value=\"G\u00f6nder\" class=\"wpcf7-form-control wpcf7-submit btn btn-normal btn-md\" \/><br \/>\n<\/fieldset>\n<\/div>\n<div class=\"wpcf7-response-output\" aria-hidden=\"true\"><\/div><\/form><\/div>[\/vc_column][\/vc_row][vc_row full_width=&#8221;stretch_row&#8221; el_class=&#8221;no-bottom-padding-row&#8221;][vc_column css=&#8221;.vc_custom_1453297229659{padding-top: 0px !important;}&#8221;][vc_column_text]<\/p>\n<div id=\"attachment_2547\" style=\"width: 990px\" class=\"wp-caption aligncenter\"><img loading=\"lazy\" decoding=\"async\" aria-describedby=\"caption-attachment-2547\" class=\"wp-image-2547 size-large\" src=\"http:\/\/www.umutmekanik.com\/wp-content\/uploads\/2021\/06\/2c8df4f6-4493-4edb-ae80-5789f1c195ee-1024x498.jpg\" alt=\"\u0130zmir \u00c7elik Konstr\u00fcksiyon \u0130malat\u0131 ... Bir yap\u0131n\u0131n \u00e7elikten olu\u015fmas\u0131na \u00e7elik konstr\u00fcksiyon imalat\u0131 denir. Binan\u0131n ana ta\u015f\u0131y\u0131c\u0131lar\u0131 ba\u015fta olmak \u00fczere, \u00e7elik kullan\u0131lan binalara,\u200b ...\" width=\"980\" height=\"477\" srcset=\"https:\/\/umutmekanik.com\/wp-content\/uploads\/2021\/06\/2c8df4f6-4493-4edb-ae80-5789f1c195ee-1024x498.jpg 1024w, https:\/\/umutmekanik.com\/wp-content\/uploads\/2021\/06\/2c8df4f6-4493-4edb-ae80-5789f1c195ee-300x146.jpg 300w, https:\/\/umutmekanik.com\/wp-content\/uploads\/2021\/06\/2c8df4f6-4493-4edb-ae80-5789f1c195ee-768x373.jpg 768w, https:\/\/umutmekanik.com\/wp-content\/uploads\/2021\/06\/2c8df4f6-4493-4edb-ae80-5789f1c195ee-1536x747.jpg 1536w, https:\/\/umutmekanik.com\/wp-content\/uploads\/2021\/06\/2c8df4f6-4493-4edb-ae80-5789f1c195ee-600x292.jpg 600w, https:\/\/umutmekanik.com\/wp-content\/uploads\/2021\/06\/2c8df4f6-4493-4edb-ae80-5789f1c195ee.jpg 2016w\" sizes=\"auto, (max-width: 980px) 100vw, 980px\" \/><p id=\"caption-attachment-2547\" class=\"wp-caption-text\">izmir \u00e7elik konstr\u00fcksiyon imalat\u0131, \u00e7elik konstr\u00fcksiyon imalat\u0131 izmir, izmir damper polimer kaplama, izmir i\u015f makinesi ata\u015fman imalat\u0131<\/p><\/div>\n<p>\u00c7elik yap\u0131 elemanlar\u0131n\u0131n imalat ve montaj s\u00fcreleri \u00e7ok daha k\u0131sa oldu\u011fu i\u00e7in in\u015faat, proje ve maliyet maliyetleri minimize edilmektedir. \u0130zmir \u00c7elik konstr\u00fcksiyon yap\u0131lar kolonsuz end\u00fcstriyel yap\u0131larda geni\u015f a\u00e7\u0131kl\u0131klara sahiptir ve aletsiz ge\u00e7i\u015f yapabilmektedir. Bu, ekonomik kazan\u00e7 ve zamandan b\u00fcy\u00fck \u00f6l\u00e7\u00fcde tasarruf sa\u011flar.<\/p>\n<p>\u0130zmir \u00c7elik konstr\u00fcksiyon proje a\u015famas\u0131nda, \u015fartname ve standartlara uygun olarak kullan\u0131lan hammaddeler ile do\u011fru haz\u0131rl\u0131klar ve \u00e7elik konstr\u00fcksiyon sa\u011flanmaktad\u0131r. \u00dcretimin her a\u015famas\u0131nda kalite kontrol yap\u0131lmaktad\u0131r.<\/p>\n<p>[\/vc_column_text][\/vc_column][\/vc_row]<\/p>\n","protected":false},"excerpt":{"rendered":"<p>[vc_row full_width=&#8221;stretch_row_content_no_spaces&#8221; content_placement=&#8221;middle&#8221; css=&#8221;.vc_custom_1630399426397{margin-bottom: 40px !important;}&#8221;][vc_column][\/vc_column][\/vc_row][vc_row][vc_column][vc_custom_heading text=&#8221;\u0130leti\u015fim&#8221; use_theme_fonts=&#8221;yes&#8221; el_class=&#8221;title&#8221;][vc_empty_space height=&#8221;15&#8243;][vc_column_text][\/vc_column_text][\/vc_column][\/vc_row][vc_row css=&#8221;.vc_custom_1453297211960{margin-bottom: 40px !important;}&#8221;][vc_column width=&#8221;5\/12&#8243;][\/vc_column][vc_column width=&#8221;7\/12&#8243;][\/vc_column][\/vc_row][vc_row full_width=&#8221;stretch_row&#8221; el_class=&#8221;no-bottom-padding-row&#8221;][vc_column css=&#8221;.vc_custom_1453297229659{padding-top: 0px !important;}&#8221;][vc_column_text] \u00c7elik yap\u0131 elemanlar\u0131n\u0131n imalat ve montaj s\u00fcreleri \u00e7ok daha k\u0131sa oldu\u011fu i\u00e7in in\u015faat, proje ve maliyet maliyetleri minimize edilmektedir. \u0130zmir &hellip;<\/p>\n","protected":false},"author":1,"featured_media":0,"parent":0,"menu_order":0,"comment_status":"closed","ping_status":"closed","template":"","meta":{"footnotes":""},"class_list":["post-1482","page","type-page","status-publish","hentry"],"_links":{"self":[{"href":"https:\/\/umutmekanik.com\/index.php\/wp-json\/wp\/v2\/pages\/1482","targetHints":{"allow":["GET"]}}],"collection":[{"href":"https:\/\/umutmekanik.com\/index.php\/wp-json\/wp\/v2\/pages"}],"about":[{"href":"https:\/\/umutmekanik.com\/index.php\/wp-json\/wp\/v2\/types\/page"}],"author":[{"embeddable":true,"href":"https:\/\/umutmekanik.com\/index.php\/wp-json\/wp\/v2\/users\/1"}],"replies":[{"embeddable":true,"href":"https:\/\/umutmekanik.com\/index.php\/wp-json\/wp\/v2\/comments?post=1482"}],"version-history":[{"count":53,"href":"https:\/\/umutmekanik.com\/index.php\/wp-json\/wp\/v2\/pages\/1482\/revisions"}],"predecessor-version":[{"id":2672,"href":"https:\/\/umutmekanik.com\/index.php\/wp-json\/wp\/v2\/pages\/1482\/revisions\/2672"}],"wp:attachment":[{"href":"https:\/\/umutmekanik.com\/index.php\/wp-json\/wp\/v2\/media?parent=1482"}],"curies":[{"name":"wp","href":"https:\/\/api.w.org\/{rel}","templated":true}]}}