{"id":1461,"date":"2016-01-19T15:44:38","date_gmt":"2016-01-19T15:44:38","guid":{"rendered":"http:\/\/anpsthemes.com\/construction\/?page_id=1461"},"modified":"2021-06-08T14:25:04","modified_gmt":"2021-06-08T11:25:04","slug":"s-s-s","status":"publish","type":"page","link":"https:\/\/umutmekanik.com\/index.php\/s-s-s\/","title":{"rendered":"S.S.S"},"content":{"rendered":"<p>[vc_row][vc_column][vc_custom_heading text=&#8221;S\u0131k\u00e7a Sorulan Sorular&#8221; use_theme_fonts=&#8221;yes&#8221; el_class=&#8221;title&#8221;][vc_empty_space height=&#8221;15&#8243;][vc_column_text]Curabitur maximus feugiat velit, sed dapibus sem auctor quis. Maecenas turpis purus, tincidunt eget mattis ac, placerat sit amet dolor. Aenean vel porttitor libero, nec tempor magna. Mauris sed ex at tellus elementum tempus dignissim ac est. Curabitur maximus feugiat velit, sed dapibus sem auctor quis.[\/vc_column_text][\/vc_column][\/vc_row][vc_row css=&#8221;.vc_custom_1453297416098{margin-bottom: 60px !important;}&#8221;][vc_column]<div class=\"projects\"><ul class='filter'><li><button data-filter=\"*\" class=\"selected\">All projects<\/button><\/li><\/ul><div class='row projects-content'><div class='projects-item  col-md-4 col-xs-6'><div class='projects-item-wrap'><img decoding=\"async\" src=\"https:\/\/umutmekanik.com\/wp-content\/uploads\/2021\/05\/oksijen-tupu-359x283.png\" alt=\"\" \/><div class=\"project-hover-bg\"><\/div><div class=\"project-hover\"><h3 class='project-title text-uppercase'>Oksijen set Arabas\u0131 \u0130malat\u0131<\/h3><p class='project-desc'><\/p><a class='btn btn-md' href='https:\/\/umutmekanik.com\/index.php\/portfolio\/oksijen-set-arabasi-imalati\/'>Read more<\/a><\/div><\/div><\/div><div class='projects-item  col-md-4 col-xs-6'><div class='projects-item-wrap'><img decoding=\"async\" src=\"https:\/\/umutmekanik.com\/wp-content\/uploads\/2016\/01\/celik-359x283.png\" alt=\"\" \/><div class=\"project-hover-bg\"><\/div><div class=\"project-hover\"><h3 class='project-title text-uppercase'>\u00c7elik Konstr\u00fcksiyon \u0130malat\u0131<\/h3><p class='project-desc'><\/p><a class='btn btn-md' href='https:\/\/umutmekanik.com\/index.php\/portfolio\/celik-konstruksiyon-imalati\/'>Read more<\/a><\/div><\/div><\/div><div class='projects-item  col-md-4 col-xs-6'><div class='projects-item-wrap'><img decoding=\"async\" src=\"https:\/\/umutmekanik.com\/wp-content\/uploads\/2016\/01\/talas-359x283.png\" alt=\"\" \/><div class=\"project-hover-bg\"><\/div><div class=\"project-hover\"><h3 class='project-title text-uppercase'>Tala\u015fl\u0131 \u0130malat<\/h3><p class='project-desc'><\/p><a class='btn btn-md' href='https:\/\/umutmekanik.com\/index.php\/portfolio\/talasli-imalat\/'>Read more<\/a><\/div><\/div><\/div><div class='projects-item  col-md-4 col-xs-6'><div class='projects-item-wrap'><img decoding=\"async\" src=\"https:\/\/umutmekanik.com\/wp-content\/uploads\/2016\/01\/polimer-359x283.png\" alt=\"\" \/><div class=\"project-hover-bg\"><\/div><div class=\"project-hover\"><h3 class='project-title text-uppercase'>Damper Polimer Kaplama<\/h3><p class='project-desc'><\/p><a class='btn btn-md' href='https:\/\/umutmekanik.com\/index.php\/portfolio\/damper-polimer-kaplama\/'>Read more<\/a><\/div><\/div><\/div><div class='projects-item  col-md-4 col-xs-6'><div class='projects-item-wrap'><img decoding=\"async\" src=\"https:\/\/umutmekanik.com\/wp-content\/uploads\/2016\/01\/is-makinesi-359x283.png\" alt=\"\" \/><div class=\"project-hover-bg\"><\/div><div class=\"project-hover\"><h3 class='project-title text-uppercase'>\u0130\u015f Makinesi Ata\u015fman \u0130malat\u0131<\/h3><p class='project-desc'><\/p><a class='btn btn-md' href='https:\/\/umutmekanik.com\/index.php\/portfolio\/is-makinesi-atasman-imalati\/'>Read more<\/a><\/div><\/div><\/div><div class='projects-item  col-md-4 col-xs-6'><div class='projects-item-wrap'><img decoding=\"async\" src=\"https:\/\/umutmekanik.com\/wp-content\/uploads\/2016\/01\/ozel-imalat-1-359x283.png\" alt=\"\" \/><div class=\"project-hover-bg\"><\/div><div class=\"project-hover\"><h3 class='project-title text-uppercase'>\u00d6zel kaynakl\u0131 Aparat \u0130malat\u0131<\/h3><p class='project-desc'><\/p><a class='btn btn-md' href='https:\/\/umutmekanik.com\/index.php\/portfolio\/ozel-kaynakli-aparat-imalati\/'>Read more<\/a><\/div><\/div><\/div><\/div><\/div>[\/vc_column][\/vc_row]<\/p>\n","protected":false},"excerpt":{"rendered":"<p>[vc_row][vc_column][vc_custom_heading text=&#8221;S\u0131k\u00e7a Sorulan Sorular&#8221; use_theme_fonts=&#8221;yes&#8221; el_class=&#8221;title&#8221;][vc_empty_space height=&#8221;15&#8243;][vc_column_text]Curabitur maximus feugiat velit, sed dapibus sem auctor quis. Maecenas turpis purus, tincidunt eget mattis ac, placerat sit amet dolor. Aenean vel porttitor libero, nec tempor magna. Mauris sed ex at tellus elementum tempus &hellip;<\/p>\n","protected":false},"author":1,"featured_media":0,"parent":0,"menu_order":0,"comment_status":"closed","ping_status":"closed","template":"","meta":{"footnotes":""},"class_list":["post-1461","page","type-page","status-publish","hentry"],"_links":{"self":[{"href":"https:\/\/umutmekanik.com\/index.php\/wp-json\/wp\/v2\/pages\/1461","targetHints":{"allow":["GET"]}}],"collection":[{"href":"https:\/\/umutmekanik.com\/index.php\/wp-json\/wp\/v2\/pages"}],"about":[{"href":"https:\/\/umutmekanik.com\/index.php\/wp-json\/wp\/v2\/types\/page"}],"author":[{"embeddable":true,"href":"https:\/\/umutmekanik.com\/index.php\/wp-json\/wp\/v2\/users\/1"}],"replies":[{"embeddable":true,"href":"https:\/\/umutmekanik.com\/index.php\/wp-json\/wp\/v2\/comments?post=1461"}],"version-history":[{"count":3,"href":"https:\/\/umutmekanik.com\/index.php\/wp-json\/wp\/v2\/pages\/1461\/revisions"}],"predecessor-version":[{"id":2426,"href":"https:\/\/umutmekanik.com\/index.php\/wp-json\/wp\/v2\/pages\/1461\/revisions\/2426"}],"wp:attachment":[{"href":"https:\/\/umutmekanik.com\/index.php\/wp-json\/wp\/v2\/media?parent=1461"}],"curies":[{"name":"wp","href":"https:\/\/api.w.org\/{rel}","templated":true}]}}