{"id":1450,"date":"2016-01-20T08:20:38","date_gmt":"2016-01-20T08:20:38","guid":{"rendered":"http:\/\/anpsthemes.com\/construction\/?page_id=1450"},"modified":"2021-06-25T14:11:44","modified_gmt":"2021-06-25T11:11:44","slug":"celik-konstruksiyon-imalati","status":"publish","type":"page","link":"https:\/\/umutmekanik.com\/index.php\/hizmet-alanlari\/celik-konstruksiyon-imalati\/","title":{"rendered":"\u00c7elik Konstr\u00fcksiyon \u0130malat\u0131"},"content":{"rendered":"<p>[vc_row css=&#8221;.vc_custom_1453450201221{margin-bottom: 15px !important;}&#8221;][vc_column]<div class=\"gallery-fs\"><figure><img decoding=\"async\" src=\"https:\/\/umutmekanik.com\/wp-content\/uploads\/2021\/06\/celik-konstr..jpg\" alt=\"\"><figcaption>\u00e7elik konstr.<\/figcaption><\/figure><div class=\"gallery-fs-nav\"><button class=\"gallery-fs-fullscreen\"><i class=\"fa fa-arrows-alt\"><\/i><\/button><\/div><div class=\"gallery-fs-thumbnails gallery-fs-thumbnails-col-5 owl-carousel\"><a href='https:\/\/umutmekanik.com\/wp-content\/uploads\/2021\/06\/celik-konstr..jpg' data-caption='\u00e7elik konstr.' title='\u00e7elik konstr.' class=\"selected\"><img loading=\"lazy\" decoding=\"async\" width=\"280\" height=\"210\" src=\"https:\/\/umutmekanik.com\/wp-content\/uploads\/2021\/06\/celik-konstr.-280x210.jpg\" class=\"attachment-anps-gallery-thumb size-anps-gallery-thumb\" alt=\"\" \/><\/a><a href='https:\/\/umutmekanik.com\/wp-content\/uploads\/2021\/06\/20191111_160445.jpg' data-caption='Umut Mekanik' title='Umut Mekanik'><img loading=\"lazy\" decoding=\"async\" width=\"280\" height=\"210\" src=\"https:\/\/umutmekanik.com\/wp-content\/uploads\/2021\/06\/20191111_160445-280x210.jpg\" class=\"attachment-anps-gallery-thumb size-anps-gallery-thumb\" alt=\"\" \/><\/a><a href='https:\/\/umutmekanik.com\/wp-content\/uploads\/2021\/06\/814a7f03-a121-45ff-9dce-d97f930adcfe.jpg' data-caption='Umut Mekanik' title='Umut Mekanik'><img loading=\"lazy\" decoding=\"async\" width=\"280\" height=\"210\" src=\"https:\/\/umutmekanik.com\/wp-content\/uploads\/2021\/06\/814a7f03-a121-45ff-9dce-d97f930adcfe-280x210.jpg\" class=\"attachment-anps-gallery-thumb size-anps-gallery-thumb\" alt=\"\" \/><\/a><a href='https:\/\/umutmekanik.com\/wp-content\/uploads\/2021\/06\/celik-konstruksiyon-imalati-1.jpg' data-caption='Umut Mekanik' title='Umut Mekanik'><img loading=\"lazy\" decoding=\"async\" width=\"280\" height=\"210\" src=\"https:\/\/umutmekanik.com\/wp-content\/uploads\/2021\/06\/celik-konstruksiyon-imalati-1-280x210.jpg\" class=\"attachment-anps-gallery-thumb size-anps-gallery-thumb\" alt=\"\" \/><\/a><a href='https:\/\/umutmekanik.com\/wp-content\/uploads\/2021\/06\/2ff06334-cf81-4e54-981c-a18e16e6a865.jpg' data-caption='Umut Mekanik' title='Umut Mekanik'><img loading=\"lazy\" decoding=\"async\" width=\"280\" height=\"210\" src=\"https:\/\/umutmekanik.com\/wp-content\/uploads\/2021\/06\/2ff06334-cf81-4e54-981c-a18e16e6a865-280x210.jpg\" class=\"attachment-anps-gallery-thumb size-anps-gallery-thumb\" alt=\"\" \/><\/a><\/div><\/div>[\/vc_column][\/vc_row][vc_row][vc_column][vc_custom_heading text=&#8221;\u00c7elik Konstr\u00fcksiyon \u0130malat\u0131&#8221; use_theme_fonts=&#8221;yes&#8221; el_class=&#8221;title&#8221;][vc_column_text]\u00c7elik, alternatiflerine g\u00f6re hafifli\u011fi, y\u00fcksek mukavemet ve dayan\u0131kl\u0131l\u0131k g\u00fcc\u00fc, daha elastik yap\u0131s\u0131 ve s\u00fcneklik \u00f6zellikleri ile her kat ve deprem b\u00f6lgesi i\u00e7in en do\u011fru yap\u0131 malzemesidir.<\/p>\n<p>\u00c7elik yap\u0131 elemanlar\u0131n\u0131n imalat ve montaj s\u00fcreleri \u00e7ok daha k\u0131sa oldu\u011fu i\u00e7in in\u015faat, proje ve maliyet maliyetleri minimize edilmektedir. \u0130zmir \u00c7elik konstr\u00fcksiyon yap\u0131lar kolonsuz end\u00fcstriyel yap\u0131larda geni\u015f a\u00e7\u0131kl\u0131klara sahiptir ve aletsiz ge\u00e7i\u015f yapabilmektedir. Bu, ekonomik kazan\u00e7 ve zamandan b\u00fcy\u00fck \u00f6l\u00e7\u00fcde tasarruf sa\u011flar.<\/p>\n<p>\u0130zmir \u00c7elik konstr\u00fcksiyon proje a\u015famas\u0131nda, \u015fartname ve standartlara uygun olarak kullan\u0131lan hammaddeler ile do\u011fru haz\u0131rl\u0131klar ve \u00e7elik konstr\u00fcksiyon sa\u011flanmaktad\u0131r. \u00dcretimin her a\u015famas\u0131nda kalite kontrol yap\u0131lmaktad\u0131r.<\/p>\n<p>\u00c7elik yap\u0131y\u0131 ve ta\u015f\u0131y\u0131c\u0131 sistemi olu\u015fturan t\u00fcm elemanlar c\u0131vatal\u0131 olarak \u00fcretilebilir. Bu demontaj \u00f6zelli\u011fi, \u0130zmir \u00e7elik konstr\u00fcksiyon yap\u0131n\u0131n s\u00f6k\u00fclmesinde, ta\u015f\u0131nmas\u0131nda, de\u011fi\u015ftirilmesinde, b\u00fcy\u00fct\u00fclmesinde veya k\u00fc\u00e7\u00fclt\u00fclmesinde minimum kay\u0131pla malzeme kayb\u0131n\u0131 \u00f6nler.<\/p>\n<p><strong>\u0130n\u015faat i\u00e7in \u00fc\u00e7 tip \u00e7elik kullan\u0131l\u0131r:<\/strong><br \/>\n1. Yap\u0131sal \u00e7elik konstr\u00fcksiyon (a\u011f\u0131r \u00e7elik)<br \/>\n2. Hafif \u00e7elik konstr\u00fcksiyon<br \/>\n3. Kutu profil \u00e7elikleri[\/vc_column_text][\/vc_column][\/vc_row][vc_row][vc_column width=&#8221;7\/12&#8243;][vc_custom_heading text=&#8221;\u00c7EL\u0130K KONSTR\u00dcKS\u0130YON A\u015eAMALARI&#8221; use_theme_fonts=&#8221;yes&#8221; el_class=&#8221;title&#8221;][vc_column_text][\/vc_column_text][vc_tta_accordion style=&#8221;anps-style-1&#8243; shape=&#8221;square&#8221; active_section=&#8221;1&#8243;][vc_tta_section title=&#8221;\u0130\u015f Haz\u0131rl\u0131\u011f\u0131&#8221; tab_id=&#8221;1453278520348-82ca7492-26b7&#8243;][vc_column_text css=&#8221;.vc_custom_1622545844557{margin-bottom: 0px !important;}&#8221;]Proje i\u00e7in yap\u0131lacak \u00fcretimler, hangi \u00e7elik konstr\u00fcksiyon makinelerde hangi pozlar\u0131n \u00fcretilece\u011fine g\u00f6re belirlenir.[\/vc_column_text][\/vc_tta_section][vc_tta_section title=&#8221;Sac kesim&#8221; tab_id=&#8221;1453278704996-2e48d0ff-944d&#8221;][vc_column_text css=&#8221;.vc_custom_1622545880328{margin-bottom: 0px !important;}&#8221;]Haz\u0131rlanan planlara g\u00f6re \u00fcretimde kullan\u0131lacak plakalar CNC Plazma makinesinde kesilerek hassas ve kay\u0131ps\u0131z \u00fcretim sa\u011flanmaktad\u0131r.[\/vc_column_text][\/vc_tta_section][vc_tta_section title=&#8221;Profil \u0130\u015fleme&#8221; tab_id=&#8221;1453278708716-3462645a-c915&#8243;][vc_column_text css=&#8221;.vc_custom_1622545904890{margin-bottom: 0px !important;}&#8221;]\u0130malatta kullan\u0131lacak \u00e7elik profiller geni\u015f makine parkurumuzda farkl\u0131 makinelerde kesme ve delme i\u015flemleri ile i\u015flenmektedir.[\/vc_column_text][\/vc_tta_section][vc_tta_section title=&#8221;\u0130\u015faretleme ve \u00c7at\u0131 Kaplama&#8221; tab_id=&#8221;1453278719768-885e6062-5ba0&#8243;][vc_column_text css=&#8221;.vc_custom_1622545938501{margin-bottom: 0px !important;}&#8221;]<strong>\u00a0<\/strong>\u00e7elik yap\u0131 proje detay resimleri belirtilen kesim ve i\u015flenen par\u00e7alar\u0131n numaras\u0131 (marka) ile izlenebilirlik sa\u011flan\u0131r.\u00a0Kalite kontrol taraf\u0131ndan onaylanan par\u00e7alar teknik resme kaynat\u0131l\u0131r.[\/vc_column_text][\/vc_tta_section][vc_tta_section title=&#8221;Kumlama ve Boya&#8221; tab_id=&#8221;1453278719253-0a2170b7-7b6b&#8221;][vc_column_text css=&#8221;.vc_custom_1622545961807{margin-bottom: 0px !important;}&#8221;]y\u00fczeyler ya\u011f, kir ve pas temizlenerek temizlenecek veya mekanik olarak temizlenecek \u015fekilde boyamaya haz\u0131rlan\u0131r.\u00a0Malzemeler \u015fartnamede belirtilen \u00f6zellik ve renklerle istenilen kal\u0131nl\u0131k de\u011ferleri esas al\u0131narak boyanmaktad\u0131r.[\/vc_column_text][\/vc_tta_section][vc_tta_section title=&#8221;Korozyon Korumas\u0131&#8221; tab_id=&#8221;1453278718305-b6d352bb-e0a6&#8243;][vc_column_text css=&#8221;.vc_custom_1622545989809{margin-bottom: 0px !important;}&#8221;]Yap\u0131 \u00e7elikleri oksidasyona uygun oldu\u011fu i\u00e7in \u00f6zel malzemelerle korunmal\u0131d\u0131r.\u00a0Bu nedenle \u00e7elik y\u00fczey taleplere ve standartlara g\u00f6re temizlenir, ard\u0131ndan kumlama, kimyasal temizleme, boyama ve galvanizleme y\u00f6ntemleri uygulan\u0131r.[\/vc_column_text][\/vc_tta_section][\/vc_tta_accordion][\/vc_column][vc_column width=&#8221;5\/12&#8243;][vc_custom_heading text=&#8221;\u00c7EL\u0130K KONSTR\u00dcKS\u0130YON \u0130MALAT ALANLARI&#8221; use_theme_fonts=&#8221;yes&#8221; el_class=&#8221;title&#8221;][vc_column_text]<\/p>\n<ul>\n<li>\u0130zmir \u00c7elik Konstr\u00fcksiyon \u00c7at\u0131 \u0130n\u015faat\u0131<\/li>\n<li>\u0130zmir \u00c7elik konstr\u00fcksiyon depo imalat\u0131<\/li>\n<li>\u0130zmir \u00c7elik Konstr\u00fcksiyon<\/li>\n<li>\u0130zmir \u00c7elik konstr\u00fcksiyon villalar<\/li>\n<li>\u0130zmir \u00c7elik konstr\u00fcksiyon fabrikas\u0131<\/li>\n<li>C\u0131vatal\u0131 \u00e7elik imalatlar\u0131<\/li>\n<li>\u0130zmir \u00c7elik konstr\u00fcksiyon hangar imalat\u0131<\/li>\n<li>Geni\u015f a\u00e7\u0131kl\u0131kl\u0131 \u00e7elik yap\u0131 imalat\u0131<\/li>\n<li>Tonoz sistemi \u00e7elik \u00e7at\u0131 imalat\u0131<\/li>\n<li>\u00c7elik Fabrikas\u0131<\/li>\n<li>End\u00fcstriyel tesisler<\/li>\n<li>Konvey\u00f6r k\u00f6pr\u00fcleri<\/li>\n<li>Asans\u00f6r kuleleri, bunker, siklon<\/li>\n<li>Tah\u0131l depolama sistemleri, silolar<\/li>\n<li>K\u00f6pr\u00fcler, Platformlar, \u00c7elik Aray\u00fczler<\/li>\n<li>Tank, kazan e\u015fanj\u00f6r\u00fc, toz toplay\u0131c\u0131 filtreler<\/li>\n<li>CNC plazma lazer kesim<\/li>\n<li>CNC sac kesme b\u00fck\u00fcm<\/li>\n<\/ul>\n<p>[\/vc_column_text][\/vc_column][\/vc_row]<\/p>\n","protected":false},"excerpt":{"rendered":"<p>[vc_row css=&#8221;.vc_custom_1453450201221{margin-bottom: 15px !important;}&#8221;][vc_column][\/vc_column][\/vc_row][vc_row][vc_column][vc_custom_heading text=&#8221;\u00c7elik Konstr\u00fcksiyon \u0130malat\u0131&#8221; use_theme_fonts=&#8221;yes&#8221; el_class=&#8221;title&#8221;][vc_column_text]\u00c7elik, alternatiflerine g\u00f6re hafifli\u011fi, y\u00fcksek mukavemet ve dayan\u0131kl\u0131l\u0131k g\u00fcc\u00fc, daha elastik yap\u0131s\u0131 ve s\u00fcneklik \u00f6zellikleri ile her kat ve deprem b\u00f6lgesi i\u00e7in en do\u011fru yap\u0131 malzemesidir. \u00c7elik yap\u0131 elemanlar\u0131n\u0131n imalat ve montaj &hellip;<\/p>\n","protected":false},"author":1,"featured_media":0,"parent":1436,"menu_order":0,"comment_status":"closed","ping_status":"closed","template":"","meta":{"footnotes":""},"class_list":["post-1450","page","type-page","status-publish","hentry"],"_links":{"self":[{"href":"https:\/\/umutmekanik.com\/index.php\/wp-json\/wp\/v2\/pages\/1450","targetHints":{"allow":["GET"]}}],"collection":[{"href":"https:\/\/umutmekanik.com\/index.php\/wp-json\/wp\/v2\/pages"}],"about":[{"href":"https:\/\/umutmekanik.com\/index.php\/wp-json\/wp\/v2\/types\/page"}],"author":[{"embeddable":true,"href":"https:\/\/umutmekanik.com\/index.php\/wp-json\/wp\/v2\/users\/1"}],"replies":[{"embeddable":true,"href":"https:\/\/umutmekanik.com\/index.php\/wp-json\/wp\/v2\/comments?post=1450"}],"version-history":[{"count":9,"href":"https:\/\/umutmekanik.com\/index.php\/wp-json\/wp\/v2\/pages\/1450\/revisions"}],"predecessor-version":[{"id":2551,"href":"https:\/\/umutmekanik.com\/index.php\/wp-json\/wp\/v2\/pages\/1450\/revisions\/2551"}],"up":[{"embeddable":true,"href":"https:\/\/umutmekanik.com\/index.php\/wp-json\/wp\/v2\/pages\/1436"}],"wp:attachment":[{"href":"https:\/\/umutmekanik.com\/index.php\/wp-json\/wp\/v2\/media?parent=1450"}],"curies":[{"name":"wp","href":"https:\/\/api.w.org\/{rel}","templated":true}]}}