{"id":1436,"date":"2016-01-19T14:52:43","date_gmt":"2016-01-19T14:52:43","guid":{"rendered":"http:\/\/anpsthemes.com\/construction\/?page_id=1436"},"modified":"2021-08-06T13:57:21","modified_gmt":"2021-08-06T10:57:21","slug":"hizmet-alanlari","status":"publish","type":"page","link":"https:\/\/umutmekanik.com\/index.php\/hizmet-alanlari\/","title":{"rendered":"Hizmet Alanlar\u0131"},"content":{"rendered":"<p>[vc_row css=&#8221;.vc_custom_1453287409122{margin-bottom: 40px !important;}&#8221;][vc_column width=&#8221;1\/3&#8243;]<div class='featured featured-has-link featured-has-content'><div class='featured-header'><a target='_self' href='\/index.php\/hizmet-alanlari\/celik-konstruksiyon-imalati\/'><img alt='\u00c7elik Konstr\u00fcksiyon \u0130malat\u0131' src='https:\/\/umutmekanik.com\/wp-content\/uploads\/2016\/01\/unnamed-3-722x368.jpg'\/><\/a><\/div><div class='featured-content'><h3 class='featured-title text-uppercase'><a target='_self' href='\/index.php\/hizmet-alanlari\/celik-konstruksiyon-imalati\/'>\u00c7elik Konstr\u00fcksiyon \u0130malat\u0131<\/a><\/h3><p class='featured-desc'>\u0130zmir \u00c7elik konstr\u00fcksiyon imalat\u0131, \u00e7e\u015fitli end\u00fcstriyel sekt\u00f6rlerde en \u00e7ok tercih edilen metaldir. \u0130malat sanayisinde, petrol ve gaz end\u00fcstrisinde, in\u015faat end\u00fcstrisinde, ambalaj end\u00fcstrisinde ve ula\u015f\u0131mda yayg\u0131n olarak kullan\u0131l\u0131r. G\u00fcn\u00fcm\u00fczde, end\u00fcstriyel i\u015fleyi\u015fin \u00e7elik konstr\u00fcksiyon imalat\u0131 olmadan hayal edilmesi zor. \u0130zmir \u00c7elik konstr\u00fcksiyon imalat\u0131 kullan\u0131larak \u00e7ok say\u0131da ekipman imalat edilmektedir.<\/p><a class='btn btn-md btn-minimal' target='_self' href='\/index.php\/hizmet-alanlari\/celik-konstruksiyon-imalati\/'>Detay..<\/a><\/div><\/div>[\/vc_column][vc_column width=&#8221;1\/3&#8243;]<div class='featured featured-has-link featured-has-content'><div class='featured-header'><a target='_self' href='\/index.php\/hizmet-alanlari\/asinma-plakasi-ve-kep-imalati\/'><img alt='A\u015f\u0131nma Plakas\u0131 Ve Kep \u0130malat\u0131' src='https:\/\/umutmekanik.com\/wp-content\/uploads\/2021\/08\/2088f220-f776-41f5-928a-e01cba6b0090-722x368.jpg'\/><\/a><\/div><div class='featured-content'><h3 class='featured-title text-uppercase'><a target='_self' href='\/index.php\/hizmet-alanlari\/asinma-plakasi-ve-kep-imalati\/'>A\u015f\u0131nma Plakas\u0131 Ve Kep \u0130malat\u0131<\/a><\/h3><p class='featured-desc'>A\u015f\u0131nma plakalar\u0131 en zorlu \u00e7al\u0131\u015fma ko\u015fullar\u0131nda dahi sa\u011flad\u0131\u011f\u0131 y\u00fcksek a\u015f\u0131nma dayan\u0131m\u0131 ile makina bak\u0131m ve duru\u015f maliyetlerini azaltarak kullan\u0131c\u0131lar\u0131n\u0131n verimlili\u011fini artt\u0131ran kompozit \u00e7elik levhalard\u0131r. So\u011fuk \u015fekillendirilebilme \u00f6zelli\u011fi ve kolay kaynak edilebilir altl\u0131k \u00e7elik malzemeleri ile \u00c7imento, Termik Santral, Demir-\u00c7elik, Maden, Cam, Geri D\u00f6n\u00fc\u015f\u00fcm end\u00fcstrilerinde yayg\u0131n olarak kullan\u0131lmaktad\u0131r.<\/p><a class='btn btn-md btn-minimal' target='_self' href='\/index.php\/hizmet-alanlari\/asinma-plakasi-ve-kep-imalati\/'>Detay..<\/a><\/div><\/div>[\/vc_column][vc_column width=&#8221;1\/3&#8243;]<div class='featured featured-has-link featured-has-content'><div class='featured-header'><a target='_self' href='\/index.php\/hizmet-alanlari\/damper-polimer-kaplama\/'><img alt='Damper Polimer Kaplama' src='https:\/\/umutmekanik.com\/wp-content\/uploads\/2021\/06\/72557ec2-274f-4155-a270-47f351e0dcbe-722x368.jpg'\/><\/a><\/div><div class='featured-content'><h3 class='featured-title text-uppercase'><a target='_self' href='\/index.php\/hizmet-alanlari\/damper-polimer-kaplama\/'>Damper Polimer Kaplama<\/a><\/h3><p class='featured-desc'>End\u00fcstrinin bir\u00e7ok alan\u0131nda, s\u00fcrt\u00fcnme, a\u015f\u0131nma ve malzemelerin ak\u0131\u015f problemlerine \u00e7\u00f6z\u00fcmler \u00fcretir. Olduk\u00e7a d\u00fc\u015f\u00fck s\u00fcrt\u00fcnme y\u00fczeyi, y\u00fcksek darbe dayan\u0131m\u0131 ve m\u00fckemmel kimyasal dayan\u0131m\u0131 ile kendine has bir malzemedir. Kamyon, Silo, vb. yerlerde kaplama malzemesi olarak tasarlanmas\u0131 bu \u00f6zelliklerinin paralelinde ger\u00e7ekle\u015fmi\u015ftir.<\/p><a class='btn btn-md btn-minimal' target='_self' href='\/index.php\/hizmet-alanlari\/damper-polimer-kaplama\/'>Detay..<\/a><\/div><\/div>[\/vc_column][\/vc_row][vc_row full_width=&#8221;stretch_row&#8221; css=&#8221;.vc_custom_1460118064162{padding-bottom: 140px !important;background-position: 0 0 !important;background-repeat: no-repeat !important;}&#8221; el_class=&#8221;bg-image-bottom&#8221;][vc_column width=&#8221;1\/3&#8243;]<div class='featured featured-has-link featured-has-content'><div class='featured-header'><a target='_self' href='\/index.php\/hizmet-alanlari\/talasli-imalat\/'><img alt='Tala\u015fl\u0131 \u0130ma\u015fat' src='https:\/\/umutmekanik.com\/wp-content\/uploads\/2021\/05\/indir-1.jpg'\/><\/a><\/div><div class='featured-content'><h3 class='featured-title text-uppercase'><a target='_self' href='\/index.php\/hizmet-alanlari\/talasli-imalat\/'>Tala\u015fl\u0131 \u0130ma\u015fat<\/a><\/h3><p class='featured-desc'>Tala\u015fl\u0131 imalat (\u00fcretim) ; tasarlanm\u0131\u015f bir i\u015f par\u00e7as\u0131n\u0131n standartlara uygun olarak projelendirilmi\u015f teknik resmi referans al\u0131narak, par\u00e7a \u00fczerinden farkl\u0131 \u015fekil ve b\u00fcy\u00fckl\u00fcklerde tala\u015f kald\u0131r\u0131larak istenilen geometrik \u015fekli verme i\u015flemidir. Bu \u015fekil verme i\u015flemi, uygun tak\u0131m ve tezgahlar arac\u0131l\u0131\u011f\u0131yla yap\u0131lmal\u0131d\u0131r.<\/p><a class='btn btn-md btn-minimal' target='_self' href='\/index.php\/hizmet-alanlari\/talasli-imalat\/'>Detay..<\/a><\/div><\/div>[\/vc_column][vc_column width=&#8221;1\/3&#8243;]<div class='featured featured-has-link featured-has-content'><div class='featured-header'><a target='_self' href='\/index.php\/hizmet-alanlari\/is-makinesi-atasman-imalati\/'><img alt='\u0130\u015f Makinesi Ata\u015fman \u0130malat\u0131' src='https:\/\/umutmekanik.com\/wp-content\/uploads\/2021\/05\/s1.jpg'\/><\/a><\/div><div class='featured-content'><h3 class='featured-title text-uppercase'><a target='_self' href='\/index.php\/hizmet-alanlari\/is-makinesi-atasman-imalati\/'>\u0130\u015f Makinesi Ata\u015fman \u0130malat\u0131<\/a><\/h3><p class='featured-desc'>\u0130\u015f Makinesi Ata\u015fman\u2019dan bahsetmek ve s\u00f6z konusu almak gerekirse i\u015f makinalar\u0131 hayat\u0131m\u0131z\u0131n olmazsa olmazlar\u0131d\u0131r. \u0130\u015f g\u00fcc\u00fc ile nas\u0131l bir yere kadar m\u00fcdahale yapabiliyorsak i\u015f makinas\u0131nda ise yapabildiklerimizden ziyade sonuca direk olarak ula\u015fabiliriz.<\/p><a class='btn btn-md btn-minimal' target='_self' href='\/index.php\/hizmet-alanlari\/is-makinesi-atasman-imalati\/'>Detay..<\/a><\/div><\/div>[\/vc_column][vc_column width=&#8221;1\/3&#8243;]<div class='featured featured-has-link featured-has-content'><div class='featured-header'><a target='_self' href='\/index.php\/hizmet-alanlari\/oksijen-set-arabasi-imalati\/'><img alt='Oksijen Arabas\u0131 \u0130malat\u0131' src='https:\/\/umutmekanik.com\/wp-content\/uploads\/2021\/05\/unnamed-1.jpg'\/><\/a><\/div><div class='featured-content'><h3 class='featured-title text-uppercase'><a target='_self' href='\/index.php\/hizmet-alanlari\/oksijen-set-arabasi-imalati\/'>Oksijen Arabas\u0131 \u0130malat\u0131<\/a><\/h3><p class='featured-desc'>Tekerlekli sanayi oksijen tupu tasima el arabasi g\u00f6vdesi metal malzemeden \u00fcretilmi\u015ftir. Farkl\u0131 boyutlarda iste\u011fe ba\u011fl\u0131 2li,3l\u00fc,4l\u00fc vb..t\u00fcp ta\u015f\u0131ma kapasitesi vard\u0131r. \u00d6n taraftaki zincirler ile t\u00fcp\u00fcn sabitlenmesi sa\u011flan\u0131r. \u0130ki tekerle\u011fi mevcuttur. Sa\u011flam ve kalitelidir. T\u00fcpler genel olarak a\u011f\u0131r ve ta\u015f\u0131ma arabas\u0131 gerektiren \u00fcr\u00fcn \u00e7e\u015fitlerdendir.<\/p><a class='btn btn-md btn-minimal' target='_self' href='\/index.php\/hizmet-alanlari\/oksijen-set-arabasi-imalati\/'>Detay..<\/a><\/div><\/div>[\/vc_column][\/vc_row][vc_row][vc_column width=&#8221;1\/3&#8243;]<div class='featured featured-has-link featured-has-content'><div class='featured-header'><a target='_self' href='\/index.php\/hizmet-alanlari\/is-makinesi-atasman-revizyonu\/'><img alt='\u0130\u015f Makinesi Ata\u015fman Revizyonu' src='https:\/\/umutmekanik.com\/wp-content\/uploads\/2021\/08\/atasman-revizyon.jpg-hhh-rotated-1-722x368.jpg'\/><\/a><\/div><div class='featured-content'><h3 class='featured-title text-uppercase'><a target='_self' href='\/index.php\/hizmet-alanlari\/is-makinesi-atasman-revizyonu\/'>\u0130\u015f Makinesi Ata\u015fman Revizyonu<\/a><\/h3><p class='featured-desc'>\u0130\u015f Makinalar\u0131 periyodik bak\u0131mlar\u0131n yan\u0131 s\u0131ra, baz\u0131 par\u00e7alar\u0131nda hasarlar kaynakl\u0131 komple revizyon ihtiyac\u0131 da duyar. Bu bazen komple diferansiyel revizyonu, bazen \u015fanz\u0131man revizyonu, bazen ise motor revizyonu olabilir. \u00d6zellikle kaza veya k\u0131r\u0131m gibi durumlar s\u00f6z konusu ise bu sistemlerin birka\u00e7\u0131nda birden sorun olabilir.<\/p><a class='btn btn-md btn-minimal' target='_self' href='\/index.php\/hizmet-alanlari\/is-makinesi-atasman-revizyonu\/'>Detay..<\/a><\/div><\/div>[\/vc_column][vc_column width=&#8221;1\/3&#8243;]<div class='featured featured-has-link featured-has-content'><div class='featured-header'><a target='_self' href='\/index.php\/hizmet-alanlari\/ozel-kaynakli-aparat-imalati\/'><img alt='\u00d6zel Kaynakl\u0131 Aparat \u0130malat\u0131' src='https:\/\/umutmekanik.com\/wp-content\/uploads\/2021\/08\/kaynakli-1-722x368.jpg'\/><\/a><\/div><div class='featured-content'><h3 class='featured-title text-uppercase'><a target='_self' href='\/index.php\/hizmet-alanlari\/ozel-kaynakli-aparat-imalati\/'>\u00d6zel Kaynakl\u0131 Aparat \u0130malat\u0131<\/a><\/h3><p class='featured-desc'>Talepleriniz do\u011frultusunda, sizlerden gelen teknik resim veya numuneler ile her sekt\u00f6re y\u00f6nelik \u00f6zel yedek par\u00e7a imalat\u0131 ve CNC i\u015fleme hizmeti veriyoruz. Firmalar\u0131n ihtiya\u00e7lar\u0131 do\u011frultusunda haz\u0131rlad\u0131klar\u0131 teknik resimler ve makine \u00fczerinde veya s\u00f6k\u00fclm\u00fc\u015f numune par\u00e7alar tala\u015fl\u0131 imalat tezgahlar\u0131m\u0131zda \u00fcretilmektedir. Par\u00e7alar verilen toleranslar dahilinde, hassasiyetle i\u015flenmektedir.<\/p><a class='btn btn-md btn-minimal' target='_self' href='\/index.php\/hizmet-alanlari\/ozel-kaynakli-aparat-imalati\/'>Detay..<\/a><\/div><\/div>[\/vc_column][vc_column width=&#8221;1\/3&#8243;]<div class='featured featured-has-link featured-has-content'><div class='featured-header'><a target='_self' href='\/index.php\/hizmet-alanlari\/yag-standlari\/'><img alt='Ya\u011f Standlar\u0131' src='https:\/\/umutmekanik.com\/wp-content\/uploads\/2021\/06\/c6c01481-aeeb-4db7-ac07-33d11ba25cf4-1-300x368-1.jpg'\/><\/a><\/div><div class='featured-content'><h3 class='featured-title text-uppercase'><a target='_self' href='\/index.php\/hizmet-alanlari\/yag-standlari\/'>Ya\u011f Standlar\u0131<\/a><\/h3><p class='featured-desc'>Tecr\u00fcbesi, kalitesi, \u00f6zeni ve \u00e7e\u015fitlili\u011fi ile bug\u00fcn T\u00fcrkiye\u2019nin \u00f6nde gelen isimlerinden biri olan Umut Mekanik size bu anlamda iyi bir alternatif olmaktad\u0131r. Her t\u00fcrl\u00fc stand ihtiyac\u0131n\u0131zda, farkl\u0131 malzemeleri kullanarak \u00fcretim yapan, \u00f6zel sepet, raf ve benzeri detaylar\u0131 ekleyerek m\u00fckemmel bir sonu\u00e7 sunan isim, kolayca ula\u015fabilece\u011finiz bir mesafede.<\/p><a class='btn btn-md btn-minimal' target='_self' href='\/index.php\/hizmet-alanlari\/yag-standlari\/'>Read more<\/a><\/div><\/div>[\/vc_column][\/vc_row][vc_row][vc_column][vc_column_text]<\/p>\n<div id=\"attachment_2547\" style=\"width: 990px\" class=\"wp-caption aligncenter\"><img loading=\"lazy\" decoding=\"async\" aria-describedby=\"caption-attachment-2547\" class=\"wp-image-2547 size-large\" src=\"http:\/\/www.umutmekanik.com\/wp-content\/uploads\/2021\/06\/2c8df4f6-4493-4edb-ae80-5789f1c195ee-1024x498.jpg\" alt=\"\u0130zmir \u00e7elik konstr\u00fcksiyon , \u00c7elik \u0130\u015fleri , \u00c7elik Yap\u0131lar , Metal Yap\u0131lar, izmir \u00e7elik , izmir\u00e7elik , demir i\u015fleri , \u00e7elik \u00e7at\u0131 \u0130zmir, Yap\u0131sal \u00c7elik izmir ,\" width=\"980\" height=\"477\" srcset=\"https:\/\/umutmekanik.com\/wp-content\/uploads\/2021\/06\/2c8df4f6-4493-4edb-ae80-5789f1c195ee-1024x498.jpg 1024w, https:\/\/umutmekanik.com\/wp-content\/uploads\/2021\/06\/2c8df4f6-4493-4edb-ae80-5789f1c195ee-300x146.jpg 300w, https:\/\/umutmekanik.com\/wp-content\/uploads\/2021\/06\/2c8df4f6-4493-4edb-ae80-5789f1c195ee-768x373.jpg 768w, https:\/\/umutmekanik.com\/wp-content\/uploads\/2021\/06\/2c8df4f6-4493-4edb-ae80-5789f1c195ee-1536x747.jpg 1536w, https:\/\/umutmekanik.com\/wp-content\/uploads\/2021\/06\/2c8df4f6-4493-4edb-ae80-5789f1c195ee-600x292.jpg 600w, https:\/\/umutmekanik.com\/wp-content\/uploads\/2021\/06\/2c8df4f6-4493-4edb-ae80-5789f1c195ee.jpg 2016w\" sizes=\"auto, (max-width: 980px) 100vw, 980px\" \/><p id=\"caption-attachment-2547\" class=\"wp-caption-text\">izmir \u00e7elik konstr\u00fcksiyon imalat\u0131, \u00e7elik konstr\u00fcksiyon imalat\u0131 izmir, izmir damper polimer kaplama, izmir i\u015f makinesi ata\u015fman imalat\u0131<\/p><\/div>\n<p>[\/vc_column_text][\/vc_column][\/vc_row]<\/p>\n","protected":false},"excerpt":{"rendered":"<p>[vc_row css=&#8221;.vc_custom_1453287409122{margin-bottom: 40px !important;}&#8221;][vc_column width=&#8221;1\/3&#8243;][\/vc_column][vc_column width=&#8221;1\/3&#8243;][\/vc_column][vc_column width=&#8221;1\/3&#8243;][\/vc_column][\/vc_row][vc_row full_width=&#8221;stretch_row&#8221; css=&#8221;.vc_custom_1460118064162{padding-bottom: 140px !important;background-position: 0 0 !important;background-repeat: no-repeat !important;}&#8221; el_class=&#8221;bg-image-bottom&#8221;][vc_column width=&#8221;1\/3&#8243;][\/vc_column][vc_column width=&#8221;1\/3&#8243;][\/vc_column][vc_column width=&#8221;1\/3&#8243;][\/vc_column][\/vc_row][vc_row][vc_column width=&#8221;1\/3&#8243;][\/vc_column][vc_column width=&#8221;1\/3&#8243;][\/vc_column][vc_column width=&#8221;1\/3&#8243;][\/vc_column][\/vc_row][vc_row][vc_column][vc_column_text] [\/vc_column_text][\/vc_column][\/vc_row]<\/p>\n","protected":false},"author":1,"featured_media":0,"parent":0,"menu_order":0,"comment_status":"closed","ping_status":"closed","template":"","meta":{"footnotes":""},"class_list":["post-1436","page","type-page","status-publish","hentry"],"_links":{"self":[{"href":"https:\/\/umutmekanik.com\/index.php\/wp-json\/wp\/v2\/pages\/1436","targetHints":{"allow":["GET"]}}],"collection":[{"href":"https:\/\/umutmekanik.com\/index.php\/wp-json\/wp\/v2\/pages"}],"about":[{"href":"https:\/\/umutmekanik.com\/index.php\/wp-json\/wp\/v2\/types\/page"}],"author":[{"embeddable":true,"href":"https:\/\/umutmekanik.com\/index.php\/wp-json\/wp\/v2\/users\/1"}],"replies":[{"embeddable":true,"href":"https:\/\/umutmekanik.com\/index.php\/wp-json\/wp\/v2\/comments?post=1436"}],"version-history":[{"count":31,"href":"https:\/\/umutmekanik.com\/index.php\/wp-json\/wp\/v2\/pages\/1436\/revisions"}],"predecessor-version":[{"id":2647,"href":"https:\/\/umutmekanik.com\/index.php\/wp-json\/wp\/v2\/pages\/1436\/revisions\/2647"}],"wp:attachment":[{"href":"https:\/\/umutmekanik.com\/index.php\/wp-json\/wp\/v2\/media?parent=1436"}],"curies":[{"name":"wp","href":"https:\/\/api.w.org\/{rel}","templated":true}]}}