{"id":1408,"date":"2016-01-19T14:03:09","date_gmt":"2016-01-19T14:03:09","guid":{"rendered":"http:\/\/anpsthemes.com\/construction\/?page_id=1408"},"modified":"2021-06-25T14:56:54","modified_gmt":"2021-06-25T11:56:54","slug":"kurumsal","status":"publish","type":"page","link":"https:\/\/umutmekanik.com\/index.php\/kurumsal\/","title":{"rendered":"Kurumsal"},"content":{"rendered":"<p>[vc_row css=&#8221;.vc_custom_1460122496361{margin-bottom: 30px !important;}&#8221;][vc_column width=&#8221;1\/2&#8243;][vc_custom_heading text=&#8221;Hakk\u0131m\u0131zda&#8221; use_theme_fonts=&#8221;yes&#8221; el_class=&#8221;title&#8221;][vc_empty_space height=&#8221;20px&#8221;][vc_column_text]Firmam\u0131z izmir\u2019 in menderes il\u00e7esinde 1994 y\u0131l\u0131nda kurulmu\u015ftur. Firmam\u0131z ilk \u00fcretim y\u0131llar\u0131nda so\u011fuk demircilik \u00fczerine kendini geli\u015ftirmeye devam etmi\u015ftir. 2008 tarihinden itibaren T\u00fcprag Eldorado Gold Efem\u00e7ukuru alt\u0131n madeninin alt y\u00fcklenicisi konumunda faaliyet g\u00f6stermeye devam etmi\u015ftir. Bu s\u00fcre\u00e7le birlikte\u00a0<strong>\u00c7elik konstr\u00fcksiyon imalat\u0131<\/strong>, \u0130\u015f makinesi ata\u015fman imalat\u0131, kaynakl\u0131 imalat,\u00a0<strong>tala\u015fl\u0131 imalat<\/strong>\u00a0gibi b\u00f6l\u00fcmleri b\u00fcnyesine katm\u0131\u015ft\u0131r.<\/p>\n<div class=\"clearfix\"><\/div>\n<div id=\"comments\" class=\"post-comments comment-area clearfix\"><\/div>\n<div class=\"posts-nav\">\n<div class=\"clearfix\">\n<div class=\"pull-left\">\n<div class=\"prev-post\"><\/div>\n<\/div>\n<\/div>\n<\/div>\n<p>[\/vc_column_text][\/vc_column][vc_column width=&#8221;1\/2&#8243;][vc_column_text]<\/p>\n<div id=\"attachment_2230\" style=\"width: 580px\" class=\"wp-caption aligncenter\"><img loading=\"lazy\" decoding=\"async\" aria-describedby=\"caption-attachment-2230\" class=\"wp-image-2230 size-full\" src=\"http:\/\/www.umutmekanik.com\/wp-content\/uploads\/2021\/05\/contact-img.jpg\" alt=\"\u0130zmir \u00c7elik Konstr\u00fcksiyon \u0130malat\u0131 ... Bir yap\u0131n\u0131n \u00e7elikten olu\u015fmas\u0131na \u00e7elik konstr\u00fcksiyon imalat\u0131 denir. Binan\u0131n ana ta\u015f\u0131y\u0131c\u0131lar\u0131 ba\u015fta olmak \u00fczere, \u00e7elik kullan\u0131lan binalara,\u200b ...\" width=\"570\" height=\"260\" srcset=\"https:\/\/umutmekanik.com\/wp-content\/uploads\/2021\/05\/contact-img.jpg 570w, https:\/\/umutmekanik.com\/wp-content\/uploads\/2021\/05\/contact-img-300x137.jpg 300w\" sizes=\"auto, (max-width: 570px) 100vw, 570px\" \/><p id=\"caption-attachment-2230\" class=\"wp-caption-text\">izmir \u00e7elik konstr\u00fcksiyon imalat\u0131, \u00e7elik konstr\u00fcksiyon imalat\u0131 izmir, izmir damper polimer kaplama, izmir i\u015f makinesi ata\u015fman imalat\u0131<\/p><\/div>\n<p>[\/vc_column_text][\/vc_column][\/vc_row][vc_row css=&#8221;.vc_custom_1460122436961{margin-bottom: 50px !important;}&#8221;][vc_column][vc_custom_heading text=&#8221;Umut Mekanik&#8221; use_theme_fonts=&#8221;yes&#8221; el_class=&#8221;title&#8221;][vc_empty_space height=&#8221;20px&#8221;]<div class=\"timeline\"><div class=\"timeline-item\"><div class=\"timeline-year\">1994<\/div><div class=\"timeline-content\"><h3 class=\"timeline-title\">Umut Mekanik<\/h3><div class=\"timeline-text\">Sekt\u00f6r\u00fcm\u00fcz\u00fcn ciddi bir m\u00fchendislik bilgisi gerektirdi\u011fi, y\u00fcksek bir sorumluluk ve insanlar\u0131n ya\u015fam kalitesini artt\u0131ran \u00f6nemli bir alan oldu\u011fu bilinci ile \u00e7al\u0131\u015fan firmam\u0131z, \u00e7al\u0131\u015fmalar\u0131nda sekt\u00f6r\u00fcn lider markalar\u0131 ile \u00e7\u00f6z\u00fcm ortakl\u0131\u011f\u0131 yaparak daima m\u00fc\u015fteri memnuniyetini \u00f6n plana alm\u0131\u015ft\u0131r.<\/div><\/div><\/div><div class=\"timeline-item\"><div class=\"timeline-year\">1994<\/div><div class=\"timeline-content\"><h3 class=\"timeline-title\">Projeler<\/h3><div class=\"timeline-text\">Sekt\u00f6r\u00fcn dinamik yap\u0131s\u0131 ve geli\u015fen teknoloji nedeni ile h\u0131zla de\u011fi\u015fmekte ve yenilenmektedir. Firmam\u0131z yenilik\u00e7i ve dinamik yap\u0131s\u0131 sayesinde \u00e7evreci, enerji etkin, kaliteli ve s\u00fcrd\u00fcr\u00fclebilir \u00e7\u00f6z\u00fcmler \u00fcretme ve uygulama y\u00f6n\u00fcnde \u00e7al\u0131\u015fmalar\u0131na devam etmektedir.<\/div><\/div><\/div><div class=\"timeline-item\"><div class=\"timeline-year\">1994<\/div><div class=\"timeline-content\"><h3 class=\"timeline-title\">\u00dcretim<\/h3><div class=\"timeline-text\">\u00dcretim faaliyetlerini y\u00fcr\u00fctmek i\u00e7in planl\u0131, programl\u0131 ve y\u00fcksek kalitede hizmet vermek hedefiyle, \u00fcretime katma de\u011fer katacak her t\u00fcrl\u00fc iyile\u015ftirmeyi d\u00fcnya standartlar\u0131nda sa\u011flanmas\u0131n\u0131 vazife olarak g\u00f6ren Umut Mekanik bu vazifesini yerine getirmek i\u00e7in sarf edilen her t\u00fcrl\u00fc eme\u011fi milli de\u011fer olarak bilmektedir.<\/p>\n<p><\/div><\/div><\/div><div class=\"timeline-item\"><div class=\"timeline-year\">1994<\/div><div class=\"timeline-content\"><h3 class=\"timeline-title\">\u00c7al\u0131\u015fma<\/h3><div class=\"timeline-text\">H\u0131zla artan makine parkurumuz sayesinde her t\u00fcrl\u00fc tasar\u0131m\u0131 yap\u0131lm\u0131\u015f ve yap\u0131lmam\u0131\u015f makine ve makine yedek par\u00e7alar\u0131; a\u011f\u0131r sanayi ekipmanlar\u0131 ve makineleri; havac\u0131l\u0131k ve savunma sanayi i\u00e7in torna, freze, delme, \u00e7apak alma, markalama fikst\u00fcr ve ekipmanlar\u0131 \u00fcretilmektedir. <\/div><\/div><\/div><\/div>[\/vc_column][\/vc_row][vc_row css=&#8221;.vc_custom_1453212299071{margin-bottom: 20px !important;}&#8221;][vc_column][vc_custom_heading text=&#8221;Umut Mekanik&#8221; use_theme_fonts=&#8221;yes&#8221; el_class=&#8221;title&#8221;][\/vc_column][\/vc_row][vc_row css=&#8221;.vc_custom_1453297105826{margin-bottom: 45px !important;}&#8221;][vc_column]<div class='team team-col-3'><div class='member'><div class='member-wrap'><div class='member-image'><a href='https:\/\/umutmekanik.com\/index.php\/team\/is-makinesi-atasman\/'><img loading=\"lazy\" decoding=\"async\" width=\"455\" height=\"355\" src=\"https:\/\/umutmekanik.com\/wp-content\/uploads\/2016\/01\/is3-455x355.png\" class=\"attachment-anps-team size-anps-team wp-post-image\" alt=\"\" \/><\/a><\/div><a href='https:\/\/umutmekanik.com\/index.php\/team\/is-makinesi-atasman\/'><h3 class='member-name'>\u0130\u015f Makinesi Ata\u015fman<\/h3><\/a><p class='member-desc'>\u0130\u015f Makinesi Ata\u015fman&#8217;dan bahsetmek ve s\u00f6z konusu almak gerekirse i\u015f makinalar\u0131 hayat\u0131m\u0131z\u0131n olmazsa olmazlar\u0131d\u0131r. \u0130\u015f g\u00fcc\u00fc ile nas\u0131l bir yere kadar m\u00fcdahale yapabiliyorsak i\u015f makinas\u0131nda ise yapabildiklerimizden ziyade sonuca direk olarak ula\u015fabiliriz. \u0130\u015f makinas\u0131 ata\u015fmanlar\u0131 da Paletli ekskavat\u00f6r\u00fcm\u00fcz\u00fcn y\u0131k\u0131m k\u0131r\u0131m &hellip;<\/p><\/div><\/div><div class='member'><div class='member-wrap'><div class='member-image'><a href='https:\/\/umutmekanik.com\/index.php\/team\/celik-konstruksiyon-imalati\/'><img loading=\"lazy\" decoding=\"async\" width=\"455\" height=\"355\" src=\"https:\/\/umutmekanik.com\/wp-content\/uploads\/2016\/01\/unnamed-3-455x355.jpg\" class=\"attachment-anps-team size-anps-team wp-post-image\" alt=\"\" \/><\/a><\/div><a href='https:\/\/umutmekanik.com\/index.php\/team\/celik-konstruksiyon-imalati\/'><h3 class='member-name'>\u00c7elik Konstr\u00fcksiyon \u0130malat\u0131<\/h3><\/a><p class='member-desc'>\u0130ste\u011fe ba\u011fl\u0131 veya projelendirilmi\u015f \u00e7elik konstr\u00fcksiyon imalatlar\u0131n\u0131z\u0131 b\u00fcnyemizde yapmaktay\u0131z. Kalite, g\u00fcven, disiplin felsefesi i\u00e7erisinde profesyonel kadrosuyla, kalite ve zaman\u0131nda i\u015f teslimiyle sekt\u00f6r\u00fcnde \u00f6nc\u00fc olmu\u015ftur.\r\n\r\n<\/p><\/div><\/div><div class='member'><div class='member-wrap'><div class='member-image'><a href='https:\/\/umutmekanik.com\/index.php\/team\/damper-polimer-kaplama\/'><img loading=\"lazy\" decoding=\"async\" width=\"455\" height=\"355\" src=\"https:\/\/umutmekanik.com\/wp-content\/uploads\/2016\/01\/unnamed-1-455x355.jpg\" class=\"attachment-anps-team size-anps-team wp-post-image\" alt=\"\" \/><\/a><\/div><a href='https:\/\/umutmekanik.com\/index.php\/team\/damper-polimer-kaplama\/'><h3 class='member-name'>Damper Polimer  Kaplama<\/h3><\/a><p class='member-desc'>Kapla \u00fcr\u00fcn grubu, m\u00fchendislik plasti\u011fi s\u0131n\u0131f\u0131nda, polimer bir malzemedir. End\u00fcstrinin bir\u00e7ok alan\u0131nda, s\u00fcrt\u00fcnme, a\u015f\u0131nma ve malzemelerin ak\u0131\u015f problemlerine \u00e7\u00f6z\u00fcmler \u00fcretir. Olduk\u00e7a d\u00fc\u015f\u00fck s\u00fcrt\u00fcnme y\u00fczeyi, y\u00fcksek darbe dayan\u0131m\u0131 ve m\u00fckemmel kimyasal dayan\u0131m\u0131 ile kendine has bir malzemedir. Kamyon, Silo, vb. yerlerde &hellip;<\/p><\/div><\/div><\/div>[\/vc_column][\/vc_row]<\/p>\n","protected":false},"excerpt":{"rendered":"<p>[vc_row css=&#8221;.vc_custom_1460122496361{margin-bottom: 30px !important;}&#8221;][vc_column width=&#8221;1\/2&#8243;][vc_custom_heading text=&#8221;Hakk\u0131m\u0131zda&#8221; use_theme_fonts=&#8221;yes&#8221; el_class=&#8221;title&#8221;][vc_empty_space height=&#8221;20px&#8221;][vc_column_text]Firmam\u0131z izmir\u2019 in menderes il\u00e7esinde 1994 y\u0131l\u0131nda kurulmu\u015ftur. Firmam\u0131z ilk \u00fcretim y\u0131llar\u0131nda so\u011fuk demircilik \u00fczerine kendini geli\u015ftirmeye devam etmi\u015ftir. 2008 tarihinden itibaren T\u00fcprag Eldorado Gold Efem\u00e7ukuru alt\u0131n madeninin alt y\u00fcklenicisi konumunda faaliyet &hellip;<\/p>\n","protected":false},"author":1,"featured_media":0,"parent":0,"menu_order":0,"comment_status":"closed","ping_status":"closed","template":"","meta":{"footnotes":""},"class_list":["post-1408","page","type-page","status-publish","hentry"],"_links":{"self":[{"href":"https:\/\/umutmekanik.com\/index.php\/wp-json\/wp\/v2\/pages\/1408","targetHints":{"allow":["GET"]}}],"collection":[{"href":"https:\/\/umutmekanik.com\/index.php\/wp-json\/wp\/v2\/pages"}],"about":[{"href":"https:\/\/umutmekanik.com\/index.php\/wp-json\/wp\/v2\/types\/page"}],"author":[{"embeddable":true,"href":"https:\/\/umutmekanik.com\/index.php\/wp-json\/wp\/v2\/users\/1"}],"replies":[{"embeddable":true,"href":"https:\/\/umutmekanik.com\/index.php\/wp-json\/wp\/v2\/comments?post=1408"}],"version-history":[{"count":18,"href":"https:\/\/umutmekanik.com\/index.php\/wp-json\/wp\/v2\/pages\/1408\/revisions"}],"predecessor-version":[{"id":2563,"href":"https:\/\/umutmekanik.com\/index.php\/wp-json\/wp\/v2\/pages\/1408\/revisions\/2563"}],"wp:attachment":[{"href":"https:\/\/umutmekanik.com\/index.php\/wp-json\/wp\/v2\/media?parent=1408"}],"curies":[{"name":"wp","href":"https:\/\/api.w.org\/{rel}","templated":true}]}}