{"id":1375,"date":"2016-01-19T12:45:39","date_gmt":"2016-01-19T12:45:39","guid":{"rendered":"http:\/\/anpsthemes.com\/construction\/?page_id=1375"},"modified":"2021-08-05T13:12:21","modified_gmt":"2021-08-05T10:12:21","slug":"asinma-plakasi-ve-tirnak-imalati","status":"publish","type":"page","link":"https:\/\/umutmekanik.com\/index.php\/hizmet-alanlari\/asinma-plakasi-ve-tirnak-imalati\/","title":{"rendered":"\u0130zmir A\u015f\u0131nma Plakas\u0131 ve T\u0131rnak \u0130malat\u0131"},"content":{"rendered":"<p>[vc_row css=&#8221;.vc_custom_1453207500276{margin-bottom: 20px !important;}&#8221;][vc_column][vc_custom_heading text=&#8221;A\u015f\u0131nma Plakas\u0131 &#8211; \u0130malat ve Montaj&#8221; use_theme_fonts=&#8221;yes&#8221; el_class=&#8221;title&#8221;][\/vc_column][\/vc_row][vc_row css=&#8221;.vc_custom_1453207537712{margin-bottom: 20px !important;}&#8221;][vc_column][vc_column_text]<strong>\u0130zmir a\u015f\u0131nma plakas\u0131<\/strong>\u00a0y\u00fcksek a\u015f\u0131nma ortamlar\u0131n\u0131n zorluklar\u0131yla m\u00fccadele etmek i\u00e7in tasarlanm\u0131\u015ft\u0131r ve bir\u00e7ok end\u00fcstrideki a\u015f\u0131nma sorununa uygulanabilir bir \u00e7\u00f6z\u00fcmd\u00fcr. A\u015f\u0131nmay\u0131 azaltarak bile\u015fenlerin hizmet \u00f6mr\u00fc uzat\u0131l\u0131r, aksama s\u00fcrelerini azalt\u0131r, kullan\u0131c\u0131n\u0131n bak\u0131m yerine \u00fcretime konsantre olmas\u0131n\u0131 sa\u011flar ve s\u00fcre\u00e7te verimlili\u011fi art\u0131r\u0131r. A\u015fa\u011f\u0131da, daha geleneksel malzemeler yerine\u00a0<strong>\u0130zmir a\u015f\u0131nma plakas\u0131<\/strong> kullan\u0131m\u0131na ge\u00e7menin\u00a0fayda sa\u011flayabilece\u011fi baz\u0131 end\u00fcstriler ve \u00f6rnekler verilmi\u015ftir\u00a0.<\/p>\n<div id=\"attachment_2601\" style=\"width: 310px\" class=\"wp-caption alignright\"><img loading=\"lazy\" decoding=\"async\" aria-describedby=\"caption-attachment-2601\" class=\"wp-image-2601 size-medium\" src=\"http:\/\/www.umutmekanik.com\/wp-content\/uploads\/2021\/08\/2088f220-f776-41f5-928a-e01cba6b0090-300x150.jpg\" alt=\"Teorik bilgi ve tecr\u00fcbemizi, tasar\u0131m ve imalat kabiliyetlerimizle birle\u015ftirerek hizmet ve \u00fcr\u00fcnlerimizi sunuyoruz. \u0130zmir A\u015f\u0131nma Plakas\u0131 - Umut Mekanik\" width=\"300\" height=\"150\" srcset=\"https:\/\/umutmekanik.com\/wp-content\/uploads\/2021\/08\/2088f220-f776-41f5-928a-e01cba6b0090-300x150.jpg 300w, https:\/\/umutmekanik.com\/wp-content\/uploads\/2021\/08\/2088f220-f776-41f5-928a-e01cba6b0090-1024x512.jpg 1024w, https:\/\/umutmekanik.com\/wp-content\/uploads\/2021\/08\/2088f220-f776-41f5-928a-e01cba6b0090-768x384.jpg 768w, https:\/\/umutmekanik.com\/wp-content\/uploads\/2021\/08\/2088f220-f776-41f5-928a-e01cba6b0090-1536x768.jpg 1536w, https:\/\/umutmekanik.com\/wp-content\/uploads\/2021\/08\/2088f220-f776-41f5-928a-e01cba6b0090-600x300.jpg 600w, https:\/\/umutmekanik.com\/wp-content\/uploads\/2021\/08\/2088f220-f776-41f5-928a-e01cba6b0090-rotated.jpg 1600w\" sizes=\"auto, (max-width: 300px) 100vw, 300px\" \/><p id=\"caption-attachment-2601\" class=\"wp-caption-text\">izmir a\u015f\u0131nma plakas\u0131, izmir t\u0131rnak imalat\u0131, a\u015f\u0131nma plakas\u0131 imalat\u0131 izmir<\/p><\/div>\n<h2>A\u015f\u0131nma Plakas\u0131 Kaynak \u0130\u015flemi<\/h2>\n<p>\u0130zmir A\u015f\u0131nma Plakas\u0131 , tek damarl\u0131 kaynak telleri ve toplu bindirmeli tozalt\u0131 kaynak i\u015flemi kullanarak a\u015f\u0131nma plakalar\u0131 \u00fcretir. Her a\u015f\u0131nma plakas\u0131 \u00fcretim tablas\u0131, ayn\u0131 anda maksimum \u00fc\u00e7 a\u015f\u0131nma plakas\u0131 etraf\u0131nda d\u00f6nebilir . S\u00fcre\u00e7, sorumlulu\u011fu, kirliliklerden ar\u0131nd\u0131r\u0131lm\u0131\u015f bir kaynak y\u00fczeyi, sabit bir ak\u0131 ak\u0131\u015f\u0131 ve sabit bir tel besleme h\u0131z\u0131 sa\u011flamay\u0131 i\u00e7eren bir kaynak\u00e7\u0131 taraf\u0131ndan denetlenir.<\/p>\n<p>Denetleyici kaynak\u00e7\u0131 ayr\u0131ca %30 seyreltme oran\u0131n\u0131n korunmas\u0131n\u0131 ve taban plakas\u0131n\u0131n g\u00fcc\u00fcn\u00fcn de\u011fi\u015fmeden kalmas\u0131n\u0131 sa\u011flamak i\u00e7in voltaj ve amper gibi kaynak parametrelerinin ayarlanmas\u0131ndan sorumludur.\u00a0Taban plakas\u0131 kal\u0131nl\u0131\u011f\u0131, kaplama kal\u0131nl\u0131\u011f\u0131 ve kaplama tipi gibi \u00e7e\u015fitli de\u011fi\u015fkenler bu fakt\u00f6rlerin kontrol\u00fcnden sorumludur.<\/p>\n<h4><a>A\u015f\u0131nma Plakalar\u0131n\u0131n Kalite Testi<\/a><\/h4>\n<p>Yukar\u0131daki i\u015flemi kullanarak a\u015f\u0131nma plakalar\u0131n\u0131n \u00fcretiminden sonra Umut Mekanik\u00a0, \u00fcr\u00fcnleri kalite testi i\u00e7in g\u00f6nderir.\u00a0\u00dcretilen her a\u015f\u0131nma plakas\u0131, tan\u0131mlanm\u0131\u015f standartlara uymas\u0131n\u0131 sa\u011flamak i\u00e7in s\u0131k\u0131 kalite denetimlerine tabi tutulur.\u00a0Her plakan\u0131n Rockwell sertlik (HRc) test sonu\u00e7lar\u0131 belgelenir ve her plaka, toz y\u0131\u011f\u0131n\u0131na ve ayr\u0131ca temel \u00e7elik y\u0131\u011f\u0131n\u0131n\u0131n MTR&#8217;sine kadar izlenebilir.[\/vc_column_text][\/vc_column][\/vc_row][vc_row][vc_column][vc_tta_tabs style=&#8221;anps-style-4&#8243; shape=&#8221;square&#8221; alignment=&#8221;center&#8221; active_section=&#8221;1&#8243;][vc_tta_section title=&#8221;Umut Mekanik&#8221; tab_id=&#8221;1453207571528-82723efe-a907&#8243;][vc_toggle title=&#8221;Misyonumuz&#8221; style=&#8221;anps-style-1&#8243; el_id=&#8221;1453207675211-1728f776-9f12&#8243;]Umut Mekanik\u00a0, \u015fiddetli a\u015f\u0131nma ko\u015fullar\u0131na maruz kalan ekipman, par\u00e7a ve boru hatlar\u0131n\u0131n \u00f6mr\u00fcn\u00fc uzatarak verimlili\u011fi en \u00fcst d\u00fczeye \u00e7\u0131karmak isteyen m\u00fc\u015fteriler i\u00e7in en y\u00fcksek kalitede a\u015f\u0131nma kaplamalar\u0131 geli\u015ftirir ve \u00fcretir.\u00a0Umut Mekanik\u00a0, y\u00fcksek kalite standard\u0131n\u0131 ara\u015ft\u0131rma ve geli\u015ftirme, ortak \u015firketler ve se\u00e7kin tedarik\u00e7ilerin yan\u0131 s\u0131ra kurum i\u00e7i deneyler ve s\u00fcre\u00e7 optimizasyonu yoluyla elde eder.[\/vc_toggle][\/vc_tta_section][\/vc_tta_tabs][\/vc_column][\/vc_row]<\/p>\n","protected":false},"excerpt":{"rendered":"<p>[vc_row css=&#8221;.vc_custom_1453207500276{margin-bottom: 20px !important;}&#8221;][vc_column][vc_custom_heading text=&#8221;A\u015f\u0131nma Plakas\u0131 &#8211; \u0130malat ve Montaj&#8221; use_theme_fonts=&#8221;yes&#8221; el_class=&#8221;title&#8221;][\/vc_column][\/vc_row][vc_row css=&#8221;.vc_custom_1453207537712{margin-bottom: 20px !important;}&#8221;][vc_column][vc_column_text]\u0130zmir a\u015f\u0131nma plakas\u0131\u00a0y\u00fcksek a\u015f\u0131nma ortamlar\u0131n\u0131n zorluklar\u0131yla m\u00fccadele etmek i\u00e7in tasarlanm\u0131\u015ft\u0131r ve bir\u00e7ok end\u00fcstrideki a\u015f\u0131nma sorununa uygulanabilir bir \u00e7\u00f6z\u00fcmd\u00fcr. A\u015f\u0131nmay\u0131 azaltarak bile\u015fenlerin hizmet \u00f6mr\u00fc uzat\u0131l\u0131r, aksama s\u00fcrelerini &hellip;<\/p>\n","protected":false},"author":1,"featured_media":0,"parent":1436,"menu_order":0,"comment_status":"closed","ping_status":"closed","template":"","meta":{"footnotes":""},"class_list":["post-1375","page","type-page","status-publish","hentry"],"_links":{"self":[{"href":"https:\/\/umutmekanik.com\/index.php\/wp-json\/wp\/v2\/pages\/1375","targetHints":{"allow":["GET"]}}],"collection":[{"href":"https:\/\/umutmekanik.com\/index.php\/wp-json\/wp\/v2\/pages"}],"about":[{"href":"https:\/\/umutmekanik.com\/index.php\/wp-json\/wp\/v2\/types\/page"}],"author":[{"embeddable":true,"href":"https:\/\/umutmekanik.com\/index.php\/wp-json\/wp\/v2\/users\/1"}],"replies":[{"embeddable":true,"href":"https:\/\/umutmekanik.com\/index.php\/wp-json\/wp\/v2\/comments?post=1375"}],"version-history":[{"count":10,"href":"https:\/\/umutmekanik.com\/index.php\/wp-json\/wp\/v2\/pages\/1375\/revisions"}],"predecessor-version":[{"id":2626,"href":"https:\/\/umutmekanik.com\/index.php\/wp-json\/wp\/v2\/pages\/1375\/revisions\/2626"}],"up":[{"embeddable":true,"href":"https:\/\/umutmekanik.com\/index.php\/wp-json\/wp\/v2\/pages\/1436"}],"wp:attachment":[{"href":"https:\/\/umutmekanik.com\/index.php\/wp-json\/wp\/v2\/media?parent=1375"}],"curies":[{"name":"wp","href":"https:\/\/api.w.org\/{rel}","templated":true}]}}