{"id":1313,"date":"2016-01-19T10:57:35","date_gmt":"2016-01-19T10:57:35","guid":{"rendered":"http:\/\/anpsthemes.com\/construction\/?page_id=1313"},"modified":"2021-08-05T14:05:19","modified_gmt":"2021-08-05T11:05:19","slug":"oksijen-set-arabasi-imalati","status":"publish","type":"page","link":"https:\/\/umutmekanik.com\/index.php\/hizmet-alanlari\/oksijen-set-arabasi-imalati\/","title":{"rendered":"\u0130zmir Oksijen Set Arabas\u0131 \u0130malat\u0131"},"content":{"rendered":"<p>[vc_row css=&#8221;.vc_custom_1453202322416{margin-bottom: 20px !important;}&#8221;][vc_column][vc_custom_heading text=&#8221;\u0130zmir Oksijen Set Arabas\u0131 \u0130malat\u0131&#8221; use_theme_fonts=&#8221;yes&#8221; el_class=&#8221;title&#8221;][\/vc_column][\/vc_row][vc_row css=&#8221;.vc_custom_1453202352951{margin-bottom: 40px !important;}&#8221;][vc_column][vc_tta_tabs style=&#8221;anps-style-1&#8243; shape=&#8221;square&#8221; alignment=&#8221;center&#8221; active_section=&#8221;1&#8243;][vc_tta_section title=&#8221;Umut Mekanik&#8221; tab_id=&#8221;1453201107935-6d750df9-351b&#8221;][vc_column_text css=&#8221;.vc_custom_1628161514174{margin-bottom: 0px !important;}&#8221;]Tekerlekli sanayi oksijen tupu tasima el arabasi g\u00f6vdesi metal malzemeden \u00fcretilmi\u015ftir. Farkl\u0131 boyutlarda iste\u011fe ba\u011fl\u0131 2li,3l\u00fc,4l\u00fc vb..t\u00fcp ta\u015f\u0131ma kapasitesi vard\u0131r. \u00d6n taraftaki zincirler ile t\u00fcp\u00fcn sabitlenmesi sa\u011flan\u0131r. \u0130ki tekerle\u011fi mevcuttur. Sa\u011flam ve kalitelidir. T\u00fcpler genel olarak a\u011f\u0131r ve ta\u015f\u0131ma arabas\u0131 gerektiren \u00fcr\u00fcn \u00e7e\u015fitlerdendir.<\/p>\n<p><img loading=\"lazy\" decoding=\"async\" class=\"alignright wp-image-2630\" src=\"http:\/\/www.umutmekanik.com\/wp-content\/uploads\/2021\/08\/19b8e5f3af6f4065ac3425e428a39815-0001-726x1024.jpg\" alt=\"\" width=\"400\" height=\"564\" srcset=\"https:\/\/umutmekanik.com\/wp-content\/uploads\/2021\/08\/19b8e5f3af6f4065ac3425e428a39815-0001-726x1024.jpg 726w, https:\/\/umutmekanik.com\/wp-content\/uploads\/2021\/08\/19b8e5f3af6f4065ac3425e428a39815-0001-213x300.jpg 213w, https:\/\/umutmekanik.com\/wp-content\/uploads\/2021\/08\/19b8e5f3af6f4065ac3425e428a39815-0001-768x1084.jpg 768w, https:\/\/umutmekanik.com\/wp-content\/uploads\/2021\/08\/19b8e5f3af6f4065ac3425e428a39815-0001-1089x1536.jpg 1089w, https:\/\/umutmekanik.com\/wp-content\/uploads\/2021\/08\/19b8e5f3af6f4065ac3425e428a39815-0001-1451x2048.jpg 1451w, https:\/\/umutmekanik.com\/wp-content\/uploads\/2021\/08\/19b8e5f3af6f4065ac3425e428a39815-0001-600x847.jpg 600w, https:\/\/umutmekanik.com\/wp-content\/uploads\/2021\/08\/19b8e5f3af6f4065ac3425e428a39815-0001-scaled.jpg 1814w\" sizes=\"auto, (max-width: 400px) 100vw, 400px\" \/><\/p>\n<p>\u0130malattan t\u00fcp ta\u015f\u0131ma arabas\u0131 olarak sizlere sunulan arabalar\u0131m\u0131zdan sizde sat\u0131n alabilirsiniz. T\u00fcpler bir\u00e7ok alanda kullan\u0131lmaktad\u0131rlar. \u00d6zellikle \u0131s\u0131tma ve kaynak i\u015flerinde kullan\u0131lan t\u00fcpler, bir yerden bir yere t\u00fcp ta\u015f\u0131ma ara\u00e7lar\u0131 ile sevk edilirler. Fakat k\u0131sa mesafelerde ve az say\u0131da ta\u015f\u0131nacak t\u00fcp\u00fcn olmas\u0131 durumlar\u0131nda t\u00fcpler, el arabalar\u0131 ile ta\u015f\u0131n\u0131rlar. T\u00fcp ta\u015f\u0131mac\u0131l\u0131\u011f\u0131 i\u00e7in dizayn edilen bir\u00e7ok el arac\u0131 \u00e7e\u015fidi bulunur. \u00dcr\u00fcnlerimize sitemizden ula\u015fabilirsiniz.[\/vc_column_text][\/vc_tta_section][\/vc_tta_tabs][\/vc_column][\/vc_row][vc_row css=&#8221;.vc_custom_1453202914438{margin-bottom: 40px !important;}&#8221;][vc_column][vc_tta_tour style=&#8221;anps-style-1&#8243; shape=&#8221;square&#8221; spacing=&#8221;&#8221; active_section=&#8221;1&#8243;][vc_tta_section i_icon_fontawesome=&#8221;&#8221; add_icon=&#8221;true&#8221; title=&#8221;Umut Mekanik&#8221; tab_id=&#8221;1453202358784-08ea135d-c26a&#8221;][vc_column_text css=&#8221;.vc_custom_1622463451874{margin-bottom: 0px !important;}&#8221;]Ta\u015f\u0131yaca\u011f\u0131n\u0131z t\u00fcp\u00fcn veya t\u00fcplerin boyutu ve a\u011f\u0131rl\u0131\u011f\u0131 fark etmeksizin, ara\u00e7lar\u0131 kullanabilirsiniz. Sizler i\u00e7in sat\u0131\u015fa sundu\u011fumuz t\u00fcp arabalar\u0131, neredeyse t\u00fcm t\u00fcpler ile uyumlu olacak \u015fekilde \u00fcretilmi\u015ftir. Bir tane t\u00fcp ta\u015f\u0131mak i\u00e7in tekli t\u00fcp arabalar\u0131m\u0131z\u0131 tercih edebilirsiniz.<\/p>\n<p>Ayr\u0131ca tek bir t\u00fcp ile beraber bir tane daha t\u00fcp ta\u015f\u0131yabilmek i\u00e7in \u00e7iftli t\u00fcp arabas\u0131 modellerimize g\u00f6z atabilirsiniz. Kaliteli ala\u015f\u0131mlardan ve dayan\u0131kl\u0131 malzemelerden imal edilen t\u00fcp arabalar\u0131m\u0131z ile t\u00fcplerinizi bir yerden bir yere rahatl\u0131kla ta\u015f\u0131yabilirsiniz. Tekli ve \u00e7iftli t\u00fcp ta\u015f\u0131ma arabalar\u0131n\u0131n yan\u0131 s\u0131ra, t\u00fcpleri belirli bir yerde muhafaza etmek i\u00e7inde t\u00fcp arabalar\u0131n\u0131 kullanabilirsiniz.<\/p>\n<p>Hatta sadece bu i\u015f i\u00e7in \u00fcretilen t\u00fcp arabas\u0131 modellerimize de g\u00f6z gezdirebilir ve ta\u015f\u0131man\u0131n yan\u0131 s\u0131ra, t\u00fcplerinizi muhafaza da edebilirsiniz. Muhafaza etmek i\u00e7in b\u00fcy\u00fck dikkat ve \u00f6zen gerekir. Yanl\u0131\u015f muhafaza ko\u015fullar\u0131nda t\u00fcpler yanabilir, hatta patlayabilirler. Bunun \u00f6n\u00fcne ge\u00e7mek i\u00e7in t\u00fcp arabalar\u0131m\u0131zdan uygun olan\u0131 sat\u0131n alarak kullanabilirsiniz.[\/vc_column_text][\/vc_tta_section][\/vc_tta_tour][\/vc_column][\/vc_row][vc_row][vc_column width=&#8221;1\/3&#8243;][vc_column_text]<img loading=\"lazy\" decoding=\"async\" class=\"aligncenter wp-image-2638\" src=\"http:\/\/www.umutmekanik.com\/wp-content\/uploads\/2021\/08\/aaaa-1-225x300.png\" alt=\"\" width=\"450\" height=\"600\" srcset=\"https:\/\/umutmekanik.com\/wp-content\/uploads\/2021\/08\/aaaa-1-225x300.png 225w, https:\/\/umutmekanik.com\/wp-content\/uploads\/2021\/08\/aaaa-1-768x1024.png 768w, https:\/\/umutmekanik.com\/wp-content\/uploads\/2021\/08\/aaaa-1-600x800.png 600w, https:\/\/umutmekanik.com\/wp-content\/uploads\/2021\/08\/aaaa-1.png 983w\" sizes=\"auto, (max-width: 450px) 100vw, 450px\" \/>[\/vc_column_text][\/vc_column][vc_column width=&#8221;1\/3&#8243;][vc_column_text]<img loading=\"lazy\" decoding=\"async\" class=\"aligncenter wp-image-2627\" src=\"http:\/\/www.umutmekanik.com\/wp-content\/uploads\/2021\/08\/Umut-Mekanik-300x225.png\" alt=\"\" width=\"450\" height=\"338\" srcset=\"https:\/\/umutmekanik.com\/wp-content\/uploads\/2021\/08\/Umut-Mekanik-300x225.png 300w, https:\/\/umutmekanik.com\/wp-content\/uploads\/2021\/08\/Umut-Mekanik-1024x768.png 1024w, https:\/\/umutmekanik.com\/wp-content\/uploads\/2021\/08\/Umut-Mekanik-768x576.png 768w, https:\/\/umutmekanik.com\/wp-content\/uploads\/2021\/08\/Umut-Mekanik-1536x1152.png 1536w, https:\/\/umutmekanik.com\/wp-content\/uploads\/2021\/08\/Umut-Mekanik-280x210.png 280w, https:\/\/umutmekanik.com\/wp-content\/uploads\/2021\/08\/Umut-Mekanik-600x450.png 600w, https:\/\/umutmekanik.com\/wp-content\/uploads\/2021\/08\/Umut-Mekanik.png 1600w\" sizes=\"auto, (max-width: 450px) 100vw, 450px\" \/>[\/vc_column_text][\/vc_column][vc_column width=&#8221;1\/3&#8243;][vc_column_text]<img loading=\"lazy\" decoding=\"async\" class=\"aligncenter wp-image-2636\" src=\"http:\/\/www.umutmekanik.com\/wp-content\/uploads\/2021\/08\/bbbb-225x300.png\" alt=\"\" width=\"450\" height=\"600\" srcset=\"https:\/\/umutmekanik.com\/wp-content\/uploads\/2021\/08\/bbbb-225x300.png 225w, https:\/\/umutmekanik.com\/wp-content\/uploads\/2021\/08\/bbbb-769x1024.png 769w, https:\/\/umutmekanik.com\/wp-content\/uploads\/2021\/08\/bbbb-768x1023.png 768w, https:\/\/umutmekanik.com\/wp-content\/uploads\/2021\/08\/bbbb-600x799.png 600w, https:\/\/umutmekanik.com\/wp-content\/uploads\/2021\/08\/bbbb.png 996w\" sizes=\"auto, (max-width: 450px) 100vw, 450px\" \/>[\/vc_column_text][\/vc_column][\/vc_row]<\/p>\n","protected":false},"excerpt":{"rendered":"<p>[vc_row css=&#8221;.vc_custom_1453202322416{margin-bottom: 20px !important;}&#8221;][vc_column][vc_custom_heading text=&#8221;\u0130zmir Oksijen Set Arabas\u0131 \u0130malat\u0131&#8221; use_theme_fonts=&#8221;yes&#8221; el_class=&#8221;title&#8221;][\/vc_column][\/vc_row][vc_row css=&#8221;.vc_custom_1453202352951{margin-bottom: 40px !important;}&#8221;][vc_column][vc_tta_tabs style=&#8221;anps-style-1&#8243; shape=&#8221;square&#8221; alignment=&#8221;center&#8221; active_section=&#8221;1&#8243;][vc_tta_section title=&#8221;Umut Mekanik&#8221; tab_id=&#8221;1453201107935-6d750df9-351b&#8221;][vc_column_text css=&#8221;.vc_custom_1628161514174{margin-bottom: 0px !important;}&#8221;]Tekerlekli sanayi oksijen tupu tasima el arabasi g\u00f6vdesi metal malzemeden \u00fcretilmi\u015ftir. Farkl\u0131 boyutlarda iste\u011fe ba\u011fl\u0131 2li,3l\u00fc,4l\u00fc vb..t\u00fcp &hellip;<\/p>\n","protected":false},"author":1,"featured_media":0,"parent":1436,"menu_order":0,"comment_status":"closed","ping_status":"closed","template":"","meta":{"footnotes":""},"class_list":["post-1313","page","type-page","status-publish","hentry"],"_links":{"self":[{"href":"https:\/\/umutmekanik.com\/index.php\/wp-json\/wp\/v2\/pages\/1313","targetHints":{"allow":["GET"]}}],"collection":[{"href":"https:\/\/umutmekanik.com\/index.php\/wp-json\/wp\/v2\/pages"}],"about":[{"href":"https:\/\/umutmekanik.com\/index.php\/wp-json\/wp\/v2\/types\/page"}],"author":[{"embeddable":true,"href":"https:\/\/umutmekanik.com\/index.php\/wp-json\/wp\/v2\/users\/1"}],"replies":[{"embeddable":true,"href":"https:\/\/umutmekanik.com\/index.php\/wp-json\/wp\/v2\/comments?post=1313"}],"version-history":[{"count":20,"href":"https:\/\/umutmekanik.com\/index.php\/wp-json\/wp\/v2\/pages\/1313\/revisions"}],"predecessor-version":[{"id":2642,"href":"https:\/\/umutmekanik.com\/index.php\/wp-json\/wp\/v2\/pages\/1313\/revisions\/2642"}],"up":[{"embeddable":true,"href":"https:\/\/umutmekanik.com\/index.php\/wp-json\/wp\/v2\/pages\/1436"}],"wp:attachment":[{"href":"https:\/\/umutmekanik.com\/index.php\/wp-json\/wp\/v2\/media?parent=1313"}],"curies":[{"name":"wp","href":"https:\/\/api.w.org\/{rel}","templated":true}]}}