{"id":1266,"date":"2016-01-18T16:11:20","date_gmt":"2016-01-18T16:11:20","guid":{"rendered":"http:\/\/anpsthemes.com\/construction\/?page_id=1266"},"modified":"2021-06-28T16:01:25","modified_gmt":"2021-06-28T13:01:25","slug":"blog","status":"publish","type":"page","link":"https:\/\/umutmekanik.com\/index.php\/blog\/","title":{"rendered":"Blog"},"content":{"rendered":"<p>[vc_row][vc_column]<div class='row anps-blog'><div class=\"col-md-12\">\n    <article id=\"post-1\" class=\"post-1 post type-post status-publish format-standard has-post-thumbnail hentry category-genel\">\n        <header class=\"entry-header\">\n            <img loading=\"lazy\" decoding=\"async\" width=\"450\" height=\"246\" src=\"https:\/\/umutmekanik.com\/wp-content\/uploads\/2021\/05\/Adsiz.png\" class=\"attachment-large size-large wp-post-image\" alt=\"\" srcset=\"https:\/\/umutmekanik.com\/wp-content\/uploads\/2021\/05\/Adsiz.png 450w, https:\/\/umutmekanik.com\/wp-content\/uploads\/2021\/05\/Adsiz-300x164.png 300w\" sizes=\"auto, (max-width: 450px) 100vw, 450px\" \/>            <a href=\"https:\/\/umutmekanik.com\/index.php\/2021\/05\/27\/celik-konstruksiyon-imalati\/\"><h3 class=\"post-title entry-title text-uppercase\">\u00c7elik Konstr\u00fcksiyon \u0130malat\u0131<\/h3><\/a>\n            <ul class='post-meta'><li>\n                <i class='fa fa-calendar'><\/i>\n                <time datetime='2021-05-27 12:48'>27 May\u0131s 2021<\/time>\n            <\/li><li>\n                <i class='fa fa-commenting-o'><\/i>\n                Yorum yap\u0131lmam\u0131\u015f\n            <\/li><\/ul>        <\/header>\n        <div class=\"post-content entry-content\">\n            <div class=\"post-desc clearfix\">\n                \r\n<p style=\"text-align: justify;\">\u00c7elik konstr\u00fcksiyon imalat\u0131, \u00e7e\u015fitli end\u00fcstriyel sekt\u00f6rlerde en \u00e7ok tercih edilen metaldir. \u0130malat sanayisinde, petrol ve gaz end\u00fcstrisinde, in\u015faat end\u00fcstrisinde, ambalaj end\u00fcstrisinde ve ula\u015f\u0131mda yayg\u0131n olarak kullan\u0131l\u0131r. G\u00fcn\u00fcm\u00fczde, end\u00fcstriyel i\u015fleyi\u015fin \u00e7elik konstr\u00fcksiyon imalat\u0131 olmadan hayal edilmesi zor. \u00c7elik konstr\u00fcksiyon imalat\u0131 kullan\u0131larak \u00e7ok say\u0131da ekipman imalat edilmektedir.<\/p>\r\n<p style=\"text-align: justify;\">\u00a0\u00c7elik konstr\u00fcksiyon imalat\u0131 \u00fcretimi, hammaddelerden t\u00fcretilen bile\u015fenleri birle\u015ftirerek, harmanlayarak, keserek ve de\u011fi\u015ftirerek yap\u0131 olu\u015fturma i\u015flemidir. G\u00fcn\u00fcm\u00fcz end\u00fcstrisinde g\u00fcvenlik taleplerini kar\u015f\u0131lamak \u00fczere bir\u00e7ok alanda \u00e7elik kullan\u0131lmaktad\u0131r. \u00c7elik konstr\u00fcksiyon imalat\u0131 sert ve a\u011f\u0131r y\u00fckleri destekleyebilmekte, onu havac\u0131l\u0131k, sa\u011fl\u0131k hizmetleri, end\u00fcstriyel alanlar ve daha fazlas\u0131 i\u00e7in \u00e7ok y\u00f6nl\u00fc bir malzeme haline getirmektedir. Umut Mekanik, projeniz i\u00e7in en g\u00fcvenli ve en uygun maliyetli \u00e7elik konstr\u00fcksiyon imalat\u0131 hizmeti alman\u0131za yard\u0131mc\u0131 olabilir.<\/p>\r\n<p style=\"text-align: justify;\">\u00a0Modern end\u00fcstri her zamankinden daha verimli ve d\u00fczenli hale geldi ve h\u0131zl\u0131 hareket eden end\u00fcstrimizin y\u00fcksek taleplerine ayak uydurmak ve en iyi de\u011feri sa\u011flamak i\u00e7in anahtar teslim hizmetler sa\u011flama konusunda uzmanla\u015fm\u0131\u015ft\u0131r. \u00d6rne\u011fin, \u00e7elik konstr\u00fcksiyon imalat\u0131 \u00fcretimi, uzmanlar\u0131n ba\u015ftan sona \u00e7ok \u00e7e\u015fitli hizmetler sunmalar\u0131n\u0131 gerektiren \u00e7ok y\u00f6nl\u00fc bir mesle\u011fe d\u00f6n\u00fc\u015fm\u00fc\u015ft\u00fcr.<\/p>\r\n<p style=\"text-align: justify;\">\u00a0<b><strong>\u00c7elik konstr\u00fcksiyon imalat\u0131<\/strong><\/b>\u00a0\u00fcretimi sadece ideal bir yap\u0131 olu\u015fturmak i\u00e7in gereken metalleri olu\u015fturmaktan daha fazlas\u0131d\u0131r- g\u00fcn\u00fcm\u00fcz projeleri i\u015fverenlerin \u00e7elik konstr\u00fcksiyon imalat\u0131 s\u00fcrecini tamamlamak i\u00e7in gereken tasar\u0131m, analiz ve kurulum hizmetlerini sunmalar\u0131n\u0131 beklemektedir.<\/p>\r\n<p style=\"text-align: justify;\">\u00a0<b><strong>\u00c7EL\u0130K KONSTR\u00dcKS\u0130YON MONTAJI\u00a0<\/strong><\/b><\/p>\r\n<p style=\"text-align: justify;\">\u00a0\u00c7elik konstr\u00fcksiyon montaj\u0131 her bir yap\u0131 i\u00e7in talep edilen ki\u015fiselle\u015ftirilmi\u015f sonu\u00e7lar\u0131 sunmak i\u00e7in \u00e7e\u015fitli \u00fcretim tekniklerine dayanarak karma\u015f\u0131k bir s\u00fcre\u00e7 haline geldi. \u00c7elik imalat m\u00fchendislerimiz tanklar i\u00e7in \u00e7elik merdivenlerden, metal i\u015flerine, tam yap\u0131 uygulamalar\u0131na ve daha fazlas\u0131na kadar her uygulama i\u00e7in en y\u00fcksek kaliteyi sunmak i\u00e7in buradalar.<\/p>\r\n<p style=\"text-align: justify;\">\u00a0Y\u0131llard\u0131r \u00e7elik konstr\u00fcksiyon imalat\u00e7\u0131lar\u0131m\u0131z her proje i\u00e7in ideal sonu\u00e7lar sunmak i\u00e7in \u00e7al\u0131\u015ft\u0131lar. \u00c7elik olu\u015fturma s\u00fcrecinin \u00f6tesinde ekibimiz, a\u015fa\u011f\u0131dakiler de dahil olmak \u00fczere ideal bir uyum i\u00e7in birka\u00e7 teknikle de\u011fi\u015ftirebilir:<\/p>\r\n<p style=\"text-align: justify;\">\u00a0<\/p>\r\n<ul>\r\n<li style=\"text-align: justify; text-indent: -18.0pt; mso-list: l0 level1 lfo1;\">Kumlama- Fabrikasyon i\u015flemi, metalin i\u00e7indeki yabanc\u0131 maddeleri temizlemek i\u00e7in k\u00fc\u00e7\u00fck \u00e7elik boncuklara dayanan bu protokole dayan\u0131r. Kumlama, y\u00fczeyleri temizledi\u011fi ve kaynak, boyama ve di\u011fer hizmetler i\u00e7in haz\u0131rlad\u0131\u011f\u0131 i\u00e7in yararl\u0131d\u0131r.<\/li>\r\n<li style=\"text-align: justify; text-indent: -18.0pt; mso-list: l0 level1 lfo1;\">Kesme- \u0130malattan \u00f6nce \u00e7eli\u011fin boyutuna g\u00f6re kesilmesinden olu\u015fan \u00e7elik kesimler, i\u015flemi daha verimli hale getirmek i\u00e7in \u00e7e\u015fitli tekniklerle tamamlan\u0131r.<\/li>\r\n<li style=\"text-align: justify; text-indent: -18.0pt; mso-list: l0 level1 lfo1;\">B\u00fckme- Modern \u00c7elik konstr\u00fcksiyon tasar\u0131m\u0131 geli\u015fmi\u015f e\u011frilere dayan\u0131r ve mimari m\u00fchendisli\u011fin \u015fa\u015f\u0131rt\u0131c\u0131 \u00f6zelliklerini ger\u00e7ekle\u015ftirmek i\u00e7in e\u011filir ve bu da \u00fcreticilerin metali gerekti\u011fi gibi b\u00fckmesini zorunlu k\u0131lar.<\/li>\r\n<li style=\"text-align: justify; text-indent: -18.0pt; mso-list: l0 level1 lfo1;\">Kaplama- \u00c7elik konstr\u00fcksiyon malzemenin kaplanmas\u0131, korozyon gibi sorunlardan korunmas\u0131na yard\u0131mc\u0131 olur. \u0130n\u015faat\u00e7\u0131lar, imalat s\u00fcrecinde \u00e7eli\u011fin rengini veya koruyucu \u00f6zelliklerini de\u011fi\u015ftirebilir.<\/li>\r\n<\/ul>\r\n<p style=\"text-align: justify;\">\u00a0<\/p>\r\n<p style=\"text-align: justify;\">Umut Mekanik olarak, g\u00fcvenilir \u00e7elik konstr\u00fcksiyon imalat \u015firketiniz olmaktan gurur duyuyor ve yer ald\u0131\u011f\u0131m\u0131z her projenin modern taleplerini anl\u0131yoruz.<\/p>\r\n            <\/div>\n            <a href=\"https:\/\/umutmekanik.com\/index.php\/2021\/05\/27\/celik-konstruksiyon-imalati\/\" class=\"btn btn-md btn-gradient btn-shadow\">Detay<\/a>\n        <\/div>\n    <\/article>\n<\/div>\n<div class=\"col-md-12\">\n    <article id=\"post-1241\" class=\"post-1241 post type-post status-publish format-standard has-post-thumbnail hentry category-genel tag-beautiful tag-eco tag-green\">\n        <header class=\"entry-header\">\n            <img loading=\"lazy\" decoding=\"async\" width=\"450\" height=\"246\" src=\"https:\/\/umutmekanik.com\/wp-content\/uploads\/2016\/01\/unnamed-2-359x283-1.jpg\" class=\"attachment-large size-large wp-post-image\" alt=\"\" srcset=\"https:\/\/umutmekanik.com\/wp-content\/uploads\/2016\/01\/unnamed-2-359x283-1.jpg 450w, https:\/\/umutmekanik.com\/wp-content\/uploads\/2016\/01\/unnamed-2-359x283-1-300x164.jpg 300w\" sizes=\"auto, (max-width: 450px) 100vw, 450px\" \/>            <a href=\"https:\/\/umutmekanik.com\/index.php\/2016\/01\/18\/asinma-plakasi-nedir-nerelerde-kullanilir\/\"><h3 class=\"post-title entry-title text-uppercase\">A\u015f\u0131nma Plakas\u0131 Nedir? Nerelerde Kullan\u0131l\u0131r?<\/h3><\/a>\n            <ul class='post-meta'><li>\n                <i class='fa fa-calendar'><\/i>\n                <time datetime='2016-01-18 02:43'>18 Ocak 2016<\/time>\n            <\/li><li>\n                <i class='fa fa-commenting-o'><\/i>\n                Yorum yap\u0131lmam\u0131\u015f\n            <\/li><\/ul>        <\/header>\n        <div class=\"post-content entry-content\">\n            <div class=\"post-desc clearfix\">\n                <p>A\u015f\u0131nma plakas\u0131 farkl\u0131 t\u00fcrdeki ana malzemeler \u00fczerine sert dolgu kayna\u011f\u0131 kaplanarak imal edilen a\u015f\u0131nmaya dayan\u0131kl\u0131 kompozit \u00e7elik plakalard\u0131r. Sert dolgu kaplamas\u0131nda kullan\u0131lan ala\u015f\u0131m a\u015f\u0131nma tipine g\u00f6re krom\u00a0 \u2013 niobyum \u2013 tungsten \u2013 vanadyum \u2013 kompleks karb\u00fcr vb. yap\u0131lar i\u00e7ermektedir.<\/p>\n<p><span id=\"more-8235\"><\/span>A\u015f\u0131nma plakalar\u0131 standart y\u00f6ntemlerle \u00fcretildi\u011fi gibi Tubitak AR-GE Projesi olan \u201cAdd-In\u201d \u00fcretim y\u00f6ntemi ile de \u00fcretilir edilir. Bu y\u00f6ntem ile \u00fcretilen a\u015f\u0131nma plakalar\u0131n\u0131n kaynak operasyonlar\u0131 d\u00fc\u015f\u00fck \u0131s\u0131 girdisi ile yap\u0131lmakta ve dil\u00fcsyon oran\u0131 minimize edilerek ala\u015f\u0131m elementlerinin seyrelme oran\u0131 minimumda tutulmaktad\u0131r. Bu y\u00f6ntemle imal edilen a\u015f\u0131nma plakalar\u0131 konvansiyonel y\u00f6ntemlere g\u00f6re daha y\u00fcksek sertlik ve y\u00fcksek oranda primer karb\u00fcr olu\u015fumunu sa\u011flayarak, daha saf bir mikro yap\u0131 ile a\u015f\u0131nma \u00f6mr\u00fcn\u00fc maksimum seviyeye \u00e7\u0131karmaktad\u0131r.<\/p>\n<p>A\u015f\u0131nma plakas\u0131, a\u015f\u0131nma olan yerlerde alternatif olarak g\u00f6r\u00fclebilecek temperlenmi\u015f \u00e7elikler, \u00e7elik d\u00f6k\u00fcmler, poli\u00fcretan malzemeler ve Cr-Ni \u00e7eliklerinin a\u015f\u0131nma direnci \/ maliyet oranlar\u0131 g\u00f6z \u00f6n\u00fcnde bulunduruldu\u011funda kullan\u0131c\u0131ya hem a\u015f\u0131nma direnci hem de maliyet kriterlerinde optimum a\u015f\u0131nma direncini sunmaktad\u0131r.<\/p>\n<h4><strong>\u00c7imento, Beton ve M\u0131c\u0131r-Ta\u015f K\u0131rma Tesisleri;<\/strong><\/h4>\n<p>Ak\u0131\u015f \u015futlar\u0131, bunkerler, separat\u00f6rler, konkas\u00f6r rotoru, yan a\u015f\u0131nma plakalar\u0131. Klinker silosu, stokhol aras\u0131 bant k\u00f6pr\u00fcleri, stokhol se\u00e7im ve besleme d\u00f6k\u00fc\u015f oluklar\u0131, koval\u0131 bant alt d\u00f6k\u00fc\u015f oluklar\u0131, kapal\u0131 stokhol besleme d\u00f6k\u00fc\u015f oluklar\u0131. Roller pres y\u00f6nlendirme plakalar\u0131, klinker y\u00fckleme tesisi, k\u00f6r\u00fck ve borular\u0131, de\u011firmen \u00e7\u0131k\u0131\u015f dirsek ve borular\u0131. \u00c7imento de\u011firmeni i\u00e7 koni\u011fi, statik separat\u00f6r i\u00e7 koni\u011fi, separat\u00f6r basma hatlar\u0131 ve siklonlar\u0131, kompansat\u00f6r ara borular\u0131. Katk\u0131 de\u011firmeni separat\u00f6r i\u00e7 konikleri, k\u00f6m\u00fcr de\u011firmeni \u00e7\u0131k\u0131\u015f bo\u011fazlar\u0131, horomil separat\u00f6r a\u015f\u0131nma plakalar\u0131, trommel filtre emi\u015f borular\u0131, farin de\u011firmeni tandem k\u0131r\u0131c\u0131lar\u0131, fan kanatlar\u0131.<\/p>\n<h4><strong>K\u00f6m\u00fcr, Alt\u0131n, Bak\u0131r, Krom, Kolomanit, Bor, Feldspat, Manyezit Tesisleri;<\/strong><\/h4>\n<p>\u0130\u015f makinas\u0131 ve dragline kep\u00e7e kovalar\u0131 ve bagerlerde, lavar tumba ve ak\u0131\u015f yollar\u0131, fan kanatlar\u0131, helezonlar, s\u0131y\u0131r\u0131c\u0131lar.\u00a0 Cevher ak\u0131\u015f bo\u011fazlar\u0131, SMD tabanlar\u0131, HP500 g\u00f6vde astarlar\u0131. Besleyicilerin taban, g\u00f6vde ve yan a\u015f\u0131nma plakalar\u0131, k\u0131r\u0131c\u0131 \u00e7arpma ve yan a\u015f\u0131nma plakalar\u0131, sekonder k\u0131r\u0131c\u0131 g\u00f6vdeleri.\u00a0 C\u00fcruf silosu alt bo\u011fazlar\u0131, final konsantre tesisi konik k\u0131r\u0131c\u0131 g\u00f6vde yan z\u0131rhlar\u0131, seperat\u00f6r fanlar\u0131, bilyal\u0131 de\u011firmen haval\u0131 separ\u00f6r kanatlar\u0131, sevk borular\u0131 ve ta\u015f\u0131ma d\u00f6k\u00fc\u015f oluklar\u0131 ve \u015futlar\u0131.<\/p>\n<h4><strong>Demir \u00c7elik Fabrikalar\u0131;<\/strong><\/h4>\n<p>\u0130\u015f makinalar\u0131 ve ahtapot g\u00f6vdeleri, sinter elekleri, booster fanlar, reclaimer stacker y\u00fckleyici kovalar\u0131. Kok k\u0131rma tesisi ak\u0131\u015f oluklar\u0131 ve \u015futlar\u0131, kok elekleri, sevk yollar\u0131 ve borular\u0131, descaling alt plakalar\u0131, salyangoz g\u00f6vdeleri. Haddehane yan duvar plakalar\u0131, hadde tezgah alt\u0131 a\u015f\u0131nma plakalar\u0131, c\u00fcruf tekneleri.<\/p>\n<h4><strong>Termik Santraller;<\/strong><\/h4>\n<p>Termik santral de\u011firmen kapaklar\u0131 ve \u00e7arpma kanatlar\u0131, k\u00fcl sevk borular\u0131, fan kanatlar\u0131, k\u00f6m\u00fcr sevk yollar\u0131 ve bunkerleri.<\/p>\n<p>A\u015f\u0131nma plakalar\u0131<strong>\u00a0\u00a0<\/strong>kumlama makinalar\u0131nda, cam, seramik, ka\u011f\u0131t, sunta<strong>\u2013<\/strong>mdf ve a\u015f\u0131nman\u0131n oldu\u011fu t\u00fcm di\u011fer sekt\u00f6rlerde de kullan\u0131lmaktad\u0131r.<\/p>\n            <\/div>\n            <a href=\"https:\/\/umutmekanik.com\/index.php\/2016\/01\/18\/asinma-plakasi-nedir-nerelerde-kullanilir\/\" class=\"btn btn-md btn-gradient btn-shadow\">Detay<\/a>\n        <\/div>\n    <\/article>\n<\/div>\n<div class=\"col-md-12\">\n    <article id=\"post-1184\" class=\"post-1184 post type-post status-publish format-standard has-post-thumbnail hentry category-genel\">\n        <header class=\"entry-header\">\n            <img loading=\"lazy\" decoding=\"async\" width=\"450\" height=\"246\" src=\"https:\/\/umutmekanik.com\/wp-content\/uploads\/2016\/01\/slide-img6-359x283-1.jpg\" class=\"attachment-large size-large wp-post-image\" alt=\"\" srcset=\"https:\/\/umutmekanik.com\/wp-content\/uploads\/2016\/01\/slide-img6-359x283-1.jpg 450w, https:\/\/umutmekanik.com\/wp-content\/uploads\/2016\/01\/slide-img6-359x283-1-300x164.jpg 300w\" sizes=\"auto, (max-width: 450px) 100vw, 450px\" \/>            <a href=\"https:\/\/umutmekanik.com\/index.php\/2016\/01\/07\/talasli-imalat-nedir\/\"><h3 class=\"post-title entry-title text-uppercase\">Tala\u015fl\u0131 \u0130malat Nedir?<\/h3><\/a>\n            <ul class='post-meta'><li>\n                <i class='fa fa-calendar'><\/i>\n                <time datetime='2016-01-07 03:09'>7 Ocak 2016<\/time>\n            <\/li><li>\n                <i class='fa fa-commenting-o'><\/i>\n                Yorum yap\u0131lmam\u0131\u015f\n            <\/li><\/ul>        <\/header>\n        <div class=\"post-content entry-content\">\n            <div class=\"post-desc clearfix\">\n                <p>Tala\u015fl\u0131 imalat (\u00fcretim) ; tasarlanm\u0131\u015f bir i\u015f par\u00e7as\u0131n\u0131n standartlara uygun olarak projelendirilmi\u015f teknik resmi referans al\u0131narak, par\u00e7a \u00fczerinden farkl\u0131 \u015fekil ve b\u00fcy\u00fckl\u00fcklerde tala\u015f kald\u0131r\u0131larak istenilen geometrik \u015fekli verme i\u015flemidir. Bu \u015fekil verme i\u015flemi, uygun tak\u0131m ve tezgahlar arac\u0131l\u0131\u011f\u0131yla yap\u0131lmal\u0131d\u0131r. Tala\u015fl\u0131 imalatta kullan\u0131lan tak\u0131mlar\u0131n ve(ya) i\u015f par\u00e7as\u0131n\u0131n birbirine g\u00f6re izafi hareketi sa\u011flanarak, olu\u015fturulan gerilim yoluyla malzeme \u00fczerinden tala\u015f kald\u0131rmak suretiyle yap\u0131lan bu \u00fcretim \u015feklinin farkl\u0131 \u00e7e\u015fitleri bulunmaktad\u0131r.<\/p>\n<p><strong>Tornalama<\/strong><\/p>\n<p>\u0130\u015f par\u00e7as\u0131 ayna \u00a0(i\u015f par\u00e7as\u0131n\u0131n torna tezgah\u0131nda ba\u011fland\u0131\u011f\u0131 hareketli par\u00e7a) ekseninde d\u00f6nerken sabit kesici tak\u0131mlar\u0131n ilerleme ve paso verme \u015feklinde olan izafi (g\u00f6receli) hareket yapmas\u0131 esnas\u0131nda tala\u015f kald\u0131r\u0131larak i\u015f par\u00e7as\u0131n\u0131n istenilen geometriye getirilmesine (istenilen \u015feklin verilmesine) tornalama i\u015flemi denilmektedir.<\/p>\n<p>Torna tezgahlar\u0131nda dairesel formlu par\u00e7alar, yaylar, vida ve civatalar \u00fcretilebilir, delik delinebilir. Sanayide yayg\u0131n ve etkin bir \u015fekilde kullan\u0131lan torna tezgahlar\u0131 eskiden ciddi ustal\u0131k ve i\u015f g\u00fcc\u00fc isterken, geli\u015fen teknoloji ile beraber CNC torna tezgahlar\u0131nda \u00fcretim yapmak \u00e7ok kolayla\u015fm\u0131\u015ft\u0131r. \u00dcniversal torna tezgahlar\u0131nda (ilerleme, paso ve ayna ekseni X-Z-C olmak \u00fczere) 3 eksen bulunmakta iken CNC torna tezgahlar\u0131nda eksen say\u0131s\u0131 7\u2019ye kadar \u00e7\u0131km\u0131\u015ft\u0131r. Bu da operasyon kolayl\u0131\u011f\u0131n\u0131n yan\u0131nda daha hassas imalat ve \u00fcretim s\u00fcresinin k\u0131salmas\u0131 gibi maliyet avantajlar\u0131 do\u011furmu\u015ftur.<\/p>\n<p><strong>Frezeleme\u00a0<\/strong><\/p>\n<p>Frezeleme i\u015flemi de tornalama i\u015flemine benzemekle birlikte burada \u00f6nemli bir fark bulunmaktad\u0131r. \u015e\u00f6yle ki: Tornalama i\u015fleminde i\u015f par\u00e7as\u0131 d\u00f6nme hareketi yaparken tak\u0131m sabit kal\u0131yordu yani d\u00f6nme hareketi yapm\u0131yordu. Frezelemede ise i\u015f par\u00e7as\u0131 sabit kal\u0131rken tak\u0131mlar d\u00f6nme hareketi yaparak tala\u015f kald\u0131rmaktad\u0131r. Bu sayede torna tezgahlar\u0131nda elde edemedi\u011fimiz geometrileri (kanal a\u00e7ma gibi) frezeleme teknolojisi sayesinde elde edebiliyoruz.<\/p>\n<div class=\"entry-essentials\">\n<div class=\"entry-content g1-typography-xl\">\n<p>Bunlar\u0131n d\u0131\u015f\u0131nda tala\u015fl\u0131 imalat (\u00fcretim) y\u00f6ntemi olarak\u00a0delik delme,\u00a0bro\u015flama,\u00a0raybalama,\u00a0vargel ve planyalama,\u00a0ta\u015flama,\u00a0honlama,\u00a0lepleme\u00a0, polisac v.s. say\u0131labilir. En temel y\u00f6ntemler frezeleme ve tornalama oldu\u011fu i\u00e7in sadece onlardan bahsettik. Umar\u0131m faydal\u0131 olmu\u015ftur\u2026<\/p>\n<div class=\"essb_break_scroll\"><\/div>\n<\/div>\n<\/div>\n<div class=\"entry-actions\">\n<aside class=\"mashsb-container mashsb-side \">\n<div class=\"mashsb-box\">\n<div class=\"mashsb-count\"><\/div>\n<\/div>\n<\/aside>\n<\/div>\n            <\/div>\n            <a href=\"https:\/\/umutmekanik.com\/index.php\/2016\/01\/07\/talasli-imalat-nedir\/\" class=\"btn btn-md btn-gradient btn-shadow\">Detay<\/a>\n        <\/div>\n    <\/article>\n<\/div>\n<\/div>[\/vc_column][\/vc_row][vc_row][vc_column][vc_column_text]<\/p>\n<div id=\"attachment_2547\" style=\"width: 990px\" class=\"wp-caption aligncenter\"><img loading=\"lazy\" decoding=\"async\" aria-describedby=\"caption-attachment-2547\" class=\"wp-image-2547 size-large\" src=\"http:\/\/www.umutmekanik.com\/wp-content\/uploads\/2021\/06\/2c8df4f6-4493-4edb-ae80-5789f1c195ee-1024x498.jpg\" alt=\"\u0130zmir \u00e7elik konstr\u00fcksiyon , \u00c7elik \u0130\u015fleri , \u00c7elik Yap\u0131lar , Metal Yap\u0131lar, izmir \u00e7elik , izmir\u00e7elik , demir i\u015fleri , \u00e7elik \u00e7at\u0131 \u0130zmir, Yap\u0131sal \u00c7elik izmir ,\" width=\"980\" height=\"477\" srcset=\"https:\/\/umutmekanik.com\/wp-content\/uploads\/2021\/06\/2c8df4f6-4493-4edb-ae80-5789f1c195ee-1024x498.jpg 1024w, https:\/\/umutmekanik.com\/wp-content\/uploads\/2021\/06\/2c8df4f6-4493-4edb-ae80-5789f1c195ee-300x146.jpg 300w, https:\/\/umutmekanik.com\/wp-content\/uploads\/2021\/06\/2c8df4f6-4493-4edb-ae80-5789f1c195ee-768x373.jpg 768w, https:\/\/umutmekanik.com\/wp-content\/uploads\/2021\/06\/2c8df4f6-4493-4edb-ae80-5789f1c195ee-1536x747.jpg 1536w, https:\/\/umutmekanik.com\/wp-content\/uploads\/2021\/06\/2c8df4f6-4493-4edb-ae80-5789f1c195ee-600x292.jpg 600w, https:\/\/umutmekanik.com\/wp-content\/uploads\/2021\/06\/2c8df4f6-4493-4edb-ae80-5789f1c195ee.jpg 2016w\" sizes=\"auto, (max-width: 980px) 100vw, 980px\" \/><p id=\"caption-attachment-2547\" class=\"wp-caption-text\">izmir \u00e7elik konstr\u00fcksiyon imalat\u0131, \u00e7elik konstr\u00fcksiyon imalat\u0131 izmir, izmir damper polimer kaplama, izmir i\u015f makinesi ata\u015fman imalat\u0131<\/p><\/div>\n<p>[\/vc_column_text][\/vc_column][\/vc_row]<\/p>\n","protected":false},"excerpt":{"rendered":"<p>[vc_row][vc_column][\/vc_column][\/vc_row][vc_row][vc_column][vc_column_text] [\/vc_column_text][\/vc_column][\/vc_row]<\/p>\n","protected":false},"author":1,"featured_media":0,"parent":0,"menu_order":0,"comment_status":"closed","ping_status":"closed","template":"","meta":{"footnotes":""},"class_list":["post-1266","page","type-page","status-publish","hentry"],"_links":{"self":[{"href":"https:\/\/umutmekanik.com\/index.php\/wp-json\/wp\/v2\/pages\/1266","targetHints":{"allow":["GET"]}}],"collection":[{"href":"https:\/\/umutmekanik.com\/index.php\/wp-json\/wp\/v2\/pages"}],"about":[{"href":"https:\/\/umutmekanik.com\/index.php\/wp-json\/wp\/v2\/types\/page"}],"author":[{"embeddable":true,"href":"https:\/\/umutmekanik.com\/index.php\/wp-json\/wp\/v2\/users\/1"}],"replies":[{"embeddable":true,"href":"https:\/\/umutmekanik.com\/index.php\/wp-json\/wp\/v2\/comments?post=1266"}],"version-history":[{"count":3,"href":"https:\/\/umutmekanik.com\/index.php\/wp-json\/wp\/v2\/pages\/1266\/revisions"}],"predecessor-version":[{"id":2582,"href":"https:\/\/umutmekanik.com\/index.php\/wp-json\/wp\/v2\/pages\/1266\/revisions\/2582"}],"wp:attachment":[{"href":"https:\/\/umutmekanik.com\/index.php\/wp-json\/wp\/v2\/media?parent=1266"}],"curies":[{"name":"wp","href":"https:\/\/api.w.org\/{rel}","templated":true}]}}